{"id":25849,"date":"2023-06-19T14:03:18","date_gmt":"2023-06-19T12:03:18","guid":{"rendered":"https:\/\/beta.fidealis.com\/legal-disclaimer\/"},"modified":"2026-04-19T12:09:55","modified_gmt":"2026-04-19T10:09:55","slug":"legal-disclaimer","status":"publish","type":"page","link":"https:\/\/www.fidealis.com\/en\/legal-disclaimer\/","title":{"rendered":"Legal disclaimer"},"content":{"rendered":"\t\t<div data-elementor-type=\"wp-page\" data-elementor-id=\"25849\" class=\"elementor elementor-25849 elementor-20003\" data-elementor-settings=\"{&quot;ha_cmc_init_switcher&quot;:&quot;no&quot;}\" data-elementor-post-type=\"page\">\n\t\t\t\t\t\t<section class=\"elementor-section elementor-top-section elementor-element elementor-element-1a62bf61 elementor-section-height-min-height elementor-section-boxed elementor-section-height-default elementor-section-items-middle\" data-id=\"1a62bf61\" data-element_type=\"section\" data-e-type=\"section\" data-settings=\"{&quot;background_background&quot;:&quot;classic&quot;,&quot;_ha_eqh_enable&quot;:false}\">\n\t\t\t\t\t\t\t<div class=\"elementor-background-overlay\"><\/div>\n\t\t\t\t\t\t\t<div class=\"elementor-container elementor-column-gap-default\">\n\t\t\t\t\t<div class=\"elementor-column elementor-col-100 elementor-top-column elementor-element elementor-element-768b07f0\" data-id=\"768b07f0\" data-element_type=\"column\" data-e-type=\"column\" data-settings=\"{&quot;background_background&quot;:&quot;classic&quot;}\">\n\t\t\t<div class=\"elementor-widget-wrap elementor-element-populated\">\n\t\t\t\t\t\t<div class=\"elementor-element elementor-element-2a6f8d5b elementor-widget elementor-widget-theme-post-title elementor-page-title elementor-widget-heading\" data-id=\"2a6f8d5b\" data-element_type=\"widget\" data-e-type=\"widget\" data-widget_type=\"theme-post-title.default\">\n\t\t\t\t<div class=\"elementor-widget-container\">\n\t\t\t\t\t<h1 class=\"elementor-heading-title elementor-size-default\">Legal disclaimer<\/h1>\t\t\t\t<\/div>\n\t\t\t\t<\/div>\n\t\t\t\t\t<\/div>\n\t\t<\/div>\n\t\t\t\t\t<\/div>\n\t\t<\/section>\n\t\t\t\t<section class=\"elementor-section elementor-top-section elementor-element elementor-element-5303aab7 elementor-section-full_width elementor-section-height-default elementor-section-height-default\" data-id=\"5303aab7\" data-element_type=\"section\" data-e-type=\"section\" data-settings=\"{&quot;_ha_eqh_enable&quot;:false}\">\n\t\t\t\t\t\t<div class=\"elementor-container elementor-column-gap-default\">\n\t\t\t\t\t<div class=\"elementor-column elementor-col-100 elementor-top-column elementor-element elementor-element-2214e3fc\" data-id=\"2214e3fc\" data-element_type=\"column\" data-e-type=\"column\" data-settings=\"{&quot;background_background&quot;:&quot;classic&quot;}\">\n\t\t\t<div class=\"elementor-widget-wrap elementor-element-populated\">\n\t\t\t\t\t\t<section class=\"elementor-section elementor-top-section elementor-element elementor-element-6e66e2c7 elementor-section-content-middle elementor-section-boxed elementor-section-height-default elementor-section-height-default\" data-id=\"6e66e2c7\" data-element_type=\"section\" data-e-type=\"section\" data-settings=\"{&quot;_ha_eqh_enable&quot;:false}\">\n\t\t\t\t\t\t<div class=\"elementor-container elementor-column-gap-default\">\n\t\t\t\t\t<div class=\"elementor-column elementor-col-50 elementor-top-column elementor-element elementor-element-2d264308\" data-id=\"2d264308\" data-element_type=\"column\" data-e-type=\"column\">\n\t\t\t<div class=\"elementor-widget-wrap elementor-element-populated\">\n\t\t\t\t\t\t<div class=\"elementor-element elementor-element-2f1c48fe elementor-widget__width-auto elementor-widget elementor-widget-global elementor-global-34012 elementor-global-33696 elementor-widget-heading\" data-id=\"2f1c48fe\" data-element_type=\"widget\" data-e-type=\"widget\" data-widget_type=\"heading.default\">\n\t\t\t\t<div class=\"elementor-widget-container\">\n\t\t\t\t\t<h4 class=\"elementor-heading-title elementor-size-default\">Registration from 99\u20ac<\/h4>\t\t\t\t<\/div>\n\t\t\t\t<\/div>\n\t\t\t\t<div class=\"elementor-element elementor-element-2757ee64 elementor-widget__width-auto elementor-widget-tablet__width-initial elementor-widget elementor-widget-heading\" data-id=\"2757ee64\" data-element_type=\"widget\" data-e-type=\"widget\" data-widget_type=\"heading.default\">\n\t\t\t\t<div class=\"elementor-widget-container\">\n\t\t\t\t\t<p class=\"elementor-heading-title elementor-size-default\">Intellectual property protection solution<\/p>\t\t\t\t<\/div>\n\t\t\t\t<\/div>\n\t\t\t\t\t<\/div>\n\t\t<\/div>\n\t\t\t\t<div class=\"elementor-column elementor-col-50 elementor-top-column elementor-element elementor-element-acd01d\" data-id=\"acd01d\" data-element_type=\"column\" data-e-type=\"column\">\n\t\t\t<div class=\"elementor-widget-wrap elementor-element-populated\">\n\t\t\t\t\t\t<div class=\"elementor-element elementor-element-2a414d7f elementor-align-center elementor-widget elementor-widget-global elementor-global-32814 elementor-global-32682 elementor-widget-button\" data-id=\"2a414d7f\" data-element_type=\"widget\" data-e-type=\"widget\" data-settings=\"{&quot;_animation&quot;:&quot;none&quot;,&quot;_animation_delay&quot;:2700}\" data-widget_type=\"button.default\">\n\t\t\t\t<div class=\"elementor-widget-container\">\n\t\t\t\t\t\t\t\t\t<div class=\"elementor-button-wrapper\">\n\t\t\t\t\t<a class=\"elementor-button elementor-button-link elementor-size-md\" href=\"https:\/\/www.fidealis.com\/en\/subscribe\/\">\n\t\t\t\t\t\t<span class=\"elementor-button-content-wrapper\">\n\t\t\t\t\t\t<span class=\"elementor-button-icon\">\n\t\t\t\t<svg aria-hidden=\"true\" class=\"e-font-icon-svg e-fas-balance-scale\" viewBox=\"0 0 640 512\" xmlns=\"http:\/\/www.w3.org\/2000\/svg\"><path d=\"M256 336h-.02c0-16.18 1.34-8.73-85.05-181.51-17.65-35.29-68.19-35.36-85.87 0C-2.06 328.75.02 320.33.02 336H0c0 44.18 57.31 80 128 80s128-35.82 128-80zM128 176l72 144H56l72-144zm511.98 160c0-16.18 1.34-8.73-85.05-181.51-17.65-35.29-68.19-35.36-85.87 0-87.12 174.26-85.04 165.84-85.04 181.51H384c0 44.18 57.31 80 128 80s128-35.82 128-80h-.02zM440 320l72-144 72 144H440zm88 128H352V153.25c23.51-10.29 41.16-31.48 46.39-57.25H528c8.84 0 16-7.16 16-16V48c0-8.84-7.16-16-16-16H383.64C369.04 12.68 346.09 0 320 0s-49.04 12.68-63.64 32H112c-8.84 0-16 7.16-16 16v32c0 8.84 7.16 16 16 16h129.61c5.23 25.76 22.87 46.96 46.39 57.25V448H112c-8.84 0-16 7.16-16 16v32c0 8.84 7.16 16 16 16h416c8.84 0 16-7.16 16-16v-32c0-8.84-7.16-16-16-16z\"><\/path><\/svg>\t\t\t<\/span>\n\t\t\t\t\t\t\t\t\t<span class=\"elementor-button-text\">DEPOSIT NOW<\/span>\n\t\t\t\t\t<\/span>\n\t\t\t\t\t<\/a>\n\t\t\t\t<\/div>\n\t\t\t\t\t\t\t\t<\/div>\n\t\t\t\t<\/div>\n\t\t\t\t\t<\/div>\n\t\t<\/div>\n\t\t\t\t\t<\/div>\n\t\t<\/section>\n\t\t\t\t\t<\/div>\n\t\t<\/div>\n\t\t\t\t\t<\/div>\n\t\t<\/section>\n\t\t\t\t<section class=\"elementor-section elementor-top-section elementor-element elementor-element-ef56967 elementor-section-boxed elementor-section-height-default elementor-section-height-default\" data-id=\"ef56967\" data-element_type=\"section\" data-e-type=\"section\" data-settings=\"{&quot;_ha_eqh_enable&quot;:false}\">\n\t\t\t\t\t\t<div class=\"elementor-container elementor-column-gap-default\">\n\t\t\t\t\t<div class=\"elementor-column elementor-col-100 elementor-top-column elementor-element elementor-element-362e9c7\" data-id=\"362e9c7\" data-element_type=\"column\" data-e-type=\"column\">\n\t\t\t<div class=\"elementor-widget-wrap elementor-element-populated\">\n\t\t\t\t\t\t<div class=\"elementor-element elementor-element-7f658cf elementor-widget elementor-widget-text-editor\" data-id=\"7f658cf\" data-element_type=\"widget\" data-e-type=\"widget\" data-widget_type=\"text-editor.default\">\n\t\t\t\t<div class=\"elementor-widget-container\">\n\t\t\t\t\t\t\t\t\t<p>The <strong>Fidealis legal notice<\/strong> complies with the provisions of Articles 6-III and 19 of Law No. 2004-575 of June 21, 2004 for Confidence in the Digital Economy.<br>The fidealis.com website can be accessed at the following address: www.fidealis.com (hereinafter &#8220;the Site&#8221;). Access to and use of the Site are subject to the present &#8220;Legal Notice&#8221; detailed below, as well as to all applicable laws and\/or regulations.<br>Connection, use and access to this Site imply the Internet user&#8217;s full and unreserved acceptance of all the provisions of the present Legal Notice. <\/p><h2><strong>ARTICLE 1 &#8211; Fidealis legal information<\/strong><\/h2><p>Under Article 6 of Law No. 2004-575 of 21 June 2004 for confidence in the digital economy, this article specifies the identity of the various parties involved in its implementation and monitoring.<\/p><p>The www.fidealis.com website is published by:<br>&#8211; FIDEALIS SAS<br>&#8211; Head office: 320 rue Saint HONORE 75001 PARIS<br>&#8211; Registration: RCS PARIS 439177144.<br>&#8211; E-mail address: contact@fidealis.com<\/p><p>The Www.fidealis.com website is hosted by : OVH<br>whose head office is located at the following address: 2 rue Kellermann 59100 Roubaix<br>Telephone: +33 (0)3 20 830 866<\/p><p>Users are all Internet users who browse, read, view and use the fidealis.com site<\/p><h2>ARTICLE 2 &#8211; ACCESSIBILITY<\/h2><p>In principle, the Site is accessible to users 24 hours a day, 7 days a week, except in the event of interruption, whether scheduled or not, for maintenance purposes or in the event of force majeure.<br>In the event of inability to access the Site, the latter undertakes to do its utmost to restore access. The Site shall not be held liable for any damage, of any kind whatsoever, resulting from its unavailability.<\/p><h2>ARTICLE 3 &#8211; DATA COLLECTION AND DATA PROTECTION LAW<\/h2><p>The fidealis.com site complies with the provisions of Law 78-17 of 6 January 1978 relating to data processing, files and freedoms. By virtue of this, the user has the right to object (Articles 32 and 38), to access (Articles 38 and 39) and to rectify (Article 40) of the data concerning him.<br>To make use of it, the User must contact the Publisher at the following address: contact@fidealis.com, or by mail addressed to the Publisher&#8217;s address, specifying his surname, first name(s), address and e-mail address(es).<\/p><h2>ARTICLE 4 &#8211; COOKIE POLICY<\/h2><p>The Www.fidealis.com site may use &#8220;cookies&#8221; to process statistics and traffic information, facilitate navigation and improve the service for the User&#8217;s convenience.<br>In accordance with European legislation, the fidealis.com site has updated its privacy policy with regard to cookies. The user is free to accept or reject cookies from all websites by modifying the settings in their web browser.<\/p><h2>ARTICLE 5 &#8211; APPLICABLE LAW AND JURISDICTION<\/h2><p>These Legal Notices are governed by French law. In the event of a dispute and in the absence of an amicable agreement, the dispute will be brought before the French courts in accordance with the rules of the applicable jurisdiction.<\/p><h2>ARTICLE 6 &#8211; CONTACT<\/h2><p>For any report of illegal content or activities, the user may contact the publisher at the following address: webmaster@fidealis.com, or by registered post with acknowledgement due, sent to the publisher at the address specified in this legal notice.<\/p><p>The website www.fidealis.com hope you enjoy exploring our website!<\/p>\t\t\t\t\t\t\t\t<\/div>\n\t\t\t\t<\/div>\n\t\t\t\t<div class=\"elementor-element elementor-element-6b11989 elementor-widget elementor-widget-text-editor\" data-id=\"6b11989\" data-element_type=\"widget\" data-e-type=\"widget\" data-widget_type=\"text-editor.default\">\n\t\t\t\t<div class=\"elementor-widget-container\">\n\t\t\t\t\t\t\t\t\t<p> <\/p><p>Back to<a href=\"https:\/\/www.fidealis.com\/en\/\" target=\"_blank\" rel=\"noopener noreferrer\">Fidealis home page<\/a>.<\/p><p>Visit the <a href=\"https:\/\/www.cnil.fr\/\" target=\"_blank\" rel=\"noopener noreferrer\">CNIL<\/a> website for more information on your rights.<\/p>\t\t\t\t\t\t\t\t<\/div>\n\t\t\t\t<\/div>\n\t\t\t\t\t<\/div>\n\t\t<\/div>\n\t\t\t\t\t<\/div>\n\t\t<\/section>\n\t\t\t\t<\/div>\n\t\t","protected":false},"excerpt":{"rendered":"<p>Votre d\u00e9p\u00f4t \u00e0 partir de 99\u20ac Intellectual property protection solution D\u00c9POSER MAINTENANT The Fidealis legal notice complies with the provisions of Articles 6-III and 19 of Law No. 2004-575 of June 21, 2004 for Confidence in the Digital Economy.The fidealis.com website can be accessed at the following address: www.fidealis.com (hereinafter &#8220;the Site&#8221;). Access to and [&hellip;]<\/p>\n","protected":false},"author":1,"featured_media":0,"parent":0,"menu_order":0,"comment_status":"closed","ping_status":"closed","template":"elementor_header_footer","meta":{"footnotes":""},"class_list":["post-25849","page","type-page","status-publish","hentry"],"_links":{"self":[{"href":"https:\/\/www.fidealis.com\/en\/wp-json\/wp\/v2\/pages\/25849","targetHints":{"allow":["GET"]}}],"collection":[{"href":"https:\/\/www.fidealis.com\/en\/wp-json\/wp\/v2\/pages"}],"about":[{"href":"https:\/\/www.fidealis.com\/en\/wp-json\/wp\/v2\/types\/page"}],"author":[{"embeddable":true,"href":"https:\/\/www.fidealis.com\/en\/wp-json\/wp\/v2\/users\/1"}],"replies":[{"embeddable":true,"href":"https:\/\/www.fidealis.com\/en\/wp-json\/wp\/v2\/comments?post=25849"}],"version-history":[{"count":6,"href":"https:\/\/www.fidealis.com\/en\/wp-json\/wp\/v2\/pages\/25849\/revisions"}],"predecessor-version":[{"id":40141,"href":"https:\/\/www.fidealis.com\/en\/wp-json\/wp\/v2\/pages\/25849\/revisions\/40141"}],"wp:attachment":[{"href":"https:\/\/www.fidealis.com\/en\/wp-json\/wp\/v2\/media?parent=25849"}],"curies":[{"name":"wp","href":"https:\/\/api.w.org\/{rel}","templated":true}]}}