{"id":25851,"date":"2023-06-19T14:05:58","date_gmt":"2023-06-19T12:05:58","guid":{"rendered":"https:\/\/beta.fidealis.com\/general-conditions-of-sale\/"},"modified":"2026-04-19T12:07:06","modified_gmt":"2026-04-19T10:07:06","slug":"general-conditions-of-sale","status":"publish","type":"page","link":"https:\/\/www.fidealis.com\/en\/general-conditions-of-sale\/","title":{"rendered":"Terms &amp; Conditions"},"content":{"rendered":"\t\t<div data-elementor-type=\"wp-page\" data-elementor-id=\"25851\" class=\"elementor elementor-25851 elementor-20009\" data-elementor-settings=\"{&quot;ha_cmc_init_switcher&quot;:&quot;no&quot;}\" data-elementor-post-type=\"page\">\n\t\t\t\t\t\t<section class=\"elementor-section elementor-top-section elementor-element elementor-element-3fb03b64 elementor-section-height-min-height elementor-section-boxed elementor-section-height-default elementor-section-items-middle\" data-id=\"3fb03b64\" data-element_type=\"section\" data-e-type=\"section\" data-settings=\"{&quot;background_background&quot;:&quot;classic&quot;,&quot;_ha_eqh_enable&quot;:false}\">\n\t\t\t\t\t\t\t<div class=\"elementor-background-overlay\"><\/div>\n\t\t\t\t\t\t\t<div class=\"elementor-container elementor-column-gap-default\">\n\t\t\t\t\t<div class=\"elementor-column elementor-col-100 elementor-top-column elementor-element elementor-element-2a62bac8\" data-id=\"2a62bac8\" data-element_type=\"column\" data-e-type=\"column\" data-settings=\"{&quot;background_background&quot;:&quot;classic&quot;}\">\n\t\t\t<div class=\"elementor-widget-wrap elementor-element-populated\">\n\t\t\t\t\t\t<div class=\"elementor-element elementor-element-56d3c902 elementor-widget elementor-widget-theme-post-title elementor-page-title elementor-widget-heading\" data-id=\"56d3c902\" data-element_type=\"widget\" data-e-type=\"widget\" data-widget_type=\"theme-post-title.default\">\n\t\t\t\t<div class=\"elementor-widget-container\">\n\t\t\t\t\t<h1 class=\"elementor-heading-title elementor-size-default\">Terms &amp; Conditions<\/h1>\t\t\t\t<\/div>\n\t\t\t\t<\/div>\n\t\t\t\t\t<\/div>\n\t\t<\/div>\n\t\t\t\t\t<\/div>\n\t\t<\/section>\n\t\t\t\t<section class=\"elementor-section elementor-top-section elementor-element elementor-element-1c8f1cf elementor-section-full_width elementor-section-height-default elementor-section-height-default\" data-id=\"1c8f1cf\" data-element_type=\"section\" data-e-type=\"section\" data-settings=\"{&quot;_ha_eqh_enable&quot;:false}\">\n\t\t\t\t\t\t<div class=\"elementor-container elementor-column-gap-default\">\n\t\t\t\t\t<div class=\"elementor-column elementor-col-100 elementor-top-column elementor-element elementor-element-25306aa\" data-id=\"25306aa\" data-element_type=\"column\" data-e-type=\"column\" data-settings=\"{&quot;background_background&quot;:&quot;classic&quot;}\">\n\t\t\t<div class=\"elementor-widget-wrap elementor-element-populated\">\n\t\t\t\t\t\t<section class=\"elementor-section elementor-top-section elementor-element elementor-element-4da8d3d elementor-section-content-middle elementor-section-boxed elementor-section-height-default elementor-section-height-default\" data-id=\"4da8d3d\" data-element_type=\"section\" data-e-type=\"section\" data-settings=\"{&quot;_ha_eqh_enable&quot;:false}\">\n\t\t\t\t\t\t<div class=\"elementor-container elementor-column-gap-default\">\n\t\t\t\t\t<div class=\"elementor-column elementor-col-50 elementor-top-column elementor-element elementor-element-e62b35f\" data-id=\"e62b35f\" data-element_type=\"column\" data-e-type=\"column\">\n\t\t\t<div class=\"elementor-widget-wrap elementor-element-populated\">\n\t\t\t\t\t\t<div class=\"elementor-element elementor-element-8753690 elementor-widget__width-auto elementor-widget elementor-widget-global elementor-global-34012 elementor-global-33696 elementor-widget-heading\" data-id=\"8753690\" data-element_type=\"widget\" data-e-type=\"widget\" data-widget_type=\"heading.default\">\n\t\t\t\t<div class=\"elementor-widget-container\">\n\t\t\t\t\t<h4 class=\"elementor-heading-title elementor-size-default\">Registration from 99\u20ac<\/h4>\t\t\t\t<\/div>\n\t\t\t\t<\/div>\n\t\t\t\t<div class=\"elementor-element elementor-element-9e4ad52 elementor-widget__width-auto elementor-widget-tablet__width-initial elementor-widget elementor-widget-heading\" data-id=\"9e4ad52\" data-element_type=\"widget\" data-e-type=\"widget\" data-widget_type=\"heading.default\">\n\t\t\t\t<div class=\"elementor-widget-container\">\n\t\t\t\t\t<p class=\"elementor-heading-title elementor-size-default\">Intellectual property protection solution<\/p>\t\t\t\t<\/div>\n\t\t\t\t<\/div>\n\t\t\t\t\t<\/div>\n\t\t<\/div>\n\t\t\t\t<div class=\"elementor-column elementor-col-50 elementor-top-column elementor-element elementor-element-9fa85ca\" data-id=\"9fa85ca\" data-element_type=\"column\" data-e-type=\"column\">\n\t\t\t<div class=\"elementor-widget-wrap elementor-element-populated\">\n\t\t\t\t\t\t<div class=\"elementor-element elementor-element-5584954 elementor-align-center elementor-widget elementor-widget-global elementor-global-32814 elementor-global-32682 elementor-widget-button\" data-id=\"5584954\" data-element_type=\"widget\" data-e-type=\"widget\" data-settings=\"{&quot;_animation&quot;:&quot;none&quot;,&quot;_animation_delay&quot;:2700}\" data-widget_type=\"button.default\">\n\t\t\t\t<div class=\"elementor-widget-container\">\n\t\t\t\t\t\t\t\t\t<div class=\"elementor-button-wrapper\">\n\t\t\t\t\t<a class=\"elementor-button elementor-button-link elementor-size-md\" href=\"https:\/\/www.fidealis.com\/en\/subscribe\/\">\n\t\t\t\t\t\t<span class=\"elementor-button-content-wrapper\">\n\t\t\t\t\t\t<span class=\"elementor-button-icon\">\n\t\t\t\t<svg aria-hidden=\"true\" class=\"e-font-icon-svg e-fas-balance-scale\" viewBox=\"0 0 640 512\" xmlns=\"http:\/\/www.w3.org\/2000\/svg\"><path d=\"M256 336h-.02c0-16.18 1.34-8.73-85.05-181.51-17.65-35.29-68.19-35.36-85.87 0C-2.06 328.75.02 320.33.02 336H0c0 44.18 57.31 80 128 80s128-35.82 128-80zM128 176l72 144H56l72-144zm511.98 160c0-16.18 1.34-8.73-85.05-181.51-17.65-35.29-68.19-35.36-85.87 0-87.12 174.26-85.04 165.84-85.04 181.51H384c0 44.18 57.31 80 128 80s128-35.82 128-80h-.02zM440 320l72-144 72 144H440zm88 128H352V153.25c23.51-10.29 41.16-31.48 46.39-57.25H528c8.84 0 16-7.16 16-16V48c0-8.84-7.16-16-16-16H383.64C369.04 12.68 346.09 0 320 0s-49.04 12.68-63.64 32H112c-8.84 0-16 7.16-16 16v32c0 8.84 7.16 16 16 16h129.61c5.23 25.76 22.87 46.96 46.39 57.25V448H112c-8.84 0-16 7.16-16 16v32c0 8.84 7.16 16 16 16h416c8.84 0 16-7.16 16-16v-32c0-8.84-7.16-16-16-16z\"><\/path><\/svg>\t\t\t<\/span>\n\t\t\t\t\t\t\t\t\t<span class=\"elementor-button-text\">DEPOSIT NOW<\/span>\n\t\t\t\t\t<\/span>\n\t\t\t\t\t<\/a>\n\t\t\t\t<\/div>\n\t\t\t\t\t\t\t\t<\/div>\n\t\t\t\t<\/div>\n\t\t\t\t\t<\/div>\n\t\t<\/div>\n\t\t\t\t\t<\/div>\n\t\t<\/section>\n\t\t\t\t\t<\/div>\n\t\t<\/div>\n\t\t\t\t\t<\/div>\n\t\t<\/section>\n\t\t\t\t<section class=\"elementor-section elementor-top-section elementor-element elementor-element-4749eaf elementor-section-boxed elementor-section-height-default elementor-section-height-default\" data-id=\"4749eaf\" data-element_type=\"section\" data-e-type=\"section\" data-settings=\"{&quot;_ha_eqh_enable&quot;:false}\">\n\t\t\t\t\t\t<div class=\"elementor-container elementor-column-gap-default\">\n\t\t\t\t\t<div class=\"elementor-column elementor-col-100 elementor-top-column elementor-element elementor-element-f73cef8\" data-id=\"f73cef8\" data-element_type=\"column\" data-e-type=\"column\">\n\t\t\t<div class=\"elementor-widget-wrap elementor-element-populated\">\n\t\t\t\t\t\t<div class=\"elementor-element elementor-element-24835c2 elementor-widget elementor-widget-text-editor\" data-id=\"24835c2\" data-element_type=\"widget\" data-e-type=\"widget\" data-widget_type=\"text-editor.default\">\n\t\t\t\t<div class=\"elementor-widget-container\">\n\t\t\t\t\t\t\t\t\t<p>The <strong>Fidealis T&amp;Cs<\/strong> govern the use of our time-stamping services. FIDEALIS is a time-stamping third party that provides its users with unfalsifiable digital proof, archived for 30 years by a bailiff. <\/p><h2>ARTICLE 1: Purpose of the Fidealis GTCS<\/h2><p>Any order or purchase of any of the services offered by SAS FIDEALIS, registered in the Paris Trade and Companies Register under no. 439 117 144, implies the customer&#8217;s full and unreserved acceptance of and agreement to these terms and conditions of sale, which prevail over any other document issued by the purchaser. Any document other than these general terms and conditions of sale, in particular catalogs, prospectuses, advertisements and notices, is for information purposes only and is non-contractual. <\/p><p>The customer acknowledges that he\/she is sufficiently informed about the functions, merits and limitations of the FIDEALIS deposit system.<\/p><p>By accepting the <strong>Fidealis Terms and Conditions<\/strong>, you acknowledge that you have read the Terms of Use.<\/p><p> <\/p><h2>ARTICLE 2: Services covered by the Fidealis T&amp;Cs<\/h2><p>FIDEALIS operates an electronic time-stamping system that confers a date certain to any digital file, which is also certified by a bailiff.<\/p><ul><li>From the <a href=\"https:\/\/www.fidealis.com\/en\/\">www.fidealis.com<\/a> website<em>, <\/em>FIDEALIS offers a time-stamping and digital deposit service certified by a bailiff for any work (models, pleadings, texts, stories, words, photographs, etc.), constituting a means of proof of the authorship of this creation and giving it a date certain.<\/li><li>On the <a href=\"https:\/\/www.depotjeux.com\/\">www.depotjeux.com<\/a> website<em>, <\/em>FIDEALIS offers various services relating to games and competitions. Depending on the offer chosen, FIDEALIS will take care of the bailiff&#8217;s filing and publication of the rules and regulations of the contests (DJC-AP) or the drafting, filing and publication of the rules and regulations of the contests (RDJC-AP). <\/li><li>The Constapp mobile service is an innovative photo-taking service. Constapp includes qualified timestamp and geolocation information for each image captured, making it possible to capture, seal and prove the existence of a file or photo at a given moment and its exact position (the maximum position for a smartphone setting is given for 35m, the average position is 10m). This service is available subject to acceptance by membership applicants, at the sole discretion of Fidealis.  <\/li><li>Specific development: For any specific request, an estimate drawn up, signed and accepted by the customer, commits Fidealis to the successful completion of the project. Unless expressly stated otherwise, no intellectual property or exclusivity of any kind is transferred for custom development. <\/li><\/ul><p> <\/p><h2>ARTICLE 3: SUBSCRIPTION TO FIDEALIS DEPOSIT SERVICES  <\/h2><p>The <strong>Fidealis General Terms and Conditions<\/strong> specify the terms and conditions for subscribing to token packages.<\/p><p>The deposit services offered by the company FIDEALIS are marketed in the form of packages of tokens, annual or unitary. Each token entitles the holder to deposit one digital file. <\/p><p>Annual packages are valid for one year from the date the contract is signed. Tokens not used during the subscription year are forfeited and cannot be carried over to the following year, whether or not the contract is renewed. <\/p><p>Unit packages are valid indefinitely and until the number of tokens purchased is used up.<\/p><p>In the event of non-use of the tokens purchased by the customer, whether as part of an annual or individual package, no request for partial or total reimbursement will be accepted.<\/p><p>The signing of a contract is irrevocable, and the sums due under any contract signed must be paid to the company FIDEALIS, whether or not the customer uses the services purchased.<\/p><p>Access to the depot is subject to prior payment of the full contract price. The customer is solely responsible for payment of all sums invoiced under this contract. This contract is non-assignable and non-transferable, and is for the exclusive use of the customer whose identity appears on the contract.  <\/p><p><strong> <\/strong><\/p><h2>ARTICLE 4: TERMS AND CONDITIONS OF FIDEALIS DEPOT SERVICES  <\/h2><p>As soon as the full contract price has been paid, FIDEALIS activates an account under the user name chosen by the customer, which can be accessed directly from the member area on the <a href=\"http:\/\/www.fidealis.com\/en\/\"><em>www.fidealis.com<\/em><\/a><em> or depotjeux.com <\/em>website. This account enables the customer to make the deposits they wish to make, and to view their deposit history and available chip balance.<\/p><p>Deposits are made either directly online by the customer, who receives an e-mail with a time-stamped receipt for the file deposited, or by FIDEALIS, which receives the works to be deposited from the customer, preferably in the form of a digital file.<\/p><p>Customers with the sub-account creation option may do so under their own responsibility and, unless expressly stated otherwise, must monitor consumption, training and usage by all user sub-accounts.<\/p><p>Users wishing to use the mobile capture service must ensure that their device is compatible with an application published by Fidealis dedicated to each specific use. Captures are time-stamped, qualified and geolocated, and recorded directly in the Fidealis user interface. <\/p><p>For API-connected users, data is communicated in real time via token. Data is then anonymized on the Fidealis side. <\/p><p>All documents, CDs, parts, copies, reproductions,&#8230; of the files or work to be deposited will, after their deposit, be destroyed by FIDEALIS, unless<br>the customer expressly states otherwise when they are sent, or if the conditions of proof require the conservation of data for a period necessary to<br>the provision of proof or the coherent constitution of proof.<\/p><p>For customers located in Paris and the inner suburbs, FIDEALIS offers an &#8220;appointment&#8221; option, allowing the customer to request that a member of FIDEALIS staff visit his home and photograph his models, and more generally the works to be deposited. A maximum of three appointments per year may be granted by FIDEALIS. <\/p><p>In the event of a dispute between a customer and a third party, FIDEALIS will provide, at the customer&#8217;s request and expense, the second original of the deposit made with the bailiff.<\/p><p> <\/p><h2>ARTICLE 5 : Prices in accordance with Fidealis General Terms and Conditions of Sale<\/h2><p>The prices of the various packages are presented on the <em>fidealis.com<\/em> or <em>depotjeux.com<\/em> website on the &#8220;prices&#8221; page, and are indicated in euros, exclusive of tax, to which value-added tax at the current rate must be added.<\/p><p>Pricing for the Certified Mobile Capture service is based on a usage-based model. Users can purchase specific tokens for this service, available via packages based on the quantity consumed and\/or the number of users. Pricing details are available on the Fidealis website and may be adjusted as the service evolves.  <\/p><p>FIDEALIS reserves the right to modify its rates at any time, so that packages will be based on the rates in effect at the time of their subscription or renewal.<\/p><p>If specific development is required to connect Fidealis to an API or external system, Fidealis may propose a quote to the customer or future user, in addition to the services directly related to the use of Fidealis services.<\/p><h2> <\/h2><h2>ARTICLE 6: OBLIGATIONS OF FIDEALIS  <\/h2><p>The <strong>Fidealis T&amp;Cs<\/strong> detail the obligations of Fidealis and the customer.<\/p><p>FIDEALIS is committed to :<\/p><p>&#8211; satisfy customer requests within the limits of the capacity of the systems it operates and the quality constraints of its services,<\/p><p>&#8211; will use all means at its disposal to ensure the execution of its deposit service, but remains bound by an obligation of means, particularly in view of the particularities of electronic tools, the network, the risk of manipulation or deletion of data, and the use of external service providers,<\/p><p>&#8211; take the appropriate measures to ensure the protection and confidentiality of the nominative information it holds and processes, in compliance with the provisions of law no. 78-17 of January 6, 1978, relating to information technology, files and civil liberties, and reserves the right, unless otherwise specified by the customer, to communicate said information to market research firms and polling institutes, exclusively for the purposes of study and analysis, or to companies in the context of joint or separate commercial operations.<\/p><p>&#8211; Guarantee a 14-day right of withdrawal for all customers who have made a distance purchase. However, this right cannot be maintained if FIDEALIS services are used during the initial 14-day period. The right of withdrawal leads to full reimbursement of sums received from the customer by FIDEALIS. The sums are reimbursed within 30 days by bank transfer to the account of the customer who must provide a RIB to the sales department and receive an acknowledgement of receipt of the request. After 14 days, no amount can be claimed. The customer&#8217;s account and any credits purchased will be maintained for a period of 1 year.     <\/p><p><strong> <\/strong><\/p><h2>ARTICLE 7: CUSTOMER OBLIGATIONS  <\/h2><p>The customer agrees to :<\/p><p>&#8211; provide a valid e-mail address to receive deposit receipts,<\/p><p>&#8211; send the documents or digital files to be deposited, at its own expense and by any means it chooses,<\/p><p>&#8211; inform FIDEALIS without delay of any change of name, form or other &#8230;, under penalty of unenforceability.<\/p><p>The use of the digital evidence tool is intended to provide evidence to justify a right. This does not mean that the use of evidence automatically leads to the recognition of a right or title. By using the mobile capture service, the customer agrees to capture only content for which he\/she holds the rights and to respect the technical guidelines provided by Fidealis. It is the customer&#8217;s responsibility to verify the accuracy of the geolocation and timestamp information provided by the service.  <\/p><p>For its certified capture services, Fidealis offers a mobile application that makes it possible to establish good-faith proof of the presence or absence of content, events, materials or facts. The use of these services must be consistent with the intended purpose, in compliance with the law and with the rights of others. Any use that is abusive, misleading or contrary to these principles, in particular with a view to committing illegal or unauthorized acts, will result in corrective measures on the part of Fidealis, up to and including suspension or closure of the user&#8217;s account. Fidealis reserves the right to take appropriate action to preserve the integrity of its services and the safety of its users. In the event of a sanction, no refund will be made to the customer, and any subsequent damages would be excluded from Fidealis&#8217; liability for such a decision.    <\/p><p>&#8211; The customer acknowledges that the services provided and the documents generated by the use of the various services of FIDEALIS remain the property of FIDEALIS until full payment<br>of amounts invoiced and due to FIDEALIS.<br>&#8211; For the use of the application CONSTAPP, the customer acknowledges that it is required to have, for the use of FIDEALIS services, hardware, internet connection sufficient and stable, and application published by FIDEALIS, fully updated when using FIDEALIS services.<\/p><p><strong> <\/strong><\/p><h2>ARTICLE 8: LIMITATION OF WARRANTIES  <\/h2><p>FIDEALIS is not responsible for the content of the deposit, and it is up to the customer, whether he deposits his files himself or transmits them for deposit to FIDEALIS, to ensure the quality of the documents transmitted, such as the legibility of the texts, the visibility of the photographs, the highlighting of the original characteristics of the work, &#8230;..<\/p><p>FIDEALIS is a third-party time and date stamp provider and does not guarantee the absence of prior rights or the originality of the work registered. It is the sole responsibility of the customer to ensure the absence of rights on the models registered.<\/p><p>The customer acknowledges that FIDEALIS may not be held liable for any direct or indirect damage caused or occasioned by this contract, even if FIDEALIS has been informed of the existence of a risk.<\/p><p>The customer acknowledges that FIDEALIS may not be held liable for any direct or indirect damage caused by this contract,<br>even if FIDEALIS has been informed of the existence of a risk.<br>The customer acknowledges that the deposit does not create intellectual property rights and that it constitutes a method of proof.<br>The customer is solely responsible for the recordings made, and has a maximum of 8 days in which to lodge a complaint about a recording that has been or is being made.<br>For the use of the CONSTAPP application, only users registered directly on the FIDEALIS site can receive assistance, follow-up and recourse for the<br>registrations made. Resellers and indirect service providers are responsible for monitoring and guaranteeing their users. It is also the responsibility of end-users to enable optimal geolocation in the settings of each smartphone.  <\/p><h2>ARTICLE 9: RGPD &#8211; PROCESSING AND PROTECTION OF PERSONAL DATA<\/h2><p>As part of its services, time stamping, contest deposit or certified mobile capture with qualified time stamping and geolocation, Fidealis processes personal data in accordance with the General Data Protection Regulation (GDPR). This data includes information relating to depositors, creators, and beneficiaries of energy saving incentives and may include sensitive data such as geolocation of installations and personal identifiers linked to beneficiary files. <\/p><p><strong>Purpose of processing<\/strong>: The personal data collected is used exclusively for the certification of ecological installations, the establishment of proof of anteriority and location of work carried out, and the management of beneficiaries&#8217; files. It may also be used to continuously improve the services offered by Fidealis. <\/p><p><strong>Consent<\/strong>: The explicit consent of beneficiaries will be obtained for the processing of their personal data, clarifying the specific use of such data and the possibility of withdrawing consent at any time.<\/p><p><strong> <\/strong><\/p><p><strong>Security and Confidentiality<\/strong>: Fidealis is committed to implementing appropriate technical and organizational measures to ensure the security, integrity, and confidentiality of personal data, thereby reducing the risk of unauthorized access, disclosure, alteration, or loss.<\/p><p><strong>Retention period:<\/strong> Personal data will be kept for 2 years during the contractual period (active customer) and deposit receipts will be kept for 25 years to comply with legal and regulatory requirements, after which they will be deleted or anonymized.<\/p><p><strong>Rights of Data Subjects<\/strong>: Fidealis informs beneficiaries of their rights under the GDPR, including the right of access, rectification, erasure, restriction of processing, and data portability. Information on the procedure for exercising these rights will be provided. <\/p><p><strong>Subcontractors and Data Transfers<\/strong>: Any data sharing with third parties or subcontractors will be carried out in compliance with the RGPD, with contractual guarantees ensuring data protection.<\/p><p><strong>Data Breach Notification<\/strong>: In the event of a personal data breach, Fidealis undertakes to notify the competent supervisory authority and, where required by the RGPD, the data subjects, within the prescribed deadlines.<\/p><p><strong> <\/strong><\/p><p><strong> <\/strong><\/p><h2>ARTICLE 10: RENEWAL AND TERMINATION  <\/h2><p>Contracts signed with FIDEALIS are for a period of one year from the date of signature. They are renewed by tacit agreement at the end of the subscription year, unless the customer sends a registered letter with acknowledgement of receipt received by FIDEALIS 30 days before the contract anniversary date. <\/p><p>Cancellation during the year has no immediate effect on the current subscription, which continues until the end of the year, and does not entitle the holder to a refund of unused tokens. It also prevents tacit renewal of the contract. Only cancellations made by registered letter with acknowledgement of receipt will be taken into account. <\/p><p><strong> <\/strong><\/p><h2>ARTICLE 11: JURISDICTION  <\/h2><p>If the customer is a merchant, any dispute arising from the interpretation, conclusion or performance of this contract shall be referred to the Paris Commercial Court.  <\/p><p><strong>These General Terms and Conditions of Sale have been filed with SCP FRADIN, bailiffs in Lyon<\/strong>.<\/p><p> <\/p><p>If you have any questions about the <strong>Fidealis terms and conditions<\/strong>, please contact our customer service department.  <\/p>\t\t\t\t\t\t\t\t<\/div>\n\t\t\t\t<\/div>\n\t\t\t\t\t<\/div>\n\t\t<\/div>\n\t\t\t\t\t<\/div>\n\t\t<\/section>\n\t\t\t\t<\/div>\n\t\t","protected":false},"excerpt":{"rendered":"<p>Votre d\u00e9p\u00f4t \u00e0 partir de 99\u20ac Intellectual property protection solution D\u00c9POSER MAINTENANT The Fidealis T&amp;Cs govern the use of our time-stamping services. FIDEALIS is a time-stamping third party that provides its users with unfalsifiable digital proof, archived for 30 years by a bailiff. ARTICLE 1: Purpose of the Fidealis GTCS Any order or purchase of [&hellip;]<\/p>\n","protected":false},"author":1,"featured_media":0,"parent":0,"menu_order":0,"comment_status":"closed","ping_status":"closed","template":"elementor_header_footer","meta":{"footnotes":""},"class_list":["post-25851","page","type-page","status-publish","hentry"],"_links":{"self":[{"href":"https:\/\/www.fidealis.com\/en\/wp-json\/wp\/v2\/pages\/25851","targetHints":{"allow":["GET"]}}],"collection":[{"href":"https:\/\/www.fidealis.com\/en\/wp-json\/wp\/v2\/pages"}],"about":[{"href":"https:\/\/www.fidealis.com\/en\/wp-json\/wp\/v2\/types\/page"}],"author":[{"embeddable":true,"href":"https:\/\/www.fidealis.com\/en\/wp-json\/wp\/v2\/users\/1"}],"replies":[{"embeddable":true,"href":"https:\/\/www.fidealis.com\/en\/wp-json\/wp\/v2\/comments?post=25851"}],"version-history":[{"count":14,"href":"https:\/\/www.fidealis.com\/en\/wp-json\/wp\/v2\/pages\/25851\/revisions"}],"predecessor-version":[{"id":40039,"href":"https:\/\/www.fidealis.com\/en\/wp-json\/wp\/v2\/pages\/25851\/revisions\/40039"}],"wp:attachment":[{"href":"https:\/\/www.fidealis.com\/en\/wp-json\/wp\/v2\/media?parent=25851"}],"curies":[{"name":"wp","href":"https:\/\/api.w.org\/{rel}","templated":true}]}}