{"id":37957,"date":"2007-02-22T13:01:12","date_gmt":"2007-02-22T12:01:12","guid":{"rendered":"https:\/\/www.fidealis.com\/who-has-to-file\/"},"modified":"2026-04-19T12:13:21","modified_gmt":"2026-04-19T10:13:21","slug":"who-has-to-file","status":"publish","type":"page","link":"https:\/\/www.fidealis.com\/en\/who-has-to-file\/","title":{"rendered":"Who should register their designs? Professionals concerned"},"content":{"rendered":"\t\t<div data-elementor-type=\"wp-page\" data-elementor-id=\"37957\" class=\"elementor elementor-37957 elementor-36269\" data-elementor-settings=\"{&quot;ha_cmc_init_switcher&quot;:&quot;no&quot;}\" data-elementor-post-type=\"page\">\n\t\t\t\t\t\t<section class=\"elementor-section elementor-top-section elementor-element elementor-element-4fba5a24 elementor-section-height-min-height elementor-section-boxed elementor-section-height-default elementor-section-items-middle\" data-id=\"4fba5a24\" data-element_type=\"section\" data-e-type=\"section\" data-settings=\"{&quot;background_background&quot;:&quot;classic&quot;,&quot;_ha_eqh_enable&quot;:false}\">\n\t\t\t\t\t\t\t<div class=\"elementor-background-overlay\"><\/div>\n\t\t\t\t\t\t\t<div class=\"elementor-container elementor-column-gap-default\">\n\t\t\t\t\t<div class=\"elementor-column elementor-col-100 elementor-top-column elementor-element elementor-element-7c020b8\" data-id=\"7c020b8\" data-element_type=\"column\" data-e-type=\"column\" data-settings=\"{&quot;background_background&quot;:&quot;classic&quot;}\">\n\t\t\t<div class=\"elementor-widget-wrap elementor-element-populated\">\n\t\t\t\t\t\t<div class=\"elementor-element elementor-element-35e857e0 elementor-widget elementor-widget-theme-post-title elementor-page-title elementor-widget-heading\" data-id=\"35e857e0\" data-element_type=\"widget\" data-e-type=\"widget\" data-widget_type=\"theme-post-title.default\">\n\t\t\t\t<div class=\"elementor-widget-container\">\n\t\t\t\t\t<h1 class=\"elementor-heading-title elementor-size-default\">Who should register their designs? Professionals concerned<\/h1>\t\t\t\t<\/div>\n\t\t\t\t<\/div>\n\t\t\t\t\t<\/div>\n\t\t<\/div>\n\t\t\t\t\t<\/div>\n\t\t<\/section>\n\t\t\t\t<section class=\"elementor-section elementor-top-section elementor-element elementor-element-5a37b2b7 elementor-section-full_width elementor-section-height-default elementor-section-height-default\" data-id=\"5a37b2b7\" data-element_type=\"section\" data-e-type=\"section\" data-settings=\"{&quot;_ha_eqh_enable&quot;:false}\">\n\t\t\t\t\t\t<div class=\"elementor-container elementor-column-gap-default\">\n\t\t\t\t\t<div class=\"elementor-column elementor-col-100 elementor-top-column elementor-element elementor-element-552f4217\" data-id=\"552f4217\" data-element_type=\"column\" data-e-type=\"column\" data-settings=\"{&quot;background_background&quot;:&quot;classic&quot;}\">\n\t\t\t<div class=\"elementor-widget-wrap elementor-element-populated\">\n\t\t\t\t\t\t<section class=\"elementor-section elementor-top-section elementor-element elementor-element-74342af6 elementor-section-content-middle elementor-section-boxed elementor-section-height-default elementor-section-height-default\" data-id=\"74342af6\" data-element_type=\"section\" data-e-type=\"section\" data-settings=\"{&quot;_ha_eqh_enable&quot;:false}\">\n\t\t\t\t\t\t<div class=\"elementor-container elementor-column-gap-default\">\n\t\t\t\t\t<div class=\"elementor-column elementor-col-50 elementor-top-column elementor-element elementor-element-3bc3b057\" data-id=\"3bc3b057\" data-element_type=\"column\" data-e-type=\"column\">\n\t\t\t<div class=\"elementor-widget-wrap elementor-element-populated\">\n\t\t\t\t\t\t<div class=\"elementor-element elementor-element-60f54e83 elementor-widget__width-auto elementor-widget elementor-widget-global elementor-global-34012 elementor-global-33696 elementor-widget-heading\" data-id=\"60f54e83\" data-element_type=\"widget\" data-e-type=\"widget\" data-widget_type=\"heading.default\">\n\t\t\t\t<div class=\"elementor-widget-container\">\n\t\t\t\t\t<h4 class=\"elementor-heading-title elementor-size-default\">Registration from 99\u20ac<\/h4>\t\t\t\t<\/div>\n\t\t\t\t<\/div>\n\t\t\t\t<div class=\"elementor-element elementor-element-4002cd71 elementor-widget__width-auto elementor-widget-tablet__width-initial elementor-widget elementor-widget-heading\" data-id=\"4002cd71\" data-element_type=\"widget\" data-e-type=\"widget\" data-widget_type=\"heading.default\">\n\t\t\t\t<div class=\"elementor-widget-container\">\n\t\t\t\t\t<p class=\"elementor-heading-title elementor-size-default\">Intellectual property protection solution<\/p>\t\t\t\t<\/div>\n\t\t\t\t<\/div>\n\t\t\t\t\t<\/div>\n\t\t<\/div>\n\t\t\t\t<div class=\"elementor-column elementor-col-50 elementor-top-column elementor-element elementor-element-65ddf7c0\" data-id=\"65ddf7c0\" data-element_type=\"column\" data-e-type=\"column\">\n\t\t\t<div class=\"elementor-widget-wrap elementor-element-populated\">\n\t\t\t\t\t\t<div class=\"elementor-element elementor-element-7abed13e elementor-align-center elementor-widget elementor-widget-global elementor-global-32814 elementor-global-32682 elementor-widget-button\" data-id=\"7abed13e\" data-element_type=\"widget\" data-e-type=\"widget\" data-settings=\"{&quot;_animation&quot;:&quot;none&quot;,&quot;_animation_delay&quot;:2700}\" data-widget_type=\"button.default\">\n\t\t\t\t<div class=\"elementor-widget-container\">\n\t\t\t\t\t\t\t\t\t<div class=\"elementor-button-wrapper\">\n\t\t\t\t\t<a class=\"elementor-button elementor-button-link elementor-size-md\" href=\"https:\/\/www.fidealis.com\/en\/subscribe\/\">\n\t\t\t\t\t\t<span class=\"elementor-button-content-wrapper\">\n\t\t\t\t\t\t<span class=\"elementor-button-icon\">\n\t\t\t\t<svg aria-hidden=\"true\" class=\"e-font-icon-svg e-fas-balance-scale\" viewBox=\"0 0 640 512\" xmlns=\"http:\/\/www.w3.org\/2000\/svg\"><path d=\"M256 336h-.02c0-16.18 1.34-8.73-85.05-181.51-17.65-35.29-68.19-35.36-85.87 0C-2.06 328.75.02 320.33.02 336H0c0 44.18 57.31 80 128 80s128-35.82 128-80zM128 176l72 144H56l72-144zm511.98 160c0-16.18 1.34-8.73-85.05-181.51-17.65-35.29-68.19-35.36-85.87 0-87.12 174.26-85.04 165.84-85.04 181.51H384c0 44.18 57.31 80 128 80s128-35.82 128-80h-.02zM440 320l72-144 72 144H440zm88 128H352V153.25c23.51-10.29 41.16-31.48 46.39-57.25H528c8.84 0 16-7.16 16-16V48c0-8.84-7.16-16-16-16H383.64C369.04 12.68 346.09 0 320 0s-49.04 12.68-63.64 32H112c-8.84 0-16 7.16-16 16v32c0 8.84 7.16 16 16 16h129.61c5.23 25.76 22.87 46.96 46.39 57.25V448H112c-8.84 0-16 7.16-16 16v32c0 8.84 7.16 16 16 16h416c8.84 0 16-7.16 16-16v-32c0-8.84-7.16-16-16-16z\"><\/path><\/svg>\t\t\t<\/span>\n\t\t\t\t\t\t\t\t\t<span class=\"elementor-button-text\">DEPOSIT NOW<\/span>\n\t\t\t\t\t<\/span>\n\t\t\t\t\t<\/a>\n\t\t\t\t<\/div>\n\t\t\t\t\t\t\t\t<\/div>\n\t\t\t\t<\/div>\n\t\t\t\t\t<\/div>\n\t\t<\/div>\n\t\t\t\t\t<\/div>\n\t\t<\/section>\n\t\t\t\t\t<\/div>\n\t\t<\/div>\n\t\t\t\t\t<\/div>\n\t\t<\/section>\n\t\t\t\t<section class=\"elementor-section elementor-top-section elementor-element elementor-element-582b1130 elementor-section-boxed elementor-section-height-default elementor-section-height-default\" data-id=\"582b1130\" data-element_type=\"section\" data-e-type=\"section\" data-settings=\"{&quot;_ha_eqh_enable&quot;:false}\">\n\t\t\t\t\t\t<div class=\"elementor-container elementor-column-gap-default\">\n\t\t\t\t\t<div class=\"elementor-column elementor-col-100 elementor-top-column elementor-element elementor-element-31f0c068\" data-id=\"31f0c068\" data-element_type=\"column\" data-e-type=\"column\">\n\t\t\t<div class=\"elementor-widget-wrap elementor-element-populated\">\n\t\t\t\t\t\t<div class=\"elementor-element elementor-element-63852d8a elementor-widget elementor-widget-text-editor\" data-id=\"63852d8a\" data-element_type=\"widget\" data-e-type=\"widget\" data-widget_type=\"text-editor.default\">\n\t\t\t\t<div class=\"elementor-widget-container\">\n\t\t\t\t\t\t\t\t\t<p class=\"texte-accueil\"><strong>Who should register their designs?<\/strong>  All legal entities or individuals who produce documents or creations and need to prove their anteriority to protect their intellectual property.<\/p><table border=\"0\" width=\"100%\" cellspacing=\"0\" cellpadding=\"0\"><tbody><tr><td class=\"texte-qui bold\" width=\"26%\">-Architects<\/td><td width=\"13%\"> <\/td><td class=\"texte-qui\" width=\"61%\">plans<\/td><\/tr><tr><td class=\"texte-qui bold\" height=\"14\">&#8211; Lawyers<\/td><td> <\/td><td class=\"texte-qui\">conclusions, summaries<\/td><\/tr><tr><td class=\"bold texte-qui\">-Researchers<\/td><td> <\/td><td class=\"texte-qui\">discoveries before publication<\/td><\/tr><tr><td class=\"texte-qui bold\">-Accountants<\/td><td> <\/td><td class=\"texte-qui\">financial statements, declarations, management reports<\/td><\/tr><tr><td class=\"texte-qui bold\">-Auditor<\/td><td> <\/td><td class=\"texte-qui\">reports<\/td><\/tr><tr><td class=\"texte-qui bold\">-Inventors<\/td><td> <\/td><td class=\"texte-qui\">inventions<\/td><\/tr><tr><td class=\"texte-qui bold\">-Programmers<\/td><td> <\/td><td class=\"texte-qui\">program and software sources<\/td><\/tr><tr><td class=\"texte-qui bold\">-Fashion designers<\/td><td> <\/td><td class=\"texte-qui\">drawings, models, sketches, patterns<\/td><\/tr><tr><td class=\"texte-qui bold\">-Musicians<\/td><td> <\/td><td class=\"texte-qui\">sheet music<\/td><\/tr><tr><td class=\"texte-qui bold\">-Designers<\/td><td> <\/td><td class=\"texte-qui\">designs<\/td><\/tr><tr><td class=\"texte-qui bold\">-Advertising<\/td><td> <\/td><td class=\"texte-qui\">marketing plan, media,<\/td><\/tr><tr><td class=\"texte-qui bold\">-Graphic designers<\/td><td> <\/td><td class=\"texte-qui\">logos, graphic charters<\/td><\/tr><tr><td class=\"texte-qui bold\">-Photographers<\/td><td> <\/td><td class=\"texte-qui\">digital or digitized photographs.<\/td><\/tr><\/tbody><\/table><h2 class=\"titre-accueil-3\">What formats are accepted?<\/h2><p class=\"texte-accueil\"><strong>Texts:<\/strong><br>Word\u00ae (.doc), pdf(Adobe\u00ae) .rtf, .txt, .asc, .mcw (Mac\u00ae), .wps ( Works\u00ae)<\/p><p class=\"texte-accueil\"><strong>Images:<\/strong><br>jpeg, jpg, gif, tiff, eps, dcx, pcx, wif, xif, bmp, png, art&#8230;<\/p><p class=\"texte-accueil\"><strong>Multimedia:<\/strong><br>all clips , videos and :sounds wav. (quicktime\u00ae ), mp3, midi, ra (real Player\u00ae), Swf ( Flash ), mpeg4 <\/p><p class=\"texte-accueil\"><strong>Programs and executables:<\/strong><br>.exe, .zip<\/p><p class=\"texte-accueil\"><strong>Web pages:<\/strong><br>.php or .zip<\/p><h2 class=\"titre-accueil-3\">What document sizes are possible?<\/h2><p class=\"texte-accueil\">For online processing, we have found that only files smaller than 1 MB are processed within a reasonable time. For very large files, our customers have got into the habit of sending us a burned CD by post, and we process it at head office. At no extra cost.  <\/p><h2 class=\"ds-markdown-paragraph\">Why do these professionals have to file?<\/h2><p class=\"ds-markdown-paragraph\">Registration provides irrefutable proof of anteriority in the event of a dispute. Without such proof, it is often impossible to assert your rights in court. Whether you&#8217;re an architect, designer, photographer or musician, your creations have a value that it&#8217;s essential to protect.  <\/p><h2 class=\"ds-markdown-paragraph\">What does the deposit protect?<\/h2><p class=\"ds-markdown-paragraph\">The deposit covers all your digital files: plans, photos, scores, logos, source codes, videos, etc. Once deposited, they are time-stamped and registered by a bailiff. <\/p><h2>In short, who should register their creations?<\/h2><p>All creators wishing to prove the date of their work and protect themselves against counterfeiting.<\/p>\t\t\t\t\t\t\t\t<\/div>\n\t\t\t\t<\/div>\n\t\t\t\t\t<\/div>\n\t\t<\/div>\n\t\t\t\t\t<\/div>\n\t\t<\/section>\n\t\t<div class=\"elementor-element elementor-element-b5f40b7 e-grid e-con-boxed e-con e-parent\" data-id=\"b5f40b7\" data-element_type=\"container\" data-e-type=\"container\" data-settings=\"{&quot;_ha_eqh_enable&quot;:false}\">\n\t\t\t\t\t<div class=\"e-con-inner\">\n\t\t\t\t<div class=\"elementor-element elementor-element-80e3573 elementor-widget elementor-widget-text-editor\" data-id=\"80e3573\" data-element_type=\"widget\" data-e-type=\"widget\" data-widget_type=\"text-editor.default\">\n\t\t\t\t<div class=\"elementor-widget-container\">\n\t\t\t\t\t\t\t\t\t<p>Find out why and how to <a href=\"https:\/\/pourquoi-deposer-ses-creations\/\" target=\"_blank\" rel=\"noopener noreferrer\">register your creations<\/a>.<\/p><p>Find out more about <a href=\"https:\/\/www.inpi.fr\/\" target=\"_blank\" rel=\"noopener noreferrer\">intellectual property protection on the INPI website<\/a>.<\/p>\t\t\t\t\t\t\t\t<\/div>\n\t\t\t\t<\/div>\n\t\t\t\t\t<\/div>\n\t\t\t\t<\/div>\n\t\t\t\t<\/div>\n\t\t","protected":false},"excerpt":{"rendered":"<p>Votre d\u00e9p\u00f4t \u00e0 partir de 99\u20ac Intellectual property protection solution D\u00c9POSER MAINTENANT Who should register their designs? All legal entities or individuals who produce documents or creations and need to prove their anteriority to protect their intellectual property. -Architects plans &#8211; Lawyers conclusions, summaries -Researchers discoveries before publication -Accountants financial statements, declarations, management reports -Auditor [&hellip;]<\/p>\n","protected":false},"author":3,"featured_media":0,"parent":0,"menu_order":0,"comment_status":"closed","ping_status":"closed","template":"elementor_header_footer","meta":{"footnotes":""},"class_list":["post-37957","page","type-page","status-publish","hentry"],"_links":{"self":[{"href":"https:\/\/www.fidealis.com\/en\/wp-json\/wp\/v2\/pages\/37957","targetHints":{"allow":["GET"]}}],"collection":[{"href":"https:\/\/www.fidealis.com\/en\/wp-json\/wp\/v2\/pages"}],"about":[{"href":"https:\/\/www.fidealis.com\/en\/wp-json\/wp\/v2\/types\/page"}],"author":[{"embeddable":true,"href":"https:\/\/www.fidealis.com\/en\/wp-json\/wp\/v2\/users\/3"}],"replies":[{"embeddable":true,"href":"https:\/\/www.fidealis.com\/en\/wp-json\/wp\/v2\/comments?post=37957"}],"version-history":[{"count":3,"href":"https:\/\/www.fidealis.com\/en\/wp-json\/wp\/v2\/pages\/37957\/revisions"}],"predecessor-version":[{"id":40172,"href":"https:\/\/www.fidealis.com\/en\/wp-json\/wp\/v2\/pages\/37957\/revisions\/40172"}],"wp:attachment":[{"href":"https:\/\/www.fidealis.com\/en\/wp-json\/wp\/v2\/media?parent=37957"}],"curies":[{"name":"wp","href":"https:\/\/api.w.org\/{rel}","templated":true}]}}