{"id":31843,"date":"2023-06-19T14:03:18","date_gmt":"2023-06-19T12:03:18","guid":{"rendered":"https:\/\/beta.fidealis.com\/informacion-juridica\/"},"modified":"2026-04-19T12:06:46","modified_gmt":"2026-04-19T10:06:46","slug":"notas-legales","status":"publish","type":"page","link":"https:\/\/www.fidealis.com\/es\/notas-legales\/","title":{"rendered":"Informaci\u00f3n jur\u00eddica"},"content":{"rendered":"\t\t<div data-elementor-type=\"wp-page\" data-elementor-id=\"31843\" class=\"elementor elementor-31843 elementor-20003\" data-elementor-settings=\"{&quot;ha_cmc_init_switcher&quot;:&quot;no&quot;}\" data-elementor-post-type=\"page\">\n\t\t\t\t\t\t<section class=\"elementor-section elementor-top-section elementor-element elementor-element-1a62bf61 elementor-section-height-min-height elementor-section-boxed elementor-section-height-default elementor-section-items-middle\" data-id=\"1a62bf61\" data-element_type=\"section\" data-e-type=\"section\" data-settings=\"{&quot;background_background&quot;:&quot;classic&quot;,&quot;_ha_eqh_enable&quot;:false}\">\n\t\t\t\t\t\t\t<div class=\"elementor-background-overlay\"><\/div>\n\t\t\t\t\t\t\t<div class=\"elementor-container elementor-column-gap-default\">\n\t\t\t\t\t<div class=\"elementor-column elementor-col-100 elementor-top-column elementor-element elementor-element-768b07f0\" data-id=\"768b07f0\" data-element_type=\"column\" data-e-type=\"column\" data-settings=\"{&quot;background_background&quot;:&quot;classic&quot;}\">\n\t\t\t<div class=\"elementor-widget-wrap elementor-element-populated\">\n\t\t\t\t\t\t<div class=\"elementor-element elementor-element-2a6f8d5b elementor-widget elementor-widget-theme-post-title elementor-page-title elementor-widget-heading\" data-id=\"2a6f8d5b\" data-element_type=\"widget\" data-e-type=\"widget\" data-widget_type=\"theme-post-title.default\">\n\t\t\t\t<div class=\"elementor-widget-container\">\n\t\t\t\t\t<h1 class=\"elementor-heading-title elementor-size-default\">Informaci\u00f3n jur\u00eddica<\/h1>\t\t\t\t<\/div>\n\t\t\t\t<\/div>\n\t\t\t\t\t<\/div>\n\t\t<\/div>\n\t\t\t\t\t<\/div>\n\t\t<\/section>\n\t\t\t\t<section class=\"elementor-section elementor-top-section elementor-element elementor-element-5303aab7 elementor-section-full_width elementor-section-height-default elementor-section-height-default\" data-id=\"5303aab7\" data-element_type=\"section\" data-e-type=\"section\" data-settings=\"{&quot;_ha_eqh_enable&quot;:false}\">\n\t\t\t\t\t\t<div class=\"elementor-container elementor-column-gap-default\">\n\t\t\t\t\t<div class=\"elementor-column elementor-col-100 elementor-top-column elementor-element elementor-element-2214e3fc\" data-id=\"2214e3fc\" data-element_type=\"column\" data-e-type=\"column\" data-settings=\"{&quot;background_background&quot;:&quot;classic&quot;}\">\n\t\t\t<div class=\"elementor-widget-wrap elementor-element-populated\">\n\t\t\t\t\t\t<section class=\"elementor-section elementor-top-section elementor-element elementor-element-6e66e2c7 elementor-section-content-middle elementor-section-boxed elementor-section-height-default elementor-section-height-default\" data-id=\"6e66e2c7\" data-element_type=\"section\" data-e-type=\"section\" data-settings=\"{&quot;_ha_eqh_enable&quot;:false}\">\n\t\t\t\t\t\t<div class=\"elementor-container elementor-column-gap-default\">\n\t\t\t\t\t<div class=\"elementor-column elementor-col-50 elementor-top-column elementor-element elementor-element-2d264308\" data-id=\"2d264308\" data-element_type=\"column\" data-e-type=\"column\">\n\t\t\t<div class=\"elementor-widget-wrap elementor-element-populated\">\n\t\t\t\t\t\t<div class=\"elementor-element elementor-element-2f1c48fe elementor-widget__width-auto elementor-widget elementor-widget-global elementor-global-34024 elementor-global-33696 elementor-widget-heading\" data-id=\"2f1c48fe\" data-element_type=\"widget\" data-e-type=\"widget\" data-widget_type=\"heading.default\">\n\t\t\t\t<div class=\"elementor-widget-container\">\n\t\t\t\t\t<h4 class=\"elementor-heading-title elementor-size-default\">Tu dep\u00f3sito desde 99\u20ac<\/h4>\t\t\t\t<\/div>\n\t\t\t\t<\/div>\n\t\t\t\t<div class=\"elementor-element elementor-element-2757ee64 elementor-widget__width-auto elementor-widget-tablet__width-initial elementor-widget elementor-widget-heading\" data-id=\"2757ee64\" data-element_type=\"widget\" data-e-type=\"widget\" data-widget_type=\"heading.default\">\n\t\t\t\t<div class=\"elementor-widget-container\">\n\t\t\t\t\t<p class=\"elementor-heading-title elementor-size-default\">Soluci\u00f3n de protecci\u00f3n de la propiedad intelectual<\/p>\t\t\t\t<\/div>\n\t\t\t\t<\/div>\n\t\t\t\t\t<\/div>\n\t\t<\/div>\n\t\t\t\t<div class=\"elementor-column elementor-col-50 elementor-top-column elementor-element elementor-element-acd01d\" data-id=\"acd01d\" data-element_type=\"column\" data-e-type=\"column\">\n\t\t\t<div class=\"elementor-widget-wrap elementor-element-populated\">\n\t\t\t\t\t\t<div class=\"elementor-element elementor-element-2a414d7f elementor-align-center elementor-widget elementor-widget-global elementor-global-32817 elementor-global-32682 elementor-widget-button\" data-id=\"2a414d7f\" data-element_type=\"widget\" data-e-type=\"widget\" data-settings=\"{&quot;_animation&quot;:&quot;none&quot;,&quot;_animation_delay&quot;:2700}\" data-widget_type=\"button.default\">\n\t\t\t\t<div class=\"elementor-widget-container\">\n\t\t\t\t\t\t\t\t\t<div class=\"elementor-button-wrapper\">\n\t\t\t\t\t<a class=\"elementor-button elementor-button-link elementor-size-md\" href=\"https:\/\/www.fidealis.com\/es\/registro\/\">\n\t\t\t\t\t\t<span class=\"elementor-button-content-wrapper\">\n\t\t\t\t\t\t<span class=\"elementor-button-icon\">\n\t\t\t\t<svg aria-hidden=\"true\" class=\"e-font-icon-svg e-fas-balance-scale\" viewBox=\"0 0 640 512\" xmlns=\"http:\/\/www.w3.org\/2000\/svg\"><path d=\"M256 336h-.02c0-16.18 1.34-8.73-85.05-181.51-17.65-35.29-68.19-35.36-85.87 0C-2.06 328.75.02 320.33.02 336H0c0 44.18 57.31 80 128 80s128-35.82 128-80zM128 176l72 144H56l72-144zm511.98 160c0-16.18 1.34-8.73-85.05-181.51-17.65-35.29-68.19-35.36-85.87 0-87.12 174.26-85.04 165.84-85.04 181.51H384c0 44.18 57.31 80 128 80s128-35.82 128-80h-.02zM440 320l72-144 72 144H440zm88 128H352V153.25c23.51-10.29 41.16-31.48 46.39-57.25H528c8.84 0 16-7.16 16-16V48c0-8.84-7.16-16-16-16H383.64C369.04 12.68 346.09 0 320 0s-49.04 12.68-63.64 32H112c-8.84 0-16 7.16-16 16v32c0 8.84 7.16 16 16 16h129.61c5.23 25.76 22.87 46.96 46.39 57.25V448H112c-8.84 0-16 7.16-16 16v32c0 8.84 7.16 16 16 16h416c8.84 0 16-7.16 16-16v-32c0-8.84-7.16-16-16-16z\"><\/path><\/svg>\t\t\t<\/span>\n\t\t\t\t\t\t\t\t\t<span class=\"elementor-button-text\">ARCHIVAR<\/span>\n\t\t\t\t\t<\/span>\n\t\t\t\t\t<\/a>\n\t\t\t\t<\/div>\n\t\t\t\t\t\t\t\t<\/div>\n\t\t\t\t<\/div>\n\t\t\t\t\t<\/div>\n\t\t<\/div>\n\t\t\t\t\t<\/div>\n\t\t<\/section>\n\t\t\t\t\t<\/div>\n\t\t<\/div>\n\t\t\t\t\t<\/div>\n\t\t<\/section>\n\t\t\t\t<section class=\"elementor-section elementor-top-section elementor-element elementor-element-ef56967 elementor-section-boxed elementor-section-height-default elementor-section-height-default\" data-id=\"ef56967\" data-element_type=\"section\" data-e-type=\"section\" data-settings=\"{&quot;_ha_eqh_enable&quot;:false}\">\n\t\t\t\t\t\t<div class=\"elementor-container elementor-column-gap-default\">\n\t\t\t\t\t<div class=\"elementor-column elementor-col-100 elementor-top-column elementor-element elementor-element-362e9c7\" data-id=\"362e9c7\" data-element_type=\"column\" data-e-type=\"column\">\n\t\t\t<div class=\"elementor-widget-wrap elementor-element-populated\">\n\t\t\t\t\t\t<div class=\"elementor-element elementor-element-7f658cf elementor-widget elementor-widget-text-editor\" data-id=\"7f658cf\" data-element_type=\"widget\" data-e-type=\"widget\" data-widget_type=\"text-editor.default\">\n\t\t\t\t<div class=\"elementor-widget-container\">\n\t\t\t\t\t\t\t\t\t<p>El <strong>aviso legal de Fidealis<\/strong> cumple con las disposiciones de los Art\u00edculos 6-III y 19 de la Ley n\u00ba 2004-575 de 21 de junio de 2004 para la Confianza en la Econom\u00eda Digital.<br>Se puede acceder al sitio web fidealis.com en la siguiente direcci\u00f3n: www.fidealis.com (en adelante \u00abel Sitio\u00bb). El acceso y uso del Sitio est\u00e1n sujetos al presente \u00abAviso Legal\u00bb que se detalla a continuaci\u00f3n, as\u00ed como a las leyes y\/o reglamentos aplicables.<br>La conexi\u00f3n, uso y acceso a este Sitio implica la aceptaci\u00f3n plena y sin reservas por parte del internauta de todas las disposiciones del presente Aviso Legal. <\/p><h2><strong>ART\u00cdCULO 1 &#8211; Informaci\u00f3n legal Fidealis<\/strong><\/h2><p>De conformidad con el art\u00edculo 6 de la Ley n\u00ba 2004-575 de 21 de junio de 2004 sobre la confianza en la econom\u00eda digital, este art\u00edculo especifica la identidad de las distintas partes implicadas en su aplicaci\u00f3n y control.<\/p><p>El sitio web www.fidealis.com est\u00e1 editado por:<br>&#8211; FIDEALIS SAS<br>&#8211; Sede social: 320 rue Saint HONORE 75001 PARIS<br>&#8211; Registro: RCS PARIS 439177144.<br>&#8211; Direcci\u00f3n de correo electr\u00f3nico: contact@fidealis.com<\/p><p>El sitio web Www.fidealis.com est\u00e1 alojado por : OVH<br>cuya sede social se encuentra en la siguiente direcci\u00f3n: 2 rue Kellermann 59100 Roubaix<br>Tel\u00e9fono: +33 (0)3 20 830 866<\/p><p>Se consideran usuarios todos los internautas que navegan, leen, ven y utilizan el sitio web fidealis.com.<\/p><h2>ART\u00cdCULO 2 &#8211; ACCESIBILIDAD<\/h2><p>En principio, el Sitio es accesible a los usuarios 24 horas al d\u00eda, 7 d\u00edas a la semana, salvo en caso de interrupci\u00f3n, programada o no, por motivos de mantenimiento o en caso de fuerza mayor.<br>En caso de imposibilidad de acceso al Sitio, \u00e9ste se compromete a hacer todo lo posible para restablecer el acceso. El Sitio no se hace responsable de los da\u00f1os que pudieran derivarse de su indisponibilidad.<\/p><h2>ART\u00cdCULO 3 &#8211; RECOGIDA DE DATOS Y LEY DE PROTECCI\u00d3N DE DATOS<\/h2><p>El sitio web fidealis.com respeta las disposiciones de la Ley 78-17 de 6 de enero de 1978 relativa a la inform\u00e1tica, a los ficheros y a las libertades. En virtud de ello, el Usuario se beneficia en particular de un derecho de oposici\u00f3n (art. 32 y 38), de acceso (art. 38 y 39) y rectificaci\u00f3n (art. 40) cualquier dato relativo al Usuario.<br>Para hacer uso de este derecho, el Usuario debe ponerse en contacto con el Editor en la siguiente direcci\u00f3n: contact@fidealis.com, o por correo postal dirigido a la direcci\u00f3n del Editor, indicando los apellidos, nombre(s), direcci\u00f3n y direcci\u00f3n(es) de correo electr\u00f3nico del Usuario.<\/p><h2>ART\u00cdCULO 4 &#8211; POL\u00cdTICA DE COOKIES<\/h2><p>El sitio Www.fidealis.com puede utilizar t\u00e9cnicas de \u00abcookies\u00bb para procesar estad\u00edsticas e informaci\u00f3n sobre el tr\u00e1fico, facilitar la navegaci\u00f3n y mejorar el servicio para la comodidad del Usuario.<br>De conformidad con la legislaci\u00f3n europea, el sitio fidealis.com ha actualizado su pol\u00edtica de confidencialidad con respecto a las cookies. El Usuario es libre de aceptar o rechazar las cookies de todos los sitios web modificando la configuraci\u00f3n de su navegador web.<\/p><h2>ART\u00cdCULO 5 &#8211; LEY APLICABLE Y JURISDICCI\u00d3N<\/h2><p>El presente Aviso Legal se rige por la legislaci\u00f3n francesa. En caso de litigio y a falta de acuerdo amistoso, \u00e9ste se someter\u00e1 a los tribunales franceses de conformidad con las normas de competencia vigentes.<\/p><h2>ART\u00cdCULO 6 &#8211; CONTACTO<\/h2><p>Para denunciar contenidos o actividades ilegales, los Usuarios pueden ponerse en contacto con el Editor en la siguiente direcci\u00f3n: webmaster@fidealis.com, o por correo certificado con acuse de recibo dirigido al Editor en la direcci\u00f3n especificada en este aviso legal.<\/p><p>\u00a1Disfrute de su visita a www.fidealis.com!<\/p>\t\t\t\t\t\t\t\t<\/div>\n\t\t\t\t<\/div>\n\t\t\t\t<div class=\"elementor-element elementor-element-6b11989 elementor-widget elementor-widget-text-editor\" data-id=\"6b11989\" data-element_type=\"widget\" data-e-type=\"widget\" data-widget_type=\"text-editor.default\">\n\t\t\t\t<div class=\"elementor-widget-container\">\n\t\t\t\t\t\t\t\t\t<p> <\/p><p>Volver a la<a href=\"https:\/\/www.fidealis.com\/es\/\" target=\"_blank\" rel=\"noopener noreferrer\">p\u00e1gina de inicio de Fidealis<\/a>.<\/p><p>Visita el sitio web <a href=\"https:\/\/www.cnil.fr\/\" target=\"_blank\" rel=\"noopener noreferrer\">de la CNIL<\/a> para obtener m\u00e1s informaci\u00f3n sobre tus derechos.<\/p>\t\t\t\t\t\t\t\t<\/div>\n\t\t\t\t<\/div>\n\t\t\t\t\t<\/div>\n\t\t<\/div>\n\t\t\t\t\t<\/div>\n\t\t<\/section>\n\t\t\t\t<\/div>\n\t\t","protected":false},"excerpt":{"rendered":"<p>Votre d\u00e9p\u00f4t \u00e0 partir de 99\u20ac Soluci\u00f3n de protecci\u00f3n de la propiedad intelectual D\u00c9POSER MAINTENANT El aviso legal de Fidealis cumple con las disposiciones de los Art\u00edculos 6-III y 19 de la Ley n\u00ba 2004-575 de 21 de junio de 2004 para la Confianza en la Econom\u00eda Digital.Se puede acceder al sitio web fidealis.com en [&hellip;]<\/p>\n","protected":false},"author":1,"featured_media":0,"parent":0,"menu_order":0,"comment_status":"closed","ping_status":"closed","template":"elementor_header_footer","meta":{"footnotes":""},"class_list":["post-31843","page","type-page","status-publish","hentry"],"_links":{"self":[{"href":"https:\/\/www.fidealis.com\/es\/wp-json\/wp\/v2\/pages\/31843","targetHints":{"allow":["GET"]}}],"collection":[{"href":"https:\/\/www.fidealis.com\/es\/wp-json\/wp\/v2\/pages"}],"about":[{"href":"https:\/\/www.fidealis.com\/es\/wp-json\/wp\/v2\/types\/page"}],"author":[{"embeddable":true,"href":"https:\/\/www.fidealis.com\/es\/wp-json\/wp\/v2\/users\/1"}],"replies":[{"embeddable":true,"href":"https:\/\/www.fidealis.com\/es\/wp-json\/wp\/v2\/comments?post=31843"}],"version-history":[{"count":6,"href":"https:\/\/www.fidealis.com\/es\/wp-json\/wp\/v2\/pages\/31843\/revisions"}],"predecessor-version":[{"id":40029,"href":"https:\/\/www.fidealis.com\/es\/wp-json\/wp\/v2\/pages\/31843\/revisions\/40029"}],"wp:attachment":[{"href":"https:\/\/www.fidealis.com\/es\/wp-json\/wp\/v2\/media?parent=31843"}],"curies":[{"name":"wp","href":"https:\/\/api.w.org\/{rel}","templated":true}]}}