{"id":31851,"date":"2023-06-19T13:48:38","date_gmt":"2023-06-19T11:48:38","guid":{"rendered":"https:\/\/beta.fidealis.com\/el-equipo-fidealis-a-su-servicio\/"},"modified":"2026-04-19T12:06:50","modified_gmt":"2026-04-19T10:06:50","slug":"contactanos","status":"publish","type":"page","link":"https:\/\/www.fidealis.com\/es\/quienes-somos\/contactanos\/","title":{"rendered":"El equipo Fidealis a tu servicio"},"content":{"rendered":"\t\t<div data-elementor-type=\"wp-page\" data-elementor-id=\"31851\" class=\"elementor elementor-31851 elementor-19990\" data-elementor-settings=\"{&quot;ha_cmc_init_switcher&quot;:&quot;no&quot;}\" data-elementor-post-type=\"page\">\n\t\t\t\t\t\t<section class=\"elementor-section elementor-top-section elementor-element elementor-element-1d4301c0 elementor-section-height-min-height elementor-section-boxed elementor-section-height-default elementor-section-items-middle\" data-id=\"1d4301c0\" data-element_type=\"section\" data-e-type=\"section\" data-settings=\"{&quot;background_background&quot;:&quot;classic&quot;,&quot;_ha_eqh_enable&quot;:false}\">\n\t\t\t\t\t\t\t<div class=\"elementor-background-overlay\"><\/div>\n\t\t\t\t\t\t\t<div class=\"elementor-container elementor-column-gap-default\">\n\t\t\t\t\t<div class=\"elementor-column elementor-col-100 elementor-top-column elementor-element elementor-element-691b9c9\" data-id=\"691b9c9\" data-element_type=\"column\" data-e-type=\"column\" data-settings=\"{&quot;background_background&quot;:&quot;classic&quot;}\">\n\t\t\t<div class=\"elementor-widget-wrap elementor-element-populated\">\n\t\t\t\t\t\t<div class=\"elementor-element elementor-element-3724a435 elementor-widget elementor-widget-theme-post-title elementor-page-title elementor-widget-heading\" data-id=\"3724a435\" data-element_type=\"widget\" data-e-type=\"widget\" data-widget_type=\"theme-post-title.default\">\n\t\t\t\t<div class=\"elementor-widget-container\">\n\t\t\t\t\t<h1 class=\"elementor-heading-title elementor-size-default\">El equipo Fidealis a tu servicio<\/h1>\t\t\t\t<\/div>\n\t\t\t\t<\/div>\n\t\t\t\t<div class=\"elementor-element elementor-element-2f661a6 elementor-widget elementor-widget-text-editor\" data-id=\"2f661a6\" data-element_type=\"widget\" data-e-type=\"widget\" data-widget_type=\"text-editor.default\">\n\t\t\t\t<div class=\"elementor-widget-container\">\n\t\t\t\t\t\t\t\t\t<p>Si necesitas proteger tus creaciones, conocer nuestras ofertas u obtener un presupuesto, nuestro equipo de expertos se pondr\u00e1 en contacto contigo r\u00e1pidamente.<\/p>\t\t\t\t\t\t\t\t<\/div>\n\t\t\t\t<\/div>\n\t\t<div class=\"elementor-element elementor-element-55d66f4 e-grid e-con-boxed e-con e-parent\" data-id=\"55d66f4\" data-element_type=\"container\" data-e-type=\"container\" data-settings=\"{&quot;_ha_eqh_enable&quot;:false}\">\n\t\t\t\t\t<div class=\"e-con-inner\">\n\t\t\t\t<div class=\"elementor-element elementor-element-17ec0dd elementor-widget elementor-widget-global elementor-global-40221 elementor-global-38826 elementor-widget-text-editor\" data-id=\"17ec0dd\" data-element_type=\"widget\" data-e-type=\"widget\" data-widget_type=\"text-editor.default\">\n\t\t\t\t<div class=\"elementor-widget-container\">\n\t\t\t\t\t\t\t\t\t<h6><strong>12.000 clientes creativos<\/strong><\/h6>\t\t\t\t\t\t\t\t<\/div>\n\t\t\t\t<\/div>\n\t\t\t\t<div class=\"elementor-element elementor-element-7de4e98 elementor-widget elementor-widget-global elementor-global-40217 elementor-global-38829 elementor-widget-text-editor\" data-id=\"7de4e98\" data-element_type=\"widget\" data-e-type=\"widget\" data-widget_type=\"text-editor.default\">\n\t\t\t\t<div class=\"elementor-widget-container\">\n\t\t\t\t\t\t\t\t\t<h6><strong>+1.700.000 creaciones protegidas<\/strong><\/h6>\t\t\t\t\t\t\t\t<\/div>\n\t\t\t\t<\/div>\n\t\t\t\t<div class=\"elementor-element elementor-element-fdffa64 elementor-widget elementor-widget-global elementor-global-40231 elementor-global-38832 elementor-widget-text-editor\" data-id=\"fdffa64\" data-element_type=\"widget\" data-e-type=\"widget\" data-widget_type=\"text-editor.default\">\n\t\t\t\t<div class=\"elementor-widget-container\">\n\t\t\t\t\t\t\t\t\t<h6><strong> <\/strong><strong>Valoraci\u00f3n Google : 4.5  <\/strong><\/h6>\t\t\t\t\t\t\t\t<\/div>\n\t\t\t\t<\/div>\n\t\t\t\t\t<\/div>\n\t\t\t\t<\/div>\n\t\t\t\t\t<\/div>\n\t\t<\/div>\n\t\t\t\t\t<\/div>\n\t\t<\/section>\n\t\t\t\t<section class=\"elementor-section elementor-inner-section elementor-element elementor-element-62eea708 elementor-section-content-middle elementor-section-boxed elementor-section-height-default elementor-section-height-default\" data-id=\"62eea708\" data-element_type=\"section\" data-e-type=\"section\" data-settings=\"{&quot;background_background&quot;:&quot;classic&quot;}\">\n\t\t\t\t\t\t<div class=\"elementor-container elementor-column-gap-no\">\n\t\t\t\t\t<div class=\"elementor-column elementor-col-20 elementor-inner-column elementor-element elementor-element-c555eea\" data-id=\"c555eea\" data-element_type=\"column\" data-e-type=\"column\">\n\t\t\t<div class=\"elementor-widget-wrap elementor-element-populated\">\n\t\t\t\t\t\t<div class=\"elementor-element elementor-element-1a1feb77 elementor-widget elementor-widget-image\" data-id=\"1a1feb77\" data-element_type=\"widget\" data-e-type=\"widget\" data-widget_type=\"image.default\">\n\t\t\t\t<div class=\"elementor-widget-container\">\n\t\t\t\t\t\t\t\t\t\t\t\t\t\t\t<img decoding=\"async\" width=\"430\" height=\"80\" src=\"https:\/\/www.fidealis.com\/wp-content\/uploads\/2023\/06\/logo-sandro-2.png\" class=\"attachment-large size-large wp-image-27062\" alt=\"\" srcset=\"https:\/\/www.fidealis.com\/wp-content\/uploads\/2023\/06\/logo-sandro-2.png 430w, https:\/\/www.fidealis.com\/wp-content\/uploads\/2023\/06\/logo-sandro-2-300x56.png 300w\" sizes=\"(max-width: 430px) 100vw, 430px\" \/>\t\t\t\t\t\t\t\t\t\t\t\t\t\t\t<\/div>\n\t\t\t\t<\/div>\n\t\t\t\t\t<\/div>\n\t\t<\/div>\n\t\t\t\t<div class=\"elementor-column elementor-col-20 elementor-inner-column elementor-element elementor-element-7328c087\" data-id=\"7328c087\" data-element_type=\"column\" data-e-type=\"column\">\n\t\t\t<div class=\"elementor-widget-wrap elementor-element-populated\">\n\t\t\t\t\t\t<div class=\"elementor-element elementor-element-20231d2f elementor-widget elementor-widget-image\" data-id=\"20231d2f\" data-element_type=\"widget\" data-e-type=\"widget\" data-widget_type=\"image.default\">\n\t\t\t\t<div class=\"elementor-widget-container\">\n\t\t\t\t\t\t\t\t\t\t\t\t\t\t\t<img fetchpriority=\"high\" decoding=\"async\" width=\"500\" height=\"120\" src=\"https:\/\/www.fidealis.com\/wp-content\/uploads\/2023\/06\/logo-redskins.webp\" class=\"attachment-large size-large wp-image-27064\" alt=\"\" srcset=\"https:\/\/www.fidealis.com\/wp-content\/uploads\/2023\/06\/logo-redskins.webp 500w, https:\/\/www.fidealis.com\/wp-content\/uploads\/2023\/06\/logo-redskins-300x72.webp 300w\" sizes=\"(max-width: 500px) 100vw, 500px\" \/>\t\t\t\t\t\t\t\t\t\t\t\t\t\t\t<\/div>\n\t\t\t\t<\/div>\n\t\t\t\t\t<\/div>\n\t\t<\/div>\n\t\t\t\t<div class=\"elementor-column elementor-col-20 elementor-inner-column elementor-element elementor-element-3bbeb44e\" data-id=\"3bbeb44e\" data-element_type=\"column\" data-e-type=\"column\">\n\t\t\t<div class=\"elementor-widget-wrap elementor-element-populated\">\n\t\t\t\t\t\t<div class=\"elementor-element elementor-element-1bb9966a elementor-widget elementor-widget-image\" data-id=\"1bb9966a\" data-element_type=\"widget\" data-e-type=\"widget\" data-widget_type=\"image.default\">\n\t\t\t\t<div class=\"elementor-widget-container\">\n\t\t\t\t\t\t\t\t\t\t\t\t\t\t\t<img decoding=\"async\" width=\"430\" height=\"120\" src=\"https:\/\/www.fidealis.com\/wp-content\/uploads\/2023\/06\/logo-kookai-1.png\" class=\"attachment-large size-large wp-image-27066\" alt=\"\" srcset=\"https:\/\/www.fidealis.com\/wp-content\/uploads\/2023\/06\/logo-kookai-1.png 430w, https:\/\/www.fidealis.com\/wp-content\/uploads\/2023\/06\/logo-kookai-1-300x84.png 300w\" sizes=\"(max-width: 430px) 100vw, 430px\" \/>\t\t\t\t\t\t\t\t\t\t\t\t\t\t\t<\/div>\n\t\t\t\t<\/div>\n\t\t\t\t\t<\/div>\n\t\t<\/div>\n\t\t\t\t<div class=\"elementor-column elementor-col-20 elementor-inner-column elementor-element elementor-element-4e4eb2bd\" data-id=\"4e4eb2bd\" data-element_type=\"column\" data-e-type=\"column\">\n\t\t\t<div class=\"elementor-widget-wrap elementor-element-populated\">\n\t\t\t\t\t\t<div class=\"elementor-element elementor-element-70d9e026 elementor-widget elementor-widget-image\" data-id=\"70d9e026\" data-element_type=\"widget\" data-e-type=\"widget\" data-widget_type=\"image.default\">\n\t\t\t\t<div class=\"elementor-widget-container\">\n\t\t\t\t\t\t\t\t\t\t\t\t\t\t\t<img loading=\"lazy\" decoding=\"async\" width=\"400\" height=\"120\" src=\"https:\/\/www.fidealis.com\/wp-content\/uploads\/2023\/06\/Cityscoot-logo.webp\" class=\"attachment-large size-large wp-image-27068\" alt=\"\" srcset=\"https:\/\/www.fidealis.com\/wp-content\/uploads\/2023\/06\/Cityscoot-logo.webp 400w, https:\/\/www.fidealis.com\/wp-content\/uploads\/2023\/06\/Cityscoot-logo-300x90.webp 300w\" sizes=\"(max-width: 400px) 100vw, 400px\" \/>\t\t\t\t\t\t\t\t\t\t\t\t\t\t\t<\/div>\n\t\t\t\t<\/div>\n\t\t\t\t\t<\/div>\n\t\t<\/div>\n\t\t\t\t<div class=\"elementor-column elementor-col-20 elementor-inner-column elementor-element elementor-element-69301493\" data-id=\"69301493\" data-element_type=\"column\" data-e-type=\"column\">\n\t\t\t<div class=\"elementor-widget-wrap elementor-element-populated\">\n\t\t\t\t\t\t<div class=\"elementor-element elementor-element-29157aab elementor-widget elementor-widget-image\" data-id=\"29157aab\" data-element_type=\"widget\" data-e-type=\"widget\" data-widget_type=\"image.default\">\n\t\t\t\t<div class=\"elementor-widget-container\">\n\t\t\t\t\t\t\t\t\t\t\t\t\t\t\t<img loading=\"lazy\" decoding=\"async\" width=\"312\" height=\"80\" src=\"https:\/\/www.fidealis.com\/wp-content\/uploads\/2023\/06\/logo-catimini-1.png\" class=\"attachment-large size-large wp-image-27070\" alt=\"\" srcset=\"https:\/\/www.fidealis.com\/wp-content\/uploads\/2023\/06\/logo-catimini-1.png 312w, https:\/\/www.fidealis.com\/wp-content\/uploads\/2023\/06\/logo-catimini-1-300x77.png 300w\" sizes=\"(max-width: 312px) 100vw, 312px\" \/>\t\t\t\t\t\t\t\t\t\t\t\t\t\t\t<\/div>\n\t\t\t\t<\/div>\n\t\t\t\t\t<\/div>\n\t\t<\/div>\n\t\t\t\t\t<\/div>\n\t\t<\/section>\n\t\t\t\t<section class=\"elementor-section elementor-top-section elementor-element elementor-element-343472ca elementor-section-full_width elementor-section-height-default elementor-section-height-default\" data-id=\"343472ca\" data-element_type=\"section\" data-e-type=\"section\" data-settings=\"{&quot;_ha_eqh_enable&quot;:false}\">\n\t\t\t\t\t\t<div class=\"elementor-container elementor-column-gap-default\">\n\t\t\t\t\t<div class=\"elementor-column elementor-col-100 elementor-top-column elementor-element elementor-element-334da8fd\" data-id=\"334da8fd\" data-element_type=\"column\" data-e-type=\"column\" data-settings=\"{&quot;background_background&quot;:&quot;classic&quot;}\">\n\t\t\t<div class=\"elementor-widget-wrap elementor-element-populated\">\n\t\t\t\t\t\t<section class=\"elementor-section elementor-top-section elementor-element elementor-element-688b2aa3 elementor-section-content-middle elementor-section-boxed elementor-section-height-default elementor-section-height-default\" data-id=\"688b2aa3\" data-element_type=\"section\" data-e-type=\"section\" data-settings=\"{&quot;_ha_eqh_enable&quot;:false}\">\n\t\t\t\t\t\t<div class=\"elementor-container elementor-column-gap-default\">\n\t\t\t\t\t<div class=\"elementor-column elementor-col-50 elementor-top-column elementor-element elementor-element-2fa5c92a\" data-id=\"2fa5c92a\" data-element_type=\"column\" data-e-type=\"column\">\n\t\t\t<div class=\"elementor-widget-wrap elementor-element-populated\">\n\t\t\t\t\t\t<div class=\"elementor-element elementor-element-2b2ec111 elementor-widget__width-auto elementor-widget elementor-widget-global elementor-global-34024 elementor-global-33696 elementor-widget-heading\" data-id=\"2b2ec111\" data-element_type=\"widget\" data-e-type=\"widget\" data-widget_type=\"heading.default\">\n\t\t\t\t<div class=\"elementor-widget-container\">\n\t\t\t\t\t<h4 class=\"elementor-heading-title elementor-size-default\">Tu dep\u00f3sito desde 99\u20ac<\/h4>\t\t\t\t<\/div>\n\t\t\t\t<\/div>\n\t\t\t\t<div class=\"elementor-element elementor-element-373f68c1 elementor-widget__width-auto elementor-widget-tablet__width-initial elementor-widget elementor-widget-heading\" data-id=\"373f68c1\" data-element_type=\"widget\" data-e-type=\"widget\" data-widget_type=\"heading.default\">\n\t\t\t\t<div class=\"elementor-widget-container\">\n\t\t\t\t\t<p class=\"elementor-heading-title elementor-size-default\">Soluci\u00f3n de protecci\u00f3n de la propiedad intelectual<\/p>\t\t\t\t<\/div>\n\t\t\t\t<\/div>\n\t\t\t\t\t<\/div>\n\t\t<\/div>\n\t\t\t\t<div class=\"elementor-column elementor-col-50 elementor-top-column elementor-element elementor-element-4f66c7ee\" data-id=\"4f66c7ee\" data-element_type=\"column\" data-e-type=\"column\">\n\t\t\t<div class=\"elementor-widget-wrap elementor-element-populated\">\n\t\t\t\t\t\t<div class=\"elementor-element elementor-element-1f28a7e2 elementor-align-center elementor-widget elementor-widget-global elementor-global-32817 elementor-global-32682 elementor-widget-button\" data-id=\"1f28a7e2\" data-element_type=\"widget\" data-e-type=\"widget\" data-settings=\"{&quot;_animation&quot;:&quot;none&quot;,&quot;_animation_delay&quot;:2700}\" data-widget_type=\"button.default\">\n\t\t\t\t<div class=\"elementor-widget-container\">\n\t\t\t\t\t\t\t\t\t<div class=\"elementor-button-wrapper\">\n\t\t\t\t\t<a class=\"elementor-button elementor-button-link elementor-size-md\" href=\"https:\/\/www.fidealis.com\/es\/registro\/\">\n\t\t\t\t\t\t<span class=\"elementor-button-content-wrapper\">\n\t\t\t\t\t\t<span class=\"elementor-button-icon\">\n\t\t\t\t<svg aria-hidden=\"true\" class=\"e-font-icon-svg e-fas-balance-scale\" viewBox=\"0 0 640 512\" xmlns=\"http:\/\/www.w3.org\/2000\/svg\"><path d=\"M256 336h-.02c0-16.18 1.34-8.73-85.05-181.51-17.65-35.29-68.19-35.36-85.87 0C-2.06 328.75.02 320.33.02 336H0c0 44.18 57.31 80 128 80s128-35.82 128-80zM128 176l72 144H56l72-144zm511.98 160c0-16.18 1.34-8.73-85.05-181.51-17.65-35.29-68.19-35.36-85.87 0-87.12 174.26-85.04 165.84-85.04 181.51H384c0 44.18 57.31 80 128 80s128-35.82 128-80h-.02zM440 320l72-144 72 144H440zm88 128H352V153.25c23.51-10.29 41.16-31.48 46.39-57.25H528c8.84 0 16-7.16 16-16V48c0-8.84-7.16-16-16-16H383.64C369.04 12.68 346.09 0 320 0s-49.04 12.68-63.64 32H112c-8.84 0-16 7.16-16 16v32c0 8.84 7.16 16 16 16h129.61c5.23 25.76 22.87 46.96 46.39 57.25V448H112c-8.84 0-16 7.16-16 16v32c0 8.84 7.16 16 16 16h416c8.84 0 16-7.16 16-16v-32c0-8.84-7.16-16-16-16z\"><\/path><\/svg>\t\t\t<\/span>\n\t\t\t\t\t\t\t\t\t<span class=\"elementor-button-text\">ARCHIVAR<\/span>\n\t\t\t\t\t<\/span>\n\t\t\t\t\t<\/a>\n\t\t\t\t<\/div>\n\t\t\t\t\t\t\t\t<\/div>\n\t\t\t\t<\/div>\n\t\t\t\t\t<\/div>\n\t\t<\/div>\n\t\t\t\t\t<\/div>\n\t\t<\/section>\n\t\t\t\t\t<\/div>\n\t\t<\/div>\n\t\t\t\t\t<\/div>\n\t\t<\/section>\n\t\t\t\t<section class=\"elementor-section elementor-top-section elementor-element elementor-element-9efee31 elementor-section-boxed elementor-section-height-default elementor-section-height-default\" data-id=\"9efee31\" data-element_type=\"section\" data-e-type=\"section\" data-settings=\"{&quot;_ha_eqh_enable&quot;:false}\">\n\t\t\t\t\t\t<div class=\"elementor-container elementor-column-gap-default\">\n\t\t\t\t\t<div class=\"elementor-column elementor-col-50 elementor-top-column elementor-element elementor-element-94c2eef\" data-id=\"94c2eef\" data-element_type=\"column\" data-e-type=\"column\">\n\t\t\t<div class=\"elementor-widget-wrap elementor-element-populated\">\n\t\t\t\t\t\t<div class=\"elementor-element elementor-element-723c9f2 elementor-widget elementor-widget-text-editor\" data-id=\"723c9f2\" data-element_type=\"widget\" data-e-type=\"widget\" data-widget_type=\"text-editor.default\">\n\t\t\t\t<div class=\"elementor-widget-container\">\n\t\t\t\t\t\t\t\t\t<p class=\"lead\">Para <strong>contactar con Fidealis<\/strong>, nuestro equipo est\u00e1 a tu disposici\u00f3n. 320 Rue St Honor\u00e9, 75001 Par\u00eds, Francia. <\/p><p class=\"lead\">Estamos disponibles de 9.00 a 19.00 (hora de Par\u00eds).<\/p><p class=\"lead\">Correo electr\u00f3nico: <a href=\"https:\/\/www.fidealis.com\/qui-sommes-nous\/contactez-nous\/#\">contact@fidealis.com<\/a><br>Tel\u00e9fono: <a class=\"sip-caller-node\" href=\"sip:+61348272294\">+33 1 82 83 16 69<\/a><\/p><p class=\"ds-markdown-paragraph\"><strong>\u00bfPor qu\u00e9 elegirnos?<\/strong><\/p><p class=\"ds-markdown-paragraph\">Fidealis lleva m\u00e1s de 20 a\u00f1os protegiendo tus creaciones. Con m\u00e1s de 1.700.000 dise\u00f1os protegidos y 12.000 clientes dise\u00f1adores, nuestra experiencia est\u00e1 reconocida por los tribunales. <\/p><p class=\"ds-markdown-paragraph\"><strong>\u00bfTienes un proyecto?<\/strong><\/p><p class=\"ds-markdown-paragraph\">Tanto si eres artista, dise\u00f1ador, fot\u00f3grafo, m\u00fasico, arquitecto o desarrollador, nuestro equipo te ayudar\u00e1 a elegir la soluci\u00f3n que mejor se adapte a tus necesidades: registro de derechos de autor, sellado de tiempo, autenticaci\u00f3n web, custodia de software, etc.<\/p><p class=\"ds-markdown-paragraph\"><strong>\u00bfNecesitas asistencia t\u00e9cnica?<\/strong><\/p><p class=\"ds-markdown-paragraph\">\u00bfTienes alguna pregunta sobre tu \u00e1rea de clientes? \u00bfUn problema de dep\u00f3sito? Ponte en contacto con nuestro equipo de asistencia t\u00e9cnica en contact@fidealis.com. Te responderemos en 24 horas.   <\/p><p class=\"ds-markdown-paragraph\"><strong>Presupuesto gratuito<\/strong><\/p><p class=\"ds-markdown-paragraph\">Pide un presupuesto personalizado para proteger tus creaciones. Nuestras ofertas PRO ONE, PRO CREA y PRO TEAM se adaptan a todos los presupuestos. <\/p>\t\t\t\t\t\t\t\t<\/div>\n\t\t\t\t<\/div>\n\t\t\t\t\t<\/div>\n\t\t<\/div>\n\t\t\t\t<div class=\"elementor-column elementor-col-50 elementor-top-column elementor-element elementor-element-3dd99c3\" data-id=\"3dd99c3\" data-element_type=\"column\" data-e-type=\"column\">\n\t\t\t<div class=\"elementor-widget-wrap elementor-element-populated\">\n\t\t\t\t\t\t<div class=\"elementor-element elementor-element-b85996b elementor-button-align-stretch elementor-widget elementor-widget-form\" data-id=\"b85996b\" data-element_type=\"widget\" data-e-type=\"widget\" data-settings=\"{&quot;step_next_label&quot;:&quot;Siguiente&quot;,&quot;step_previous_label&quot;:&quot;Anterior&quot;,&quot;button_width&quot;:&quot;100&quot;,&quot;step_type&quot;:&quot;number_text&quot;,&quot;step_icon_shape&quot;:&quot;circle&quot;}\" data-widget_type=\"form.default\">\n\t\t\t\t<div class=\"elementor-widget-container\">\n\t\t\t\t\t\t\t<form class=\"elementor-form\" method=\"post\" name=\"Nuevo formulario\" aria-label=\"Nuevo formulario\">\n\t\t\t<input type=\"hidden\" name=\"post_id\" value=\"31851\"\/>\n\t\t\t<input type=\"hidden\" name=\"form_id\" value=\"b85996b\"\/>\n\t\t\t<input type=\"hidden\" name=\"referer_title\" value=\"Fidealis\" \/>\n\n\t\t\t\n\t\t\t<div class=\"elementor-form-fields-wrapper elementor-labels-\">\n\t\t\t\t\t\t\t\t<div class=\"elementor-field-type-text elementor-field-group elementor-column elementor-field-group-firstname elementor-col-50\">\n\t\t\t\t\t\t\t\t\t\t\t\t<label for=\"form-field-firstname\" class=\"elementor-field-label elementor-screen-only\">\n\t\t\t\t\t\t\t\tapellido\t\t\t\t\t\t\t<\/label>\n\t\t\t\t\t\t\t\t\t\t\t\t\t\t<input size=\"1\" type=\"text\" name=\"form_fields[firstname]\" id=\"form-field-firstname\" class=\"elementor-field elementor-size-sm  elementor-field-textual\" placeholder=\"Nombre\">\n\t\t\t\t\t\t\t\t\t\t\t<\/div>\n\t\t\t\t\t\t\t\t<div class=\"elementor-field-type-text elementor-field-group elementor-column elementor-field-group-field_bd34452 elementor-col-50\">\n\t\t\t\t\t\t\t\t\t\t\t\t<label for=\"form-field-field_bd34452\" class=\"elementor-field-label elementor-screen-only\">\n\t\t\t\t\t\t\t\tnombre\t\t\t\t\t\t\t<\/label>\n\t\t\t\t\t\t\t\t\t\t\t\t\t\t<input size=\"1\" type=\"text\" name=\"form_fields[field_bd34452]\" id=\"form-field-field_bd34452\" class=\"elementor-field elementor-size-sm  elementor-field-textual\" placeholder=\"Nombre\">\n\t\t\t\t\t\t\t\t\t\t\t<\/div>\n\t\t\t\t\t\t\t\t<div class=\"elementor-field-type-text elementor-field-group elementor-column elementor-field-group-field_e78a5ba elementor-col-50\">\n\t\t\t\t\t\t\t\t\t\t\t\t<label for=\"form-field-field_e78a5ba\" class=\"elementor-field-label elementor-screen-only\">\n\t\t\t\t\t\t\t\ttel\u00e9fono\t\t\t\t\t\t\t<\/label>\n\t\t\t\t\t\t\t\t\t\t\t\t\t\t<input size=\"1\" type=\"text\" name=\"form_fields[field_e78a5ba]\" id=\"form-field-field_e78a5ba\" class=\"elementor-field elementor-size-sm  elementor-field-textual\" placeholder=\"Tel\u00e9fono\">\n\t\t\t\t\t\t\t\t\t\t\t<\/div>\n\t\t\t\t\t\t\t\t<div class=\"elementor-field-type-email elementor-field-group elementor-column elementor-field-group-email elementor-col-50 elementor-field-required\">\n\t\t\t\t\t\t\t\t\t\t\t\t<label for=\"form-field-email\" class=\"elementor-field-label elementor-screen-only\">\n\t\t\t\t\t\t\t\tcorreo electr\u00f3nico\t\t\t\t\t\t\t<\/label>\n\t\t\t\t\t\t\t\t\t\t\t\t\t\t<input size=\"1\" type=\"email\" name=\"form_fields[email]\" id=\"form-field-email\" class=\"elementor-field elementor-size-sm  elementor-field-textual\" placeholder=\"Env\u00eda un correo electr\u00f3nico a\" required=\"required\">\n\t\t\t\t\t\t\t\t\t\t\t<\/div>\n\t\t\t\t\t\t\t\t<div class=\"elementor-field-type-textarea elementor-field-group elementor-column elementor-field-group-message elementor-col-100 elementor-field-required\">\n\t\t\t\t\t\t\t\t\t\t\t\t<label for=\"form-field-message\" class=\"elementor-field-label elementor-screen-only\">\n\t\t\t\t\t\t\t\tmensaje\t\t\t\t\t\t\t<\/label>\n\t\t\t\t\t\t<textarea class=\"elementor-field-textual elementor-field  elementor-size-sm\" name=\"form_fields[message]\" id=\"form-field-message\" rows=\"4\" placeholder=\"Mensaje\" required=\"required\"><\/textarea>\t\t\t\t<\/div>\n\t\t\t\t\t\t\t\t<div class=\"elementor-field-type-recaptcha_v3 elementor-field-group elementor-column elementor-field-group-field_13dbd8a elementor-col-100 recaptcha_v3-bottomright\">\n\t\t\t\t\t<div class=\"elementor-field\" id=\"form-field-field_13dbd8a\"><div class=\"elementor-g-recaptcha\" data-sitekey=\"6LcbtIknAAAAAHkFjUluiaiYs73_KtAgWKGk2v03\" data-type=\"v3\" data-action=\"Form\" data-badge=\"bottomright\" data-size=\"invisible\"><\/div><\/div>\t\t\t\t<\/div>\n\t\t\t\t\t\t\t\t<div class=\"elementor-field-type-hidden elementor-field-group elementor-column elementor-field-group-origin elementor-col-100\">\n\t\t\t\t\t\t\t\t\t\t\t\t\t<input size=\"1\" type=\"hidden\" name=\"form_fields[origin]\" id=\"form-field-origin\" class=\"elementor-field elementor-size-sm  elementor-field-textual\" value=\"fidealis.com\/es\/contact\">\n\t\t\t\t\t\t\t\t\t\t\t<\/div>\n\t\t\t\t\t\t\t\t<div class=\"elementor-field-type-hidden elementor-field-group elementor-column elementor-field-group-language elementor-col-100\">\n\t\t\t\t\t\t\t\t\t\t\t\t\t<input size=\"1\" type=\"hidden\" name=\"form_fields[language]\" id=\"form-field-language\" class=\"elementor-field elementor-size-sm  elementor-field-textual\" value=\"es_ES\">\n\t\t\t\t\t\t\t\t\t\t\t<\/div>\n\t\t\t\t\t\t\t\t<div class=\"elementor-field-type-hidden elementor-field-group elementor-column elementor-field-group-gclid elementor-col-100\">\n\t\t\t\t\t\t\t\t\t\t\t\t\t<input size=\"1\" type=\"hidden\" name=\"form_fields[gclid]\" id=\"form-field-gclid\" class=\"elementor-field elementor-size-sm  elementor-field-textual\">\n\t\t\t\t\t\t\t\t\t\t\t<\/div>\n\t\t\t\t\t\t\t\t<div class=\"elementor-field-group elementor-column elementor-field-type-submit elementor-col-100 e-form__buttons\">\n\t\t\t\t\t<button class=\"elementor-button elementor-size-sm\" type=\"submit\">\n\t\t\t\t\t\t<span class=\"elementor-button-content-wrapper\">\n\t\t\t\t\t\t\t\t\t\t\t\t\t\t\t\t\t\t\t\t\t\t<span class=\"elementor-button-text\">Env\u00eda<\/span>\n\t\t\t\t\t\t\t\t\t\t\t\t\t<\/span>\n\t\t\t\t\t<\/button>\n\t\t\t\t<\/div>\n\t\t\t<\/div>\n\t\t<\/form>\n\t\t\t\t\t\t<\/div>\n\t\t\t\t<\/div>\n\t\t\t\t\t<\/div>\n\t\t<\/div>\n\t\t\t\t\t<\/div>\n\t\t<\/section>\n\t\t<div class=\"elementor-element elementor-element-dd757bb e-grid e-con-boxed e-con e-parent\" data-id=\"dd757bb\" data-element_type=\"container\" data-e-type=\"container\" data-settings=\"{&quot;_ha_eqh_enable&quot;:false}\">\n\t\t\t\t\t<div class=\"e-con-inner\">\n\t\t\t\t<div class=\"elementor-element elementor-element-c03b7d8 elementor-widget elementor-widget-text-editor\" data-id=\"c03b7d8\" data-element_type=\"widget\" data-e-type=\"widget\" data-widget_type=\"text-editor.default\">\n\t\t\t\t<div class=\"elementor-widget-container\">\n\t\t\t\t\t\t\t\t\t<p>M\u00e1s informaci\u00f3n sobre nuestros <a href=\"https:\/\/qui-sommes-nous-fidealis\/nos-services\" target=\"_blank\" rel=\"noopener noreferrer\">servicios de protecci\u00f3n creativa<\/a>.<\/p><p>M\u00e1s informaci\u00f3n sobre <a href=\"https:\/\/www.inpi.fr\/\" target=\"_blank\" rel=\"noopener noreferrer\">la protecci\u00f3n de la propiedad intelectual en el sitio web del INPI<\/a>.<\/p>\t\t\t\t\t\t\t\t<\/div>\n\t\t\t\t<\/div>\n\t\t\t\t\t<\/div>\n\t\t\t\t<\/div>\n\t\t\t\t<\/div>\n\t\t","protected":false},"excerpt":{"rendered":"<p>Si necesitas proteger tus creaciones, conocer nuestras ofertas u obtener un presupuesto, nuestro equipo de expertos se pondr\u00e1 en contacto contigo r\u00e1pidamente. 12 000 cr\u00e9ateurs clients +1.700.000 cr\u00e9ations prot\u00e9g\u00e9s \u00a0Note Avis Google : 4.5\u00a0 Votre d\u00e9p\u00f4t \u00e0 partir de 99\u20ac Soluci\u00f3n de protecci\u00f3n de la propiedad intelectual D\u00c9POSER MAINTENANT Para contactar con Fidealis, nuestro equipo [&hellip;]<\/p>\n","protected":false},"author":1,"featured_media":0,"parent":31857,"menu_order":0,"comment_status":"closed","ping_status":"closed","template":"elementor_header_footer","meta":{"footnotes":""},"class_list":["post-31851","page","type-page","status-publish","hentry"],"_links":{"self":[{"href":"https:\/\/www.fidealis.com\/es\/wp-json\/wp\/v2\/pages\/31851","targetHints":{"allow":["GET"]}}],"collection":[{"href":"https:\/\/www.fidealis.com\/es\/wp-json\/wp\/v2\/pages"}],"about":[{"href":"https:\/\/www.fidealis.com\/es\/wp-json\/wp\/v2\/types\/page"}],"author":[{"embeddable":true,"href":"https:\/\/www.fidealis.com\/es\/wp-json\/wp\/v2\/users\/1"}],"replies":[{"embeddable":true,"href":"https:\/\/www.fidealis.com\/es\/wp-json\/wp\/v2\/comments?post=31851"}],"version-history":[{"count":17,"href":"https:\/\/www.fidealis.com\/es\/wp-json\/wp\/v2\/pages\/31851\/revisions"}],"predecessor-version":[{"id":40034,"href":"https:\/\/www.fidealis.com\/es\/wp-json\/wp\/v2\/pages\/31851\/revisions\/40034"}],"up":[{"embeddable":true,"href":"https:\/\/www.fidealis.com\/es\/wp-json\/wp\/v2\/pages\/31857"}],"wp:attachment":[{"href":"https:\/\/www.fidealis.com\/es\/wp-json\/wp\/v2\/media?parent=31851"}],"curies":[{"name":"wp","href":"https:\/\/api.w.org\/{rel}","templated":true}]}}