{"id":31860,"date":"2023-06-19T14:08:11","date_gmt":"2023-06-19T12:08:11","guid":{"rendered":"https:\/\/beta.fidealis.com\/politica-de-privacidad\/"},"modified":"2026-04-19T12:09:56","modified_gmt":"2026-04-19T10:09:56","slug":"politica-de-confidencialidad","status":"publish","type":"page","link":"https:\/\/www.fidealis.com\/es\/politica-de-confidencialidad\/","title":{"rendered":"Pol\u00edtica de privacidad"},"content":{"rendered":"\t\t<div data-elementor-type=\"wp-page\" data-elementor-id=\"31860\" class=\"elementor elementor-31860 elementor-20015\" data-elementor-settings=\"{&quot;ha_cmc_init_switcher&quot;:&quot;no&quot;}\" data-elementor-post-type=\"page\">\n\t\t\t\t\t\t<section class=\"elementor-section elementor-top-section elementor-element elementor-element-398f7a6b elementor-section-height-min-height elementor-section-boxed elementor-section-height-default elementor-section-items-middle\" data-id=\"398f7a6b\" data-element_type=\"section\" data-e-type=\"section\" data-settings=\"{&quot;background_background&quot;:&quot;classic&quot;,&quot;_ha_eqh_enable&quot;:false}\">\n\t\t\t\t\t\t\t<div class=\"elementor-background-overlay\"><\/div>\n\t\t\t\t\t\t\t<div class=\"elementor-container elementor-column-gap-default\">\n\t\t\t\t\t<div class=\"elementor-column elementor-col-100 elementor-top-column elementor-element elementor-element-6056cf76\" data-id=\"6056cf76\" data-element_type=\"column\" data-e-type=\"column\" data-settings=\"{&quot;background_background&quot;:&quot;classic&quot;}\">\n\t\t\t<div class=\"elementor-widget-wrap elementor-element-populated\">\n\t\t\t\t\t\t<div class=\"elementor-element elementor-element-1955d8a elementor-widget elementor-widget-theme-post-title elementor-page-title elementor-widget-heading\" data-id=\"1955d8a\" data-element_type=\"widget\" data-e-type=\"widget\" data-widget_type=\"theme-post-title.default\">\n\t\t\t\t<div class=\"elementor-widget-container\">\n\t\t\t\t\t<h1 class=\"elementor-heading-title elementor-size-default\">Pol\u00edtica de privacidad<\/h1>\t\t\t\t<\/div>\n\t\t\t\t<\/div>\n\t\t\t\t\t<\/div>\n\t\t<\/div>\n\t\t\t\t\t<\/div>\n\t\t<\/section>\n\t\t\t\t<section class=\"elementor-section elementor-top-section elementor-element elementor-element-1df472e7 elementor-section-full_width elementor-section-height-default elementor-section-height-default\" data-id=\"1df472e7\" data-element_type=\"section\" data-e-type=\"section\" data-settings=\"{&quot;_ha_eqh_enable&quot;:false}\">\n\t\t\t\t\t\t<div class=\"elementor-container elementor-column-gap-default\">\n\t\t\t\t\t<div class=\"elementor-column elementor-col-100 elementor-top-column elementor-element elementor-element-ea85d36\" data-id=\"ea85d36\" data-element_type=\"column\" data-e-type=\"column\" data-settings=\"{&quot;background_background&quot;:&quot;classic&quot;}\">\n\t\t\t<div class=\"elementor-widget-wrap elementor-element-populated\">\n\t\t\t\t\t\t<section class=\"elementor-section elementor-top-section elementor-element elementor-element-69cfb38c elementor-section-content-middle elementor-section-boxed elementor-section-height-default elementor-section-height-default\" data-id=\"69cfb38c\" data-element_type=\"section\" data-e-type=\"section\" data-settings=\"{&quot;_ha_eqh_enable&quot;:false}\">\n\t\t\t\t\t\t<div class=\"elementor-container elementor-column-gap-default\">\n\t\t\t\t\t<div class=\"elementor-column elementor-col-50 elementor-top-column elementor-element elementor-element-30b79b0c\" data-id=\"30b79b0c\" data-element_type=\"column\" data-e-type=\"column\">\n\t\t\t<div class=\"elementor-widget-wrap elementor-element-populated\">\n\t\t\t\t\t\t<div class=\"elementor-element elementor-element-6ae151c6 elementor-widget__width-auto elementor-widget elementor-widget-global elementor-global-34024 elementor-global-33696 elementor-widget-heading\" data-id=\"6ae151c6\" data-element_type=\"widget\" data-e-type=\"widget\" data-widget_type=\"heading.default\">\n\t\t\t\t<div class=\"elementor-widget-container\">\n\t\t\t\t\t<h4 class=\"elementor-heading-title elementor-size-default\">Tu dep\u00f3sito desde 99\u20ac<\/h4>\t\t\t\t<\/div>\n\t\t\t\t<\/div>\n\t\t\t\t<div class=\"elementor-element elementor-element-7b7f219e elementor-widget__width-auto elementor-widget-tablet__width-initial elementor-widget elementor-widget-heading\" data-id=\"7b7f219e\" data-element_type=\"widget\" data-e-type=\"widget\" data-widget_type=\"heading.default\">\n\t\t\t\t<div class=\"elementor-widget-container\">\n\t\t\t\t\t<p class=\"elementor-heading-title elementor-size-default\">Soluci\u00f3n de protecci\u00f3n de la propiedad intelectual<\/p>\t\t\t\t<\/div>\n\t\t\t\t<\/div>\n\t\t\t\t\t<\/div>\n\t\t<\/div>\n\t\t\t\t<div class=\"elementor-column elementor-col-50 elementor-top-column elementor-element elementor-element-464d676e\" data-id=\"464d676e\" data-element_type=\"column\" data-e-type=\"column\">\n\t\t\t<div class=\"elementor-widget-wrap elementor-element-populated\">\n\t\t\t\t\t\t<div class=\"elementor-element elementor-element-22317200 elementor-align-center elementor-widget elementor-widget-global elementor-global-32817 elementor-global-32682 elementor-widget-button\" data-id=\"22317200\" data-element_type=\"widget\" data-e-type=\"widget\" data-settings=\"{&quot;_animation&quot;:&quot;none&quot;,&quot;_animation_delay&quot;:2700}\" data-widget_type=\"button.default\">\n\t\t\t\t<div class=\"elementor-widget-container\">\n\t\t\t\t\t\t\t\t\t<div class=\"elementor-button-wrapper\">\n\t\t\t\t\t<a class=\"elementor-button elementor-button-link elementor-size-md\" href=\"https:\/\/www.fidealis.com\/es\/registro\/\">\n\t\t\t\t\t\t<span class=\"elementor-button-content-wrapper\">\n\t\t\t\t\t\t<span class=\"elementor-button-icon\">\n\t\t\t\t<svg aria-hidden=\"true\" class=\"e-font-icon-svg e-fas-balance-scale\" viewBox=\"0 0 640 512\" xmlns=\"http:\/\/www.w3.org\/2000\/svg\"><path d=\"M256 336h-.02c0-16.18 1.34-8.73-85.05-181.51-17.65-35.29-68.19-35.36-85.87 0C-2.06 328.75.02 320.33.02 336H0c0 44.18 57.31 80 128 80s128-35.82 128-80zM128 176l72 144H56l72-144zm511.98 160c0-16.18 1.34-8.73-85.05-181.51-17.65-35.29-68.19-35.36-85.87 0-87.12 174.26-85.04 165.84-85.04 181.51H384c0 44.18 57.31 80 128 80s128-35.82 128-80h-.02zM440 320l72-144 72 144H440zm88 128H352V153.25c23.51-10.29 41.16-31.48 46.39-57.25H528c8.84 0 16-7.16 16-16V48c0-8.84-7.16-16-16-16H383.64C369.04 12.68 346.09 0 320 0s-49.04 12.68-63.64 32H112c-8.84 0-16 7.16-16 16v32c0 8.84 7.16 16 16 16h129.61c5.23 25.76 22.87 46.96 46.39 57.25V448H112c-8.84 0-16 7.16-16 16v32c0 8.84 7.16 16 16 16h416c8.84 0 16-7.16 16-16v-32c0-8.84-7.16-16-16-16z\"><\/path><\/svg>\t\t\t<\/span>\n\t\t\t\t\t\t\t\t\t<span class=\"elementor-button-text\">ARCHIVAR<\/span>\n\t\t\t\t\t<\/span>\n\t\t\t\t\t<\/a>\n\t\t\t\t<\/div>\n\t\t\t\t\t\t\t\t<\/div>\n\t\t\t\t<\/div>\n\t\t\t\t\t<\/div>\n\t\t<\/div>\n\t\t\t\t\t<\/div>\n\t\t<\/section>\n\t\t\t\t\t<\/div>\n\t\t<\/div>\n\t\t\t\t\t<\/div>\n\t\t<\/section>\n\t\t\t\t<section class=\"elementor-section elementor-top-section elementor-element elementor-element-ad5e0e6 elementor-section-boxed elementor-section-height-default elementor-section-height-default\" data-id=\"ad5e0e6\" data-element_type=\"section\" data-e-type=\"section\" data-settings=\"{&quot;_ha_eqh_enable&quot;:false}\">\n\t\t\t\t\t\t<div class=\"elementor-container elementor-column-gap-default\">\n\t\t\t\t\t<div class=\"elementor-column elementor-col-100 elementor-top-column elementor-element elementor-element-c7d1c9f\" data-id=\"c7d1c9f\" data-element_type=\"column\" data-e-type=\"column\">\n\t\t\t<div class=\"elementor-widget-wrap elementor-element-populated\">\n\t\t\t\t\t\t<div class=\"elementor-element elementor-element-c77632c elementor-widget elementor-widget-text-editor\" data-id=\"c77632c\" data-element_type=\"widget\" data-e-type=\"widget\" data-widget_type=\"text-editor.default\">\n\t\t\t\t<div class=\"elementor-widget-container\">\n\t\t\t\t\t\t\t\t\t<h2><strong>ART\u00cdCULO 1 &#8211; Pol\u00edtica de privacidad de Fidealis: pre\u00e1mbulo<\/strong><\/h2><p>La <strong>pol\u00edtica de privacidad de Fidealis<\/strong> se aplica al sitio web <a href=\"https:\/\/www.fidealis.com\/es\/\" target=\"_blank\" rel=\"noopener noreferrer\">www.fidealis.com.<\/a> Establece c\u00f3mo se recogen y procesan tus datos personales. <\/p><p>El objetivo de esta pol\u00edtica de privacidad es explicar a los usuarios del sitio:<br>c\u00f3mo se recogen y procesan sus datos personales. Por datos personales se entiende cualquier dato que pueda utilizarse para identificar a un usuario. Esto incluye el nombre y apellidos del usuario, su edad, direcci\u00f3n postal, direcci\u00f3n de correo electr\u00f3nico, ubicaci\u00f3n y direcci\u00f3n IP;<br>qu\u00e9 derechos tienen los usuarios con respecto a estos datos;<br>qui\u00e9n es el responsable del tratamiento de los datos personales recogidos y procesados;<br>a qui\u00e9n se transmiten estos datos;<br>la pol\u00edtica del sitio sobre cookies, si la hubiera.<\/p><p>Esta pol\u00edtica de privacidad complementa el aviso legal y las Condiciones Generales de Uso, que los usuarios pueden consultar en la siguiente direcci\u00f3n:<br>https:\/\/www\/fidealis.com<\/p><h2>ART\u00cdCULO 2: PRINCIPIOS GENERALES DE RECOGIDA Y TRATAMIENTO DE DATOS<\/h2><p>De conformidad con lo dispuesto en el art\u00edculo 5 del Reglamento Europeo 2016\/679, la recogida y el tratamiento de los datos de los usuarios del sitio web se ajustan a los siguientes principios:<br>Licitud, lealtad y transparencia: los datos s\u00f3lo podr\u00e1n recogerse y tratarse con el consentimiento del usuario titular de los mismos. Siempre que se recojan datos personales, se informar\u00e1 al usuario de que se est\u00e1n recogiendo sus datos y con qu\u00e9 fin;<br>Fines limitados: los datos se recogen y tratan para uno o varios de los fines establecidos en las presentes condiciones generales de uso;<br>Minimizaci\u00f3n de la recogida y tratamiento de datos: s\u00f3lo se recogen los datos necesarios para la correcta ejecuci\u00f3n de los objetivos perseguidos por el sitio;<br>Conservaci\u00f3n de datos reducida en el tiempo: los datos se conservan durante un periodo limitado, del que se informa al usuario. Si no se puede comunicar al usuario el plazo de conservaci\u00f3n;<br>Integridad y confidencialidad de los datos recogidos y tratados: el responsable del tratamiento se compromete a garantizar la integridad y confidencialidad de los datos recogidos.<\/p><p>Para ser l\u00edcitos, y de conformidad con los requisitos del art\u00edculo 6 del Reglamento Europeo 2016\/679, los datos personales solo podr\u00e1n recopilarse y tratarse si se cumple al menos una de las siguientes condiciones:<br>El usuario ha consentido expresamente el tratamiento ;<br>El tratamiento es necesario para la correcta ejecuci\u00f3n de un contrato;<br>El tratamiento cumple una obligaci\u00f3n legal;<br>El tratamiento es necesario para proteger los intereses vitales del interesado o de otra persona f\u00edsica;<br>El tratamiento puede ser necesario para el cumplimiento de una misi\u00f3n realizada en inter\u00e9s p\u00fablico o en el ejercicio de poderes p\u00fablicos;<br>El tratamiento y la recogida de datos personales son necesarios a efectos de los intereses leg\u00edtimos y privados perseguidos por el responsable del tratamiento o por un tercero.<\/p><h2>ART\u00cdCULO 3: DATOS PERSONALES RECOGIDOS Y TRATADOS DURANTE LA NAVEGACI\u00d3N POR EL SITIO WEB<\/h2><p><strong>A. DATOS RECOGIDOS Y TRATAMIENTOS Y M\u00c9TODO DE RECOGIDA<\/strong><br>Los datos personales recogidos en el sitio web de Fidealis, prueba de anterioridad y Copyright son los siguientes:<br>Apellido, Nombre<br>&#8211; Nombre de la empresa,<br>&#8211; Correo electr\u00f3nico<br>&#8211; Direcci\u00f3n profesional<br>&#8211; N\u00famero de tel\u00e9fono<br>Estos datos se recogen cuando el usuario realiza una de las siguientes operaciones en el sitio:<br>Cuando el usuario se registra para recibir informaci\u00f3n sobre los servicios de este sitio<br>Cuando el usuario se convierte en cliente<br>Cuando el usuario solicita un presupuesto en l\u00ednea<br>Adem\u00e1s, cuando se realiza un pago en el sitio, se conservar\u00e1n en los sistemas inform\u00e1ticos del editor del sitio las pruebas de la transacci\u00f3n, incluidos el formulario de pedido y la factura.<br>El responsable del tratamiento conservar\u00e1 todos los datos recogidos en los sistemas inform\u00e1ticos del sitio en condiciones de seguridad razonables durante un per\u00edodo de : 3 a\u00f1os ( tres a\u00f1os).<br>Los datos se recogen y tratan con los siguientes fines:<br>optimizaci\u00f3n de la segmentaci\u00f3n publicitaria<br>mejorar la relaci\u00f3n antes del compromiso comercial<br>seguimiento de las relaciones con los clientes<br>personalizaci\u00f3n esencial de las inscripciones efectuadas en nombre y por cuenta del cliente al utilizar el servicio FIDEALIS en particular<\/p><p><strong>B. TRANSMISI\u00d3N DE DATOS A TERCEROS<\/strong><br>Los datos personales recogidos por el sitio no se transmiten a terceros y s\u00f3lo son procesados por el editor del sitio.<\/p><p><strong>C. ALOJAMIENTO DE LOS DATOS<\/strong><br>El sitio web Fidealis, Prueba del Estado de la T\u00e9cnica y Derechos de Autor est\u00e1 alojado en : OVH, cuya sede social se encuentra en la siguiente direcci\u00f3n:<br>2 rue Kellermann 59100 ROUBAIX<br>Se puede contactar con el anfitri\u00f3n en el siguiente n\u00famero de tel\u00e9fono: 08 203 203 63 &#8211; Sitio web: www.ovh.com &#8211; L\u00ednea directa: http:\/\/ovh.com\/fr\/contact\/support\/<br>Los datos recogidos y tratados por el sitio web se alojan y tratan exclusivamente en Francia.<\/p><h2>ART\u00cdCULO 4: RESPONSABLE DEL TRATAMIENTO Y DELEGADO DE PROTECCI\u00d3N DE DATOS<\/h2><p><strong>A. RESPONSABLE DEL TRATAMIENTO<\/strong> DE LOS DATOS PERSONALES<br>El responsable del tratamiento de los datos personales es Philippe OBADIA, con quien se puede contactar del siguiente modo:<br>por correo electr\u00f3nico a rgpd@fidealis.com<br>El responsable del tratamiento de los datos personales es responsable de determinar los fines y los medios del tratamiento de los datos personales. <\/p><p><strong>B. OBLIGACIONES DEL ENCARGADO DEL TRATAMIENTO<\/strong><br>El encargado del tratamiento se compromete a proteger los datos personales recogidos, a no cederlos a terceros sin conocimiento del usuario y a cumplir con los fines para los que fueron recogidos.<br>El sitio dispone de un certificado SSL que garantiza la seguridad de la informaci\u00f3n y la transferencia de datos a trav\u00e9s del sitio.<br>Un certificado SSL (Secure Socket Layer) est\u00e1 dise\u00f1ado para proteger los datos intercambiados entre el usuario y el sitio web.<br>Adem\u00e1s, el responsable del tratamiento se compromete a notificar al usuario en caso de rectificaci\u00f3n o supresi\u00f3n de los datos, salvo que ello suponga tr\u00e1mites, costes y gestiones desproporcionados para el usuario.<br>En caso de que la integridad, confidencialidad o seguridad de los datos personales del usuario se vea comprometida, el responsable del tratamiento se compromete a informar al usuario por cualquier medio necesario.<\/p><p><strong>C. EL DE<\/strong>LEGADO DE PROTECCI\u00d3N DE DATOS<br>Adem\u00e1s, se informa al usuario de que se ha nombrado Delegado de Protecci\u00f3n de Datos a la siguiente persona: Philippe OBADIA: Philippe OBADIA.<br>La funci\u00f3n del Delegado de Protecci\u00f3n de Datos es garantizar la correcta aplicaci\u00f3n de las disposiciones nacionales y supranacionales relativas a la recogida y tratamiento de datos personales. Tambi\u00e9n puede ser nombrado Delegado de Protecci\u00f3n de Datos (DPO).<br>Puedes ponerte en contacto con el Delegado de Protecci\u00f3n de Datos de la siguiente manera:<br>Por correo electr\u00f3nico: rgpd@fidealis.com <\/p><h2>ART\u00cdCULO 5: DERECHOS DE LOS USUARIOS<\/h2><p>De acuerdo con la normativa relativa al tratamiento de datos personales, el usuario tiene los derechos que se exponen a continuaci\u00f3n.<br>Para que el responsable del tratamiento de datos pueda atender la solicitud del usuario, \u00e9ste debe facilitar la siguiente informaci\u00f3n: nombre, apellidos, direcci\u00f3n de correo electr\u00f3nico y, si procede, n\u00famero de cuenta o espacio personal o n\u00famero de abonado.<br>El responsable del tratamiento de datos debe responder al usuario en un plazo m\u00e1ximo de 30 (treinta) d\u00edas.<\/p><p><strong>PRESENTACI\u00d3N DE LOS DERECHOS DEL USUARIO EN MATERIA DE RECOGIDA Y TRATAMIENTO DE DATOS<\/strong><\/p><p>a. Derecho de acceso, rectificaci\u00f3n y supresi\u00f3n<br>Los usuarios pueden acceder, actualizar, modificar o solicitar la supresi\u00f3n de sus datos personales siguiendo el procedimiento que se indica a continuaci\u00f3n:<br>Los usuarios registrados pueden a\u00f1adir, modificar o suprimir sus datos personales a trav\u00e9s de su interfaz de cliente.<br>Adem\u00e1s, para cualquier solicitud de portabilidad o supresi\u00f3n de una cuenta, es necesario enviar un correo electr\u00f3nico a la siguiente direcci\u00f3n: rgpd@fidealis.com<br>En caso de impago por parte del cliente m\u00e1s all\u00e1 del plazo legal, cualquier solicitud de acceso, modificaci\u00f3n, supresi\u00f3n o portabilidad podr\u00e1 ser rechazada por el editor del sitio.<br>Si lo tienen, los usuarios tienen derecho a solicitar la supresi\u00f3n de su espacio personal siguiendo el siguiente procedimiento:<br>. S\u00f3lo tienen que enviar una solicitud de supresi\u00f3n de su espacio personal por correo electr\u00f3nico a: rgpd@fidealis.com. A continuaci\u00f3n, el servicio de atenci\u00f3n al cliente tendr\u00e1 en cuenta la solicitud en el plazo previsto por la ley y de conformidad con las obligaciones y deberes rec\u00edprocos de las partes (el usuario y el editor).<\/p><p>b. Derecho a la portabilidad de los datos<br>Los usuarios tienen derecho a solicitar la portabilidad de sus datos personales conservados por el sitio a otro sitio, de acuerdo con el siguiente procedimiento:<br>&#8211; facilitar su n\u00famero de cliente<br>&#8211; enviar la solicitud de portabilidad por correo electr\u00f3nico a: rgpd@fidealis.com, indicando \u00abportabilidad\u00bb en el asunto<br>&#8211; esperar a recibir el enlace de descarga de datos por parte del departamento t\u00e9cnico, que responder\u00e1 a la direcci\u00f3n de correo electr\u00f3nico del remitente.<\/p><p>c. Derecho de limitaci\u00f3n y oposici\u00f3n al tratamiento de datos<br>El usuario tiene derecho a solicitar que el sitio web limite el tratamiento de sus datos o se oponga a \u00e9l, sin que el sitio web pueda negarse, a menos que pueda demostrarse que existen razones leg\u00edtimas y preponderantes para ello, que pueden prevalecer sobre los intereses y los derechos y libertades del usuario.<br>Para solicitar la limitaci\u00f3n del tratamiento de sus datos o formular una oposici\u00f3n al tratamiento de los mismos, el usuario deber\u00e1 seguir el siguiente procedimiento:<br>&#8211; facilitar su n\u00famero de cliente<br>&#8211; enviar la solicitud de portabilidad por correo electr\u00f3nico a rgpd@fidealis.com, indicando en el asunto \u00ablimitaci\u00f3n del tratamiento\u00bb<br>&#8211; esperar a recibir el enlace de descarga de datos por parte del departamento t\u00e9cnico, que responder\u00e1 a la direcci\u00f3n de correo electr\u00f3nico del remitente.<\/p><p>d. Derecho a no ser sometido a una decisi\u00f3n basada exclusivamente en un proceso automatizado<br>De conformidad con lo dispuesto en el Reglamento 2016\/679, el usuario tiene derecho a no ser sometido a una decisi\u00f3n basada exclusivamente en un proceso automatizado si la decisi\u00f3n produce efectos jur\u00eddicos que le conciernen o le afectan de forma significativa de manera similar.<\/p><p>e. Derecho a determinar el destino de los datos tras el fallecimiento<br>Se recuerda a los usuarios que pueden organizar el destino de sus datos recogidos y tratados en caso de fallecimiento, de conformidad con la Ley n\u00ba 2016-1321 de 7 de octubre de 2016.<\/p><p>f. Derecho a recurrir a la autoridad de control competente<br>En caso de que el responsable del tratamiento decida no responder a la solicitud del usuario, y \u00e9ste desee impugnar esta decisi\u00f3n, o si considera que se ha vulnerado alguno de los derechos enumerados anteriormente, tiene derecho a recurrir a la CNIL (Commission Nationale de l&#8217;Informatique et des Libert\u00e9s, https:\/\/www.cnil.fr) o a cualquier tribunal competente.<\/p><h2>ART\u00cdCULO 6: CONDICIONES DE MODIFICACI\u00d3N DE LA POL\u00cdTICA DE PRIVACIDAD<\/h2><p>Esta pol\u00edtica de privacidad puede consultarse en cualquier momento en la siguiente direcci\u00f3n:<br>www.fidealis.com<br>El editor del sitio se reserva el derecho a modificarla para garantizar su conformidad con la legislaci\u00f3n vigente.<br>Por lo tanto, se invita a los usuarios a consultar esta pol\u00edtica de privacidad con regularidad para estar al corriente de los \u00faltimos cambios que se produzcan en ella.<br>Se informa a los usuarios de que esta pol\u00edtica de privacidad se actualiz\u00f3 por \u00faltima vez el: 08 \/ 01 \/ 2019.<\/p><h2>ART\u00cdCULO 7: ACEPTACI\u00d3N DE LA POL\u00cdTICA DE PRIVACIDAD POR PARTE DEL USUARIO<\/h2><p>Al navegar por el sitio, el usuario certifica que ha le\u00eddo y comprendido la presente pol\u00edtica de privacidad y que acepta sus condiciones, especialmente en lo que respecta a la recogida y tratamiento de sus datos personales.<\/p><p> <\/p><p><span style=\"font-family: -apple-system, BlinkMacSystemFont, 'Segoe UI', Roboto, 'Helvetica Neue', Arial, 'Noto Sans', sans-serif, 'Apple Color Emoji', 'Segoe UI Emoji', 'Segoe UI Symbol', 'Noto Color Emoji';\">Consulta tambi\u00e9n el <\/span><a style=\"font-family: -apple-system, BlinkMacSystemFont, 'Segoe UI', Roboto, 'Helvetica Neue', Arial, 'Noto Sans', sans-serif, 'Apple Color Emoji', 'Segoe UI Emoji', 'Segoe UI Symbol', 'Noto Color Emoji';\" href=\"https:\/\/mentions-legales-fidealis\/\" target=\"_blank\" rel=\"noopener noreferrer\">Aviso legal Fidealis<\/a><span style=\"font-family: -apple-system, BlinkMacSystemFont, 'Segoe UI', Roboto, 'Helvetica Neue', Arial, 'Noto Sans', sans-serif, 'Apple Color Emoji', 'Segoe UI Emoji', 'Segoe UI Symbol', 'Noto Color Emoji';\">.<\/span><\/p><p>M\u00e1s informaci\u00f3n en el sitio web <a href=\"https:\/\/www.cnil.fr\/\" target=\"_blank\" rel=\"noopener noreferrer\">de la CNIL<\/a>.<\/p>\t\t\t\t\t\t\t\t<\/div>\n\t\t\t\t<\/div>\n\t\t\t\t\t<\/div>\n\t\t<\/div>\n\t\t\t\t\t<\/div>\n\t\t<\/section>\n\t\t\t\t<\/div>\n\t\t","protected":false},"excerpt":{"rendered":"<p>Votre d\u00e9p\u00f4t \u00e0 partir de 99\u20ac Soluci\u00f3n de protecci\u00f3n de la propiedad intelectual D\u00c9POSER MAINTENANT ART\u00cdCULO 1 &#8211; Pol\u00edtica de privacidad de Fidealis: pre\u00e1mbulo La pol\u00edtica de privacidad de Fidealis se aplica al sitio web www.fidealis.com. Establece c\u00f3mo se recogen y procesan tus datos personales. El objetivo de esta pol\u00edtica de privacidad es explicar a [&hellip;]<\/p>\n","protected":false},"author":1,"featured_media":0,"parent":0,"menu_order":0,"comment_status":"closed","ping_status":"closed","template":"elementor_header_footer","meta":{"footnotes":""},"class_list":["post-31860","page","type-page","status-publish","hentry"],"_links":{"self":[{"href":"https:\/\/www.fidealis.com\/es\/wp-json\/wp\/v2\/pages\/31860","targetHints":{"allow":["GET"]}}],"collection":[{"href":"https:\/\/www.fidealis.com\/es\/wp-json\/wp\/v2\/pages"}],"about":[{"href":"https:\/\/www.fidealis.com\/es\/wp-json\/wp\/v2\/types\/page"}],"author":[{"embeddable":true,"href":"https:\/\/www.fidealis.com\/es\/wp-json\/wp\/v2\/users\/1"}],"replies":[{"embeddable":true,"href":"https:\/\/www.fidealis.com\/es\/wp-json\/wp\/v2\/comments?post=31860"}],"version-history":[{"count":6,"href":"https:\/\/www.fidealis.com\/es\/wp-json\/wp\/v2\/pages\/31860\/revisions"}],"predecessor-version":[{"id":40150,"href":"https:\/\/www.fidealis.com\/es\/wp-json\/wp\/v2\/pages\/31860\/revisions\/40150"}],"wp:attachment":[{"href":"https:\/\/www.fidealis.com\/es\/wp-json\/wp\/v2\/media?parent=31860"}],"curies":[{"name":"wp","href":"https:\/\/api.w.org\/{rel}","templated":true}]}}