{"id":37953,"date":"2007-02-22T13:01:12","date_gmt":"2007-02-22T12:01:12","guid":{"rendered":"https:\/\/www.fidealis.com\/quien-debe-presentar\/"},"modified":"2026-04-19T12:13:26","modified_gmt":"2026-04-19T10:13:26","slug":"quien-debe-presentar","status":"publish","type":"page","link":"https:\/\/www.fidealis.com\/es\/quien-debe-presentar\/","title":{"rendered":"\u00bfQui\u00e9n debe registrar sus dise\u00f1os? Los profesionales interesados"},"content":{"rendered":"\t\t<div data-elementor-type=\"wp-page\" data-elementor-id=\"37953\" class=\"elementor elementor-37953 elementor-36269\" data-elementor-settings=\"{&quot;ha_cmc_init_switcher&quot;:&quot;no&quot;}\" data-elementor-post-type=\"page\">\n\t\t\t\t\t\t<section class=\"elementor-section elementor-top-section elementor-element elementor-element-4fba5a24 elementor-section-height-min-height elementor-section-boxed elementor-section-height-default elementor-section-items-middle\" data-id=\"4fba5a24\" data-element_type=\"section\" data-e-type=\"section\" data-settings=\"{&quot;background_background&quot;:&quot;classic&quot;,&quot;_ha_eqh_enable&quot;:false}\">\n\t\t\t\t\t\t\t<div class=\"elementor-background-overlay\"><\/div>\n\t\t\t\t\t\t\t<div class=\"elementor-container elementor-column-gap-default\">\n\t\t\t\t\t<div class=\"elementor-column elementor-col-100 elementor-top-column elementor-element elementor-element-7c020b8\" data-id=\"7c020b8\" data-element_type=\"column\" data-e-type=\"column\" data-settings=\"{&quot;background_background&quot;:&quot;classic&quot;}\">\n\t\t\t<div class=\"elementor-widget-wrap elementor-element-populated\">\n\t\t\t\t\t\t<div class=\"elementor-element elementor-element-35e857e0 elementor-widget elementor-widget-theme-post-title elementor-page-title elementor-widget-heading\" data-id=\"35e857e0\" data-element_type=\"widget\" data-e-type=\"widget\" data-widget_type=\"theme-post-title.default\">\n\t\t\t\t<div class=\"elementor-widget-container\">\n\t\t\t\t\t<h1 class=\"elementor-heading-title elementor-size-default\">\u00bfQui\u00e9n debe registrar sus dise\u00f1os? Los profesionales interesados<\/h1>\t\t\t\t<\/div>\n\t\t\t\t<\/div>\n\t\t\t\t\t<\/div>\n\t\t<\/div>\n\t\t\t\t\t<\/div>\n\t\t<\/section>\n\t\t\t\t<section class=\"elementor-section elementor-top-section elementor-element elementor-element-5a37b2b7 elementor-section-full_width elementor-section-height-default elementor-section-height-default\" data-id=\"5a37b2b7\" data-element_type=\"section\" data-e-type=\"section\" data-settings=\"{&quot;_ha_eqh_enable&quot;:false}\">\n\t\t\t\t\t\t<div class=\"elementor-container elementor-column-gap-default\">\n\t\t\t\t\t<div class=\"elementor-column elementor-col-100 elementor-top-column elementor-element elementor-element-552f4217\" data-id=\"552f4217\" data-element_type=\"column\" data-e-type=\"column\" data-settings=\"{&quot;background_background&quot;:&quot;classic&quot;}\">\n\t\t\t<div class=\"elementor-widget-wrap elementor-element-populated\">\n\t\t\t\t\t\t<section class=\"elementor-section elementor-top-section elementor-element elementor-element-74342af6 elementor-section-content-middle elementor-section-boxed elementor-section-height-default elementor-section-height-default\" data-id=\"74342af6\" data-element_type=\"section\" data-e-type=\"section\" data-settings=\"{&quot;_ha_eqh_enable&quot;:false}\">\n\t\t\t\t\t\t<div class=\"elementor-container elementor-column-gap-default\">\n\t\t\t\t\t<div class=\"elementor-column elementor-col-50 elementor-top-column elementor-element elementor-element-3bc3b057\" data-id=\"3bc3b057\" data-element_type=\"column\" data-e-type=\"column\">\n\t\t\t<div class=\"elementor-widget-wrap elementor-element-populated\">\n\t\t\t\t\t\t<div class=\"elementor-element elementor-element-60f54e83 elementor-widget__width-auto elementor-widget elementor-widget-global elementor-global-34024 elementor-global-33696 elementor-widget-heading\" data-id=\"60f54e83\" data-element_type=\"widget\" data-e-type=\"widget\" data-widget_type=\"heading.default\">\n\t\t\t\t<div class=\"elementor-widget-container\">\n\t\t\t\t\t<h4 class=\"elementor-heading-title elementor-size-default\">Tu dep\u00f3sito desde 99\u20ac<\/h4>\t\t\t\t<\/div>\n\t\t\t\t<\/div>\n\t\t\t\t<div class=\"elementor-element elementor-element-4002cd71 elementor-widget__width-auto elementor-widget-tablet__width-initial elementor-widget elementor-widget-heading\" data-id=\"4002cd71\" data-element_type=\"widget\" data-e-type=\"widget\" data-widget_type=\"heading.default\">\n\t\t\t\t<div class=\"elementor-widget-container\">\n\t\t\t\t\t<p class=\"elementor-heading-title elementor-size-default\">Soluci\u00f3n de protecci\u00f3n de la propiedad intelectual<\/p>\t\t\t\t<\/div>\n\t\t\t\t<\/div>\n\t\t\t\t\t<\/div>\n\t\t<\/div>\n\t\t\t\t<div class=\"elementor-column elementor-col-50 elementor-top-column elementor-element elementor-element-65ddf7c0\" data-id=\"65ddf7c0\" data-element_type=\"column\" data-e-type=\"column\">\n\t\t\t<div class=\"elementor-widget-wrap elementor-element-populated\">\n\t\t\t\t\t\t<div class=\"elementor-element elementor-element-7abed13e elementor-align-center elementor-widget elementor-widget-global elementor-global-32817 elementor-global-32682 elementor-widget-button\" data-id=\"7abed13e\" data-element_type=\"widget\" data-e-type=\"widget\" data-settings=\"{&quot;_animation&quot;:&quot;none&quot;,&quot;_animation_delay&quot;:2700}\" data-widget_type=\"button.default\">\n\t\t\t\t<div class=\"elementor-widget-container\">\n\t\t\t\t\t\t\t\t\t<div class=\"elementor-button-wrapper\">\n\t\t\t\t\t<a class=\"elementor-button elementor-button-link elementor-size-md\" href=\"https:\/\/www.fidealis.com\/es\/registro\/\">\n\t\t\t\t\t\t<span class=\"elementor-button-content-wrapper\">\n\t\t\t\t\t\t<span class=\"elementor-button-icon\">\n\t\t\t\t<svg aria-hidden=\"true\" class=\"e-font-icon-svg e-fas-balance-scale\" viewBox=\"0 0 640 512\" xmlns=\"http:\/\/www.w3.org\/2000\/svg\"><path d=\"M256 336h-.02c0-16.18 1.34-8.73-85.05-181.51-17.65-35.29-68.19-35.36-85.87 0C-2.06 328.75.02 320.33.02 336H0c0 44.18 57.31 80 128 80s128-35.82 128-80zM128 176l72 144H56l72-144zm511.98 160c0-16.18 1.34-8.73-85.05-181.51-17.65-35.29-68.19-35.36-85.87 0-87.12 174.26-85.04 165.84-85.04 181.51H384c0 44.18 57.31 80 128 80s128-35.82 128-80h-.02zM440 320l72-144 72 144H440zm88 128H352V153.25c23.51-10.29 41.16-31.48 46.39-57.25H528c8.84 0 16-7.16 16-16V48c0-8.84-7.16-16-16-16H383.64C369.04 12.68 346.09 0 320 0s-49.04 12.68-63.64 32H112c-8.84 0-16 7.16-16 16v32c0 8.84 7.16 16 16 16h129.61c5.23 25.76 22.87 46.96 46.39 57.25V448H112c-8.84 0-16 7.16-16 16v32c0 8.84 7.16 16 16 16h416c8.84 0 16-7.16 16-16v-32c0-8.84-7.16-16-16-16z\"><\/path><\/svg>\t\t\t<\/span>\n\t\t\t\t\t\t\t\t\t<span class=\"elementor-button-text\">ARCHIVAR<\/span>\n\t\t\t\t\t<\/span>\n\t\t\t\t\t<\/a>\n\t\t\t\t<\/div>\n\t\t\t\t\t\t\t\t<\/div>\n\t\t\t\t<\/div>\n\t\t\t\t\t<\/div>\n\t\t<\/div>\n\t\t\t\t\t<\/div>\n\t\t<\/section>\n\t\t\t\t\t<\/div>\n\t\t<\/div>\n\t\t\t\t\t<\/div>\n\t\t<\/section>\n\t\t\t\t<section class=\"elementor-section elementor-top-section elementor-element elementor-element-582b1130 elementor-section-boxed elementor-section-height-default elementor-section-height-default\" data-id=\"582b1130\" data-element_type=\"section\" data-e-type=\"section\" data-settings=\"{&quot;_ha_eqh_enable&quot;:false}\">\n\t\t\t\t\t\t<div class=\"elementor-container elementor-column-gap-default\">\n\t\t\t\t\t<div class=\"elementor-column elementor-col-100 elementor-top-column elementor-element elementor-element-31f0c068\" data-id=\"31f0c068\" data-element_type=\"column\" data-e-type=\"column\">\n\t\t\t<div class=\"elementor-widget-wrap elementor-element-populated\">\n\t\t\t\t\t\t<div class=\"elementor-element elementor-element-63852d8a elementor-widget elementor-widget-text-editor\" data-id=\"63852d8a\" data-element_type=\"widget\" data-e-type=\"widget\" data-widget_type=\"text-editor.default\">\n\t\t\t\t<div class=\"elementor-widget-container\">\n\t\t\t\t\t\t\t\t\t<p class=\"texte-accueil\"><strong>\u00bfQui\u00e9n debe registrar sus dise\u00f1os?<\/strong>  Todas las personas f\u00edsicas o jur\u00eddicas que presenten documentos o creaciones y necesiten demostrar su anterioridad para proteger su propiedad intelectual.<\/p><table border=\"0\" width=\"100%\" cellspacing=\"0\" cellpadding=\"0\"><tbody><tr><td class=\"texte-qui bold\" width=\"26%\">-Arquitectos<\/td><td width=\"13%\"> <\/td><td class=\"texte-qui\" width=\"61%\">planos<\/td><\/tr><tr><td class=\"texte-qui bold\" height=\"14\">&#8211; Abogados<\/td><td> <\/td><td class=\"texte-qui\">conclusiones, res\u00famenes<\/td><\/tr><tr><td class=\"bold texte-qui\">-Investigadores<\/td><td> <\/td><td class=\"texte-qui\">descubrimientos antes de su publicaci\u00f3n<\/td><\/tr><tr><td class=\"texte-qui bold\">-Contables<\/td><td> <\/td><td class=\"texte-qui\">estados, declaraciones, informes de gesti\u00f3n<\/td><\/tr><tr><td class=\"texte-qui bold\">-Auditor<\/td><td> <\/td><td class=\"texte-qui\">informes<\/td><\/tr><tr><td class=\"texte-qui bold\">-Inventores<\/td><td> <\/td><td class=\"texte-qui\">inventos<\/td><\/tr><tr><td class=\"texte-qui bold\">-Programadores<\/td><td> <\/td><td class=\"texte-qui\">fuentes de programas y software<\/td><\/tr><tr><td class=\"texte-qui bold\">-Dise\u00f1adores de moda<\/td><td> <\/td><td class=\"texte-qui\">dibujos, modelos, bocetos, dise\u00f1os, patrones<\/td><\/tr><tr><td class=\"texte-qui bold\">-M\u00fasicos<\/td><td> <\/td><td class=\"texte-qui\">partituras<\/td><\/tr><tr><td class=\"texte-qui bold\">-Dise\u00f1adores<\/td><td> <\/td><td class=\"texte-qui\">dise\u00f1os<\/td><\/tr><tr><td class=\"texte-qui bold\">-Publicidad<\/td><td> <\/td><td class=\"texte-qui\">plan de marketing, medios de comunicaci\u00f3n,<\/td><\/tr><tr><td class=\"texte-qui bold\">-Dise\u00f1adores gr\u00e1ficos<\/td><td> <\/td><td class=\"texte-qui\">logotipos, cartas gr\u00e1ficas<\/td><\/tr><tr><td class=\"texte-qui bold\">-Fot\u00f3grafos<\/td><td> <\/td><td class=\"texte-qui\">fotograf\u00edas digitales o digitalizadas.<\/td><\/tr><\/tbody><\/table><h2 class=\"titre-accueil-3\">\u00bfQu\u00e9 formatos se aceptan?<\/h2><p class=\"texte-accueil\"><strong>Texto:<\/strong><br>Word\u00ae (.doc), pdf(Adobe\u00ae) .rtf, .txt, .asc, .mcw (Mac\u00ae), .wps ( Works\u00ae)<\/p><p class=\"texte-accueil\"><strong>Im\u00e1genes:<\/strong><br>jpeg, jpg, gif, tiff, eps, dcx, pcx, wif, xif, bmp, png, art&#8230;<\/p><p class=\"texte-accueil\"><strong>Multimedia:<\/strong><br>todos los clips, v\u00eddeos y :sonidos wav. (quicktime\u00ae ), mp3, midi, ra (real Player\u00ae), Swf ( Flash ), mpeg4 <\/p><p class=\"texte-accueil\"><strong>Programas y ejecutables:<\/strong><br>.exe, .zip<\/p><p class=\"texte-accueil\"><strong>P\u00e1ginas web:<\/strong><br>.php o .zip<\/p><h2 class=\"titre-accueil-3\">\u00bfQu\u00e9 tama\u00f1o de documentos son posibles?<\/h2><p class=\"texte-accueil\">Para el procesamiento en l\u00ednea, hemos comprobado que s\u00f3lo los archivos de menos de 1 MB se procesan en un tiempo razonable. Para archivos muy grandes, nuestros clientes se han acostumbrado a enviarnos un CD grabado por correo y nosotros lo procesamos en la oficina central. Sin coste adicional.  <\/p><h2 class=\"ds-markdown-paragraph\">\u00bfPor qu\u00e9 tienen que presentarse estos profesionales?<\/h2><p class=\"ds-markdown-paragraph\">El registro proporciona una prueba irrefutable de la anterioridad en caso de litigio. Sin esta prueba, a menudo es imposible hacer valer tus derechos ante los tribunales. Tanto si eres arquitecto, dise\u00f1ador, fot\u00f3grafo o m\u00fasico, tus creaciones tienen un valor que es esencial proteger.  <\/p><h2 class=\"ds-markdown-paragraph\">\u00bfQu\u00e9 protege el dep\u00f3sito?<\/h2><p class=\"ds-markdown-paragraph\">El dep\u00f3sito abarca todos tus archivos digitales: planos, fotos, partituras, logotipos, c\u00f3digos fuente, v\u00eddeos, etc. Una vez depositados, un agente judicial les pone un sello de tiempo y los registra. <\/p><h2>En resumen, \u00bfqui\u00e9n debe registrar sus dise\u00f1os?<\/h2><p>Todos los creadores que deseen demostrar la fecha de su obra y protegerse contra las falsificaciones.<\/p>\t\t\t\t\t\t\t\t<\/div>\n\t\t\t\t<\/div>\n\t\t\t\t\t<\/div>\n\t\t<\/div>\n\t\t\t\t\t<\/div>\n\t\t<\/section>\n\t\t<div class=\"elementor-element elementor-element-b5f40b7 e-grid e-con-boxed e-con e-parent\" data-id=\"b5f40b7\" data-element_type=\"container\" data-e-type=\"container\" data-settings=\"{&quot;_ha_eqh_enable&quot;:false}\">\n\t\t\t\t\t<div class=\"e-con-inner\">\n\t\t\t\t<div class=\"elementor-element elementor-element-80e3573 elementor-widget elementor-widget-text-editor\" data-id=\"80e3573\" data-element_type=\"widget\" data-e-type=\"widget\" data-widget_type=\"text-editor.default\">\n\t\t\t\t<div class=\"elementor-widget-container\">\n\t\t\t\t\t\t\t\t\t<p>Averigua por qu\u00e9 y c\u00f3mo <a href=\"https:\/\/pourquoi-deposer-ses-creations\/\" target=\"_blank\" rel=\"noopener noreferrer\">registrar tus dise\u00f1os<\/a>.<\/p><p>M\u00e1s informaci\u00f3n sobre <a href=\"https:\/\/www.inpi.fr\/\" target=\"_blank\" rel=\"noopener noreferrer\">la protecci\u00f3n de la propiedad intelectual en el sitio web del INPI<\/a>.<\/p>\t\t\t\t\t\t\t\t<\/div>\n\t\t\t\t<\/div>\n\t\t\t\t\t<\/div>\n\t\t\t\t<\/div>\n\t\t\t\t<\/div>\n\t\t","protected":false},"excerpt":{"rendered":"<p>Votre d\u00e9p\u00f4t \u00e0 partir de 99\u20ac Soluci\u00f3n de protecci\u00f3n de la propiedad intelectual D\u00c9POSER MAINTENANT \u00bfQui\u00e9n debe registrar sus dise\u00f1os? Todas las personas f\u00edsicas o jur\u00eddicas que presenten documentos o creaciones y necesiten demostrar su anterioridad para proteger su propiedad intelectual. -Arquitectos planos &#8211; Abogados conclusiones, res\u00famenes -Investigadores descubrimientos antes de su publicaci\u00f3n -Contables estados, [&hellip;]<\/p>\n","protected":false},"author":3,"featured_media":0,"parent":0,"menu_order":0,"comment_status":"closed","ping_status":"closed","template":"elementor_header_footer","meta":{"footnotes":""},"class_list":["post-37953","page","type-page","status-publish","hentry"],"_links":{"self":[{"href":"https:\/\/www.fidealis.com\/es\/wp-json\/wp\/v2\/pages\/37953","targetHints":{"allow":["GET"]}}],"collection":[{"href":"https:\/\/www.fidealis.com\/es\/wp-json\/wp\/v2\/pages"}],"about":[{"href":"https:\/\/www.fidealis.com\/es\/wp-json\/wp\/v2\/types\/page"}],"author":[{"embeddable":true,"href":"https:\/\/www.fidealis.com\/es\/wp-json\/wp\/v2\/users\/3"}],"replies":[{"embeddable":true,"href":"https:\/\/www.fidealis.com\/es\/wp-json\/wp\/v2\/comments?post=37953"}],"version-history":[{"count":3,"href":"https:\/\/www.fidealis.com\/es\/wp-json\/wp\/v2\/pages\/37953\/revisions"}],"predecessor-version":[{"id":40180,"href":"https:\/\/www.fidealis.com\/es\/wp-json\/wp\/v2\/pages\/37953\/revisions\/40180"}],"wp:attachment":[{"href":"https:\/\/www.fidealis.com\/es\/wp-json\/wp\/v2\/media?parent=37953"}],"curies":[{"name":"wp","href":"https:\/\/api.w.org\/{rel}","templated":true}]}}