{"id":38440,"date":"2026-02-17T10:25:16","date_gmt":"2026-02-17T09:25:16","guid":{"rendered":"https:\/\/www.fidealis.com\/liberacion-del-codigo-fuente\/"},"modified":"2026-04-19T10:59:43","modified_gmt":"2026-04-19T08:59:43","slug":"liberacion-del-codigo-fuente","status":"publish","type":"page","link":"https:\/\/www.fidealis.com\/es\/liberacion-del-codigo-fuente\/","title":{"rendered":"Liberaci\u00f3n del c\u00f3digo fuente"},"content":{"rendered":"\t\t<div data-elementor-type=\"wp-page\" data-elementor-id=\"38440\" class=\"elementor elementor-38440 elementor-38386\" data-elementor-settings=\"{&quot;ha_cmc_init_switcher&quot;:&quot;no&quot;}\" data-elementor-post-type=\"page\">\n\t\t\t\t\t\t<section class=\"elementor-section elementor-top-section elementor-element elementor-element-1d4301c0 elementor-section-height-min-height elementor-section-boxed elementor-section-height-default elementor-section-items-middle\" data-id=\"1d4301c0\" data-element_type=\"section\" data-e-type=\"section\" data-settings=\"{&quot;background_background&quot;:&quot;classic&quot;,&quot;_ha_eqh_enable&quot;:false}\">\n\t\t\t\t\t\t\t<div class=\"elementor-background-overlay\"><\/div>\n\t\t\t\t\t\t\t<div class=\"elementor-container elementor-column-gap-default\">\n\t\t\t\t\t<div class=\"elementor-column elementor-col-100 elementor-top-column elementor-element elementor-element-691b9c9\" data-id=\"691b9c9\" data-element_type=\"column\" data-e-type=\"column\" data-settings=\"{&quot;background_background&quot;:&quot;classic&quot;}\">\n\t\t\t<div class=\"elementor-widget-wrap elementor-element-populated\">\n\t\t\t\t\t\t<div class=\"elementor-element elementor-element-3724a435 elementor-widget elementor-widget-theme-post-title elementor-page-title elementor-widget-heading\" data-id=\"3724a435\" data-element_type=\"widget\" data-e-type=\"widget\" data-widget_type=\"theme-post-title.default\">\n\t\t\t\t<div class=\"elementor-widget-container\">\n\t\t\t\t\t<h1 class=\"elementor-heading-title elementor-size-default\">Liberaci\u00f3n del c\u00f3digo fuente<\/h1>\t\t\t\t<\/div>\n\t\t\t\t<\/div>\n\t\t\t\t\t<\/div>\n\t\t<\/div>\n\t\t\t\t\t<\/div>\n\t\t<\/section>\n\t\t\t\t<section class=\"elementor-section elementor-top-section elementor-element elementor-element-9efee31 elementor-section-boxed elementor-section-height-default elementor-section-height-default\" data-id=\"9efee31\" data-element_type=\"section\" data-e-type=\"section\" data-settings=\"{&quot;_ha_eqh_enable&quot;:false}\">\n\t\t\t\t\t\t<div class=\"elementor-container elementor-column-gap-default\">\n\t\t\t\t\t<div class=\"elementor-column elementor-col-50 elementor-top-column elementor-element elementor-element-94c2eef\" data-id=\"94c2eef\" data-element_type=\"column\" data-e-type=\"column\">\n\t\t\t<div class=\"elementor-widget-wrap elementor-element-populated\">\n\t\t\t\t\t\t<div class=\"elementor-element elementor-element-723c9f2 elementor-widget elementor-widget-text-editor\" data-id=\"723c9f2\" data-element_type=\"widget\" data-e-type=\"widget\" data-widget_type=\"text-editor.default\">\n\t\t\t\t<div class=\"elementor-widget-container\">\n\t\t\t\t\t\t\t\t\t<div style=\"background: white; padding: 2rem; border-radius: 12px; border: 1px solid #e2e8f0; margin-bottom: 2rem; font-family: Plus Jakarta Sans, sans-serif; color: #334155;\"><h3 style=\"margin-bottom: 1.5rem; color: #0f172a; font-family: Outfit, sans-serif;\">\ud83d\udcdc <strong>Liberaci\u00f3n del c\u00f3digo fuente de Fidealis: procedimiento a seguir<\/strong><\/h3><p style=\"font-size: 0.95rem; color: #64748b; margin-bottom: 2rem;\"><strong>La liberaci\u00f3n del c\u00f3digo fuente Fidealis<\/strong> sigue un protocolo estricto que cumple nuestras condiciones generales de custodia. Este procedimiento hace que el c\u00f3digo fuente est\u00e9 disponible en caso de fallo del editor. <\/p><ul style=\"list-style: none; padding: 0; margin: 0; counter-reset: step;\"><li style=\"position: relative; padding-left: 3.5rem; margin-bottom: 2rem;\"><span style=\"position: absolute; left: 0; top: 0; width: 36px; height: 36px; background: #0f172a; color: white; border-radius: 50%; display: flex; align-items: center; justify-content: center; font-weight: bold;\">1<\/span> <span style=\"display: block; font-weight: bold; color: #0f172a;\">Reclamaci\u00f3n en l\u00ednea<\/span> <span style=\"font-size: 0.9rem;\">Rellena el formulario de al lado para abrir el expediente de reclamaci\u00f3n.<\/span><\/li><li style=\"position: relative; padding-left: 3.5rem; margin-bottom: 2rem;\"><span style=\"position: absolute; left: 0; top: 0; width: 36px; height: 36px; background: #0f172a; color: white; border-radius: 50%; display: flex; align-items: center; justify-content: center; font-weight: bold;\">2<\/span> <span style=\"display: block; font-weight: bold; color: #0f172a;\">Env\u00edo de justificantes<\/span> <span style=\"font-size: 0.9rem;\">Una vez que hayas validado el formulario, debes enviar los justificantes por correo electr\u00f3nico.<\/span><\/li><li style=\"position: relative; padding-left: 3.5rem; margin-bottom: 0;\"><span style=\"position: absolute; left: 0; top: 0; width: 36px; height: 36px; background: #0f172a; color: white; border-radius: 50%; display: flex; align-items: center; justify-content: center; font-weight: bold;\">3<\/span> <span style=\"display: block; font-weight: bold; color: #0f172a;\">Correo certificado<\/span> <span style=\"font-size: 0.9rem;\">Debes enviar una carta certificada a FIDEALIS y al EDITOR.<\/span><\/li><\/ul><div style=\"margin-top: 2rem; background: #fff7ed; border-left: 4px solid #f59e0b; padding: 1.5rem; border-radius: 8px; font-size: 0.9rem; color: #9a3412; line-height: 1.5;\"><strong>\u26a0\ufe0f Importante:<\/strong><br>El Editor puede conceder al beneficiario un derecho no exclusivo para utilizar el equipo \u00fanicamente con fines de continuidad de negocio. Este procedimiento no implica la transferencia de derechos de propiedad intelectual. Este formulario inicia un procedimiento de puesta a disposici\u00f3n del c\u00f3digo, de acuerdo con los t\u00e9rminos y condiciones establecidos en el contrato y tras la verificaci\u00f3n de la informaci\u00f3n facilitada.  <\/div><\/div>\t\t\t\t\t\t\t\t<\/div>\n\t\t\t\t<\/div>\n\t\t\t\t\t<\/div>\n\t\t<\/div>\n\t\t\t\t<div class=\"elementor-column elementor-col-50 elementor-top-column elementor-element elementor-element-3dd99c3\" data-id=\"3dd99c3\" data-element_type=\"column\" data-e-type=\"column\">\n\t\t\t<div class=\"elementor-widget-wrap elementor-element-populated\">\n\t\t\t\t\t\t<div class=\"elementor-element elementor-element-3a65878 elementor-widget elementor-widget-text-editor\" data-id=\"3a65878\" data-element_type=\"widget\" data-e-type=\"widget\" data-widget_type=\"text-editor.default\">\n\t\t\t\t<div class=\"elementor-widget-container\">\n\t\t\t\t\t\t\t\t\t<div style=\"background: white; padding-top: 2rem; padding-left: 2rem; font-family: Plus Jakarta Sans, sans-serif; color: #334155;\">\n<h3 style=\"color: #0f172a; font-family: Outfit, sans-serif;\">Formulario a rellenar :<\/h3>\n<\/div>\t\t\t\t\t\t\t\t<\/div>\n\t\t\t\t<\/div>\n\t\t\t\t<div class=\"elementor-element elementor-element-b85996b elementor-widget__width-inherit elementor-button-align-stretch elementor-widget elementor-widget-form\" data-id=\"b85996b\" data-element_type=\"widget\" data-e-type=\"widget\" data-settings=\"{&quot;step_next_label&quot;:&quot;Siguiente&quot;,&quot;step_previous_label&quot;:&quot;Anterior&quot;,&quot;button_width&quot;:&quot;100&quot;,&quot;step_type&quot;:&quot;number_text&quot;,&quot;step_icon_shape&quot;:&quot;circle&quot;}\" data-widget_type=\"form.default\">\n\t\t\t\t<div class=\"elementor-widget-container\">\n\t\t\t\t\t\t\t<form class=\"elementor-form\" method=\"post\" name=\"recuperar-form\" aria-label=\"recuperar-form\">\n\t\t\t<input type=\"hidden\" name=\"post_id\" value=\"38440\"\/>\n\t\t\t<input type=\"hidden\" name=\"form_id\" value=\"b85996b\"\/>\n\t\t\t<input type=\"hidden\" name=\"referer_title\" value=\"Liberaci\u00f3n del c\u00f3digo fuente Fidealis - Procedimiento de custodia\" \/>\n\n\t\t\t\t\t\t\t<input type=\"hidden\" name=\"queried_id\" value=\"38440\"\/>\n\t\t\t\n\t\t\t<div class=\"elementor-form-fields-wrapper elementor-labels-\">\n\t\t\t\t\t\t\t\t<div class=\"elementor-field-type-text elementor-field-group elementor-column elementor-field-group-firstname elementor-col-50 elementor-field-required\">\n\t\t\t\t\t\t\t\t\t\t\t\t<label for=\"form-field-firstname\" class=\"elementor-field-label elementor-screen-only\">\n\t\t\t\t\t\t\t\tempresa\t\t\t\t\t\t\t<\/label>\n\t\t\t\t\t\t\t\t\t\t\t\t\t\t<input size=\"1\" type=\"text\" name=\"form_fields[firstname]\" id=\"form-field-firstname\" class=\"elementor-field elementor-size-sm  elementor-field-textual\" placeholder=\"Empresa archivadora (editorial)\" required=\"required\">\n\t\t\t\t\t\t\t\t\t\t\t<\/div>\n\t\t\t\t\t\t\t\t<div class=\"elementor-field-type-text elementor-field-group elementor-column elementor-field-group-field_bd34452 elementor-col-50\">\n\t\t\t\t\t\t\t\t\t\t\t\t<label for=\"form-field-field_bd34452\" class=\"elementor-field-label elementor-screen-only\">\n\t\t\t\t\t\t\t\tproducto\t\t\t\t\t\t\t<\/label>\n\t\t\t\t\t\t\t\t\t\t\t\t\t\t<input size=\"1\" type=\"text\" name=\"form_fields[field_bd34452]\" id=\"form-field-field_bd34452\" class=\"elementor-field elementor-size-sm  elementor-field-textual\" placeholder=\"Software afectado\">\n\t\t\t\t\t\t\t\t\t\t\t<\/div>\n\t\t\t\t\t\t\t\t<div class=\"elementor-field-type-text elementor-field-group elementor-column elementor-field-group-field_e78a5ba elementor-col-100 elementor-field-required\">\n\t\t\t\t\t\t\t\t\t\t\t\t<label for=\"form-field-field_e78a5ba\" class=\"elementor-field-label elementor-screen-only\">\n\t\t\t\t\t\t\t\treferencia\t\t\t\t\t\t\t<\/label>\n\t\t\t\t\t\t\t\t\t\t\t\t\t\t<input size=\"1\" type=\"text\" name=\"form_fields[field_e78a5ba]\" id=\"form-field-field_e78a5ba\" class=\"elementor-field elementor-size-sm  elementor-field-textual\" placeholder=\"Referencia del dep\u00f3sito  \" required=\"required\">\n\t\t\t\t\t\t\t\t\t\t\t<\/div>\n\t\t\t\t\t\t\t\t<div class=\"elementor-field-type-email elementor-field-group elementor-column elementor-field-group-email elementor-col-100 elementor-field-required\">\n\t\t\t\t\t\t\t\t\t\t\t\t<label for=\"form-field-email\" class=\"elementor-field-label elementor-screen-only\">\n\t\t\t\t\t\t\t\tcorreo electr\u00f3nico\t\t\t\t\t\t\t<\/label>\n\t\t\t\t\t\t\t\t\t\t\t\t\t\t<input size=\"1\" type=\"email\" name=\"form_fields[email]\" id=\"form-field-email\" class=\"elementor-field elementor-size-sm  elementor-field-textual\" placeholder=\"Correo electr\u00f3nico de la cuenta del beneficiario  \" required=\"required\">\n\t\t\t\t\t\t\t\t\t\t\t<\/div>\n\t\t\t\t\t\t\t\t<div class=\"elementor-field-type-select elementor-field-group elementor-column elementor-field-group-message elementor-col-100 elementor-field-required\">\n\t\t\t\t\t\t\t\t\t\t\t\t<label for=\"form-field-message\" class=\"elementor-field-label elementor-screen-only\">\n\t\t\t\t\t\t\t\tmotivo\t\t\t\t\t\t\t<\/label>\n\t\t\t\t\t\t\t\t<div class=\"elementor-field elementor-select-wrapper remove-before \">\n\t\t\t<div class=\"select-caret-down-wrapper\">\n\t\t\t\t<svg aria-hidden=\"true\" class=\"e-font-icon-svg e-eicon-caret-down\" viewBox=\"0 0 571.4 571.4\" xmlns=\"http:\/\/www.w3.org\/2000\/svg\"><path d=\"M571 393Q571 407 561 418L311 668Q300 679 286 679T261 668L11 418Q0 407 0 393T11 368 36 357H536Q550 357 561 368T571 393Z\"><\/path><\/svg>\t\t\t<\/div>\n\t\t\t<select name=\"form_fields[message]\" id=\"form-field-message\" class=\"elementor-field-textual elementor-size-sm\" required=\"required\">\n\t\t\t\t\t\t\t\t\t<option value=\" desactivado \">Selecciona el motivo... <\/option>\n\t\t\t\t\t\t\t\t\t<option value=\" cese\">Cese de la actividad del editor <\/option>\n\t\t\t\t\t\t\t\t\t<option value=\" defaillance\">Interrupci\u00f3n del mantenimiento (fallo) <\/option>\n\t\t\t\t\t\t\t\t\t<option value=\" liquidaci\u00f3n\">Liquidaci\u00f3n por orden judicial <\/option>\n\t\t\t\t\t\t\t\t\t<option value=\" otro\">Otro motivo <\/option>\n\t\t\t\t\t\t\t<\/select>\n\t\t<\/div>\n\t\t\t\t\t\t<\/div>\n\t\t\t\t\t\t\t\t<div class=\"elementor-field-type-recaptcha_v3 elementor-field-group elementor-column elementor-field-group-field_13dbd8a elementor-col-100 recaptcha_v3-bottomright\">\n\t\t\t\t\t<div class=\"elementor-field\" id=\"form-field-field_13dbd8a\"><div class=\"elementor-g-recaptcha\" data-sitekey=\"6LcbtIknAAAAAHkFjUluiaiYs73_KtAgWKGk2v03\" data-type=\"v3\" data-action=\"Form\" data-badge=\"bottomright\" data-size=\"invisible\"><\/div><\/div>\t\t\t\t<\/div>\n\t\t\t\t\t\t\t\t<div class=\"elementor-field-group elementor-column elementor-field-type-submit elementor-col-100 e-form__buttons\">\n\t\t\t\t\t<button class=\"elementor-button elementor-size-sm\" type=\"submit\">\n\t\t\t\t\t\t<span class=\"elementor-button-content-wrapper\">\n\t\t\t\t\t\t\t\t\t\t\t\t\t\t\t\t\t\t\t\t\t\t<span class=\"elementor-button-text\">Env\u00eda<\/span>\n\t\t\t\t\t\t\t\t\t\t\t\t\t<\/span>\n\t\t\t\t\t<\/button>\n\t\t\t\t<\/div>\n\t\t\t<\/div>\n\t\t<\/form>\n\t\t\t\t\t\t<\/div>\n\t\t\t\t<\/div>\n\t\t\t\t\t<\/div>\n\t\t<\/div>\n\t\t\t\t\t<\/div>\n\t\t<\/section>\n\t\t<div class=\"elementor-element elementor-element-4a22ae2 e-grid e-con-boxed e-con e-parent\" data-id=\"4a22ae2\" data-element_type=\"container\" data-e-type=\"container\" data-settings=\"{&quot;_ha_eqh_enable&quot;:false}\">\n\t\t\t\t\t<div class=\"e-con-inner\">\n\t\t\t\t<div class=\"elementor-element elementor-element-fce1adc elementor-widget elementor-widget-text-editor\" data-id=\"fce1adc\" data-element_type=\"widget\" data-e-type=\"widget\" data-widget_type=\"text-editor.default\">\n\t\t\t\t<div class=\"elementor-widget-container\">\n\t\t\t\t\t\t\t\t\t<h2 class=\"ds-markdown-paragraph\"><strong>\u00bfQu\u00e9 es la custodia del c\u00f3digo fuente?<\/strong><\/h2><p class=\"ds-markdown-paragraph\">La custodia de c\u00f3digo fuente es un servicio que permite a un editor de software depositar su c\u00f3digo fuente en un tercero de confianza (Fidealis). En caso de quiebra del editor (liquidaci\u00f3n, desaparici\u00f3n, cese de actividad), el cliente beneficiario puede solicitar la liberaci\u00f3n del c\u00f3digo para garantizar la continuidad de su actividad. <\/p><h2 class=\"ds-markdown-paragraph\"><strong>Condiciones de liberaci\u00f3n<\/strong><\/h2><p class=\"ds-markdown-paragraph\">El c\u00f3digo fuente s\u00f3lo puede liberarse previa presentaci\u00f3n de los siguientes documentos:<\/p><ul><li><p class=\"ds-markdown-paragraph\">Decisi\u00f3n judicial que declara en rebeld\u00eda al editor<\/p><\/li><li><p class=\"ds-markdown-paragraph\">Notificaci\u00f3n formal sin respuesta durante 30 d\u00edas<\/p><\/li><li><p class=\"ds-markdown-paragraph\">Solicitud motivada con prueba de ausencia de alimentos<\/p><\/li><\/ul>\t\t\t\t\t\t\t\t<\/div>\n\t\t\t\t<\/div>\n\t\t\t\t<div class=\"elementor-element elementor-element-ed96f38 elementor-widget elementor-widget-text-editor\" data-id=\"ed96f38\" data-element_type=\"widget\" data-e-type=\"widget\" data-widget_type=\"text-editor.default\">\n\t\t\t\t<div class=\"elementor-widget-container\">\n\t\t\t\t\t\t\t\t\t<h2 class=\"ds-markdown-paragraph\"><strong>Tiempos de procesamiento<\/strong><\/h2><p class=\"ds-markdown-paragraph\">Nuestro equipo tramita las reclamaciones en un plazo m\u00e1ximo de 15 d\u00edas laborables a partir de la recepci\u00f3n de todos los justificantes y de la carta certificada.<\/p><h2 class=\"ds-markdown-paragraph\"><strong>Ponte en contacto con<\/strong><\/h2><p class=\"ds-markdown-paragraph\">Si tienes alguna pregunta sobre la publicaci\u00f3n del c\u00f3digo fuente de Fidealis, ponte en contacto con nosotros en contact@fidealis.com.<\/p><p>M\u00e1s informaci\u00f3n sobre nuestros <a href=\"https:\/\/qui-sommes-nous-fidealis\/nos-services\" target=\"_blank\" rel=\"noopener noreferrer\">servicios de custodia de software<\/a>.<\/p><p><span style=\"font-family: -apple-system, BlinkMacSystemFont, 'Segoe UI', Roboto, 'Helvetica Neue', Arial, 'Noto Sans', sans-serif, 'Apple Color Emoji', 'Segoe UI Emoji', 'Segoe UI Symbol', 'Noto Color Emoji';\">M\u00e1s informaci\u00f3n sobre <\/span><a style=\"font-family: -apple-system, BlinkMacSystemFont, 'Segoe UI', Roboto, 'Helvetica Neue', Arial, 'Noto Sans', sans-serif, 'Apple Color Emoji', 'Segoe UI Emoji', 'Segoe UI Symbol', 'Noto Color Emoji';\" href=\"https:\/\/www.cnil.fr\/\" target=\"_blank\" rel=\"noopener noreferrer\">la custodia de c\u00f3digo fuente en el sitio web de la CNIL<\/a><span style=\"font-family: -apple-system, BlinkMacSystemFont, 'Segoe UI', Roboto, 'Helvetica Neue', Arial, 'Noto Sans', sans-serif, 'Apple Color Emoji', 'Segoe UI Emoji', 'Segoe UI Symbol', 'Noto Color Emoji';\">.<\/span><\/p>\t\t\t\t\t\t\t\t<\/div>\n\t\t\t\t<\/div>\n\t\t\t\t\t<\/div>\n\t\t\t\t<\/div>\n\t\t\t\t<\/div>\n\t\t","protected":false},"excerpt":{"rendered":"<p>\ud83d\udcdc Liberaci\u00f3n del c\u00f3digo fuente de Fidealis: procedimiento a seguir La liberaci\u00f3n del c\u00f3digo fuente Fidealis sigue un protocolo estricto que cumple nuestras condiciones generales de custodia. Este procedimiento hace que el c\u00f3digo fuente est\u00e9 disponible en caso de fallo del editor. 1 Reclamaci\u00f3n en l\u00ednea Rellena el formulario de al lado para abrir el [&hellip;]<\/p>\n","protected":false},"author":5,"featured_media":0,"parent":0,"menu_order":0,"comment_status":"closed","ping_status":"closed","template":"elementor_header_footer","meta":{"footnotes":""},"class_list":["post-38440","page","type-page","status-publish","hentry"],"_links":{"self":[{"href":"https:\/\/www.fidealis.com\/es\/wp-json\/wp\/v2\/pages\/38440","targetHints":{"allow":["GET"]}}],"collection":[{"href":"https:\/\/www.fidealis.com\/es\/wp-json\/wp\/v2\/pages"}],"about":[{"href":"https:\/\/www.fidealis.com\/es\/wp-json\/wp\/v2\/types\/page"}],"author":[{"embeddable":true,"href":"https:\/\/www.fidealis.com\/es\/wp-json\/wp\/v2\/users\/5"}],"replies":[{"embeddable":true,"href":"https:\/\/www.fidealis.com\/es\/wp-json\/wp\/v2\/comments?post=38440"}],"version-history":[{"count":2,"href":"https:\/\/www.fidealis.com\/es\/wp-json\/wp\/v2\/pages\/38440\/revisions"}],"predecessor-version":[{"id":39643,"href":"https:\/\/www.fidealis.com\/es\/wp-json\/wp\/v2\/pages\/38440\/revisions\/39643"}],"wp:attachment":[{"href":"https:\/\/www.fidealis.com\/es\/wp-json\/wp\/v2\/media?parent=38440"}],"curies":[{"name":"wp","href":"https:\/\/api.w.org\/{rel}","templated":true}]}}