{"id":31838,"date":"2023-06-19T14:03:18","date_gmt":"2023-06-19T12:03:18","guid":{"rendered":"https:\/\/beta.fidealis.com\/informazioni-legali\/"},"modified":"2026-04-19T12:09:55","modified_gmt":"2026-04-19T10:09:55","slug":"note-legali","status":"publish","type":"page","link":"https:\/\/www.fidealis.com\/it\/note-legali\/","title":{"rendered":"Informazioni legali"},"content":{"rendered":"\t\t<div data-elementor-type=\"wp-page\" data-elementor-id=\"31838\" class=\"elementor elementor-31838 elementor-20003\" data-elementor-settings=\"{&quot;ha_cmc_init_switcher&quot;:&quot;no&quot;}\" data-elementor-post-type=\"page\">\n\t\t\t\t\t\t<section class=\"elementor-section elementor-top-section elementor-element elementor-element-1a62bf61 elementor-section-height-min-height elementor-section-boxed elementor-section-height-default elementor-section-items-middle\" data-id=\"1a62bf61\" data-element_type=\"section\" data-e-type=\"section\" data-settings=\"{&quot;background_background&quot;:&quot;classic&quot;,&quot;_ha_eqh_enable&quot;:false}\">\n\t\t\t\t\t\t\t<div class=\"elementor-background-overlay\"><\/div>\n\t\t\t\t\t\t\t<div class=\"elementor-container elementor-column-gap-default\">\n\t\t\t\t\t<div class=\"elementor-column elementor-col-100 elementor-top-column elementor-element elementor-element-768b07f0\" data-id=\"768b07f0\" data-element_type=\"column\" data-e-type=\"column\" data-settings=\"{&quot;background_background&quot;:&quot;classic&quot;}\">\n\t\t\t<div class=\"elementor-widget-wrap elementor-element-populated\">\n\t\t\t\t\t\t<div class=\"elementor-element elementor-element-2a6f8d5b elementor-widget elementor-widget-theme-post-title elementor-page-title elementor-widget-heading\" data-id=\"2a6f8d5b\" data-element_type=\"widget\" data-e-type=\"widget\" data-widget_type=\"theme-post-title.default\">\n\t\t\t\t<div class=\"elementor-widget-container\">\n\t\t\t\t\t<h1 class=\"elementor-heading-title elementor-size-default\">Informazioni legali<\/h1>\t\t\t\t<\/div>\n\t\t\t\t<\/div>\n\t\t\t\t\t<\/div>\n\t\t<\/div>\n\t\t\t\t\t<\/div>\n\t\t<\/section>\n\t\t\t\t<section class=\"elementor-section elementor-top-section elementor-element elementor-element-5303aab7 elementor-section-full_width elementor-section-height-default elementor-section-height-default\" data-id=\"5303aab7\" data-element_type=\"section\" data-e-type=\"section\" data-settings=\"{&quot;_ha_eqh_enable&quot;:false}\">\n\t\t\t\t\t\t<div class=\"elementor-container elementor-column-gap-default\">\n\t\t\t\t\t<div class=\"elementor-column elementor-col-100 elementor-top-column elementor-element elementor-element-2214e3fc\" data-id=\"2214e3fc\" data-element_type=\"column\" data-e-type=\"column\" data-settings=\"{&quot;background_background&quot;:&quot;classic&quot;}\">\n\t\t\t<div class=\"elementor-widget-wrap elementor-element-populated\">\n\t\t\t\t\t\t<section class=\"elementor-section elementor-top-section elementor-element elementor-element-6e66e2c7 elementor-section-content-middle elementor-section-boxed elementor-section-height-default elementor-section-height-default\" data-id=\"6e66e2c7\" data-element_type=\"section\" data-e-type=\"section\" data-settings=\"{&quot;_ha_eqh_enable&quot;:false}\">\n\t\t\t\t\t\t<div class=\"elementor-container elementor-column-gap-default\">\n\t\t\t\t\t<div class=\"elementor-column elementor-col-50 elementor-top-column elementor-element elementor-element-2d264308\" data-id=\"2d264308\" data-element_type=\"column\" data-e-type=\"column\">\n\t\t\t<div class=\"elementor-widget-wrap elementor-element-populated\">\n\t\t\t\t\t\t<div class=\"elementor-element elementor-element-2f1c48fe elementor-widget__width-auto elementor-widget elementor-widget-global elementor-global-34020 elementor-global-33696 elementor-widget-heading\" data-id=\"2f1c48fe\" data-element_type=\"widget\" data-e-type=\"widget\" data-widget_type=\"heading.default\">\n\t\t\t\t<div class=\"elementor-widget-container\">\n\t\t\t\t\t<h4 class=\"elementor-heading-title elementor-size-default\">Il vostro deposito a partire da 99\u20ac<\/h4>\t\t\t\t<\/div>\n\t\t\t\t<\/div>\n\t\t\t\t<div class=\"elementor-element elementor-element-2757ee64 elementor-widget__width-auto elementor-widget-tablet__width-initial elementor-widget elementor-widget-heading\" data-id=\"2757ee64\" data-element_type=\"widget\" data-e-type=\"widget\" data-widget_type=\"heading.default\">\n\t\t\t\t<div class=\"elementor-widget-container\">\n\t\t\t\t\t<p class=\"elementor-heading-title elementor-size-default\">Soluzione di protezione della propriet\u00e0 intellettuale<\/p>\t\t\t\t<\/div>\n\t\t\t\t<\/div>\n\t\t\t\t\t<\/div>\n\t\t<\/div>\n\t\t\t\t<div class=\"elementor-column elementor-col-50 elementor-top-column elementor-element elementor-element-acd01d\" data-id=\"acd01d\" data-element_type=\"column\" data-e-type=\"column\">\n\t\t\t<div class=\"elementor-widget-wrap elementor-element-populated\">\n\t\t\t\t\t\t<div class=\"elementor-element elementor-element-2a414d7f elementor-align-center elementor-widget elementor-widget-global elementor-global-32818 elementor-global-32682 elementor-widget-button\" data-id=\"2a414d7f\" data-element_type=\"widget\" data-e-type=\"widget\" data-settings=\"{&quot;_animation&quot;:&quot;none&quot;,&quot;_animation_delay&quot;:2700}\" data-widget_type=\"button.default\">\n\t\t\t\t<div class=\"elementor-widget-container\">\n\t\t\t\t\t\t\t\t\t<div class=\"elementor-button-wrapper\">\n\t\t\t\t\t<a class=\"elementor-button elementor-button-link elementor-size-md\" href=\"https:\/\/www.fidealis.com\/it\/iscrizione\/\">\n\t\t\t\t\t\t<span class=\"elementor-button-content-wrapper\">\n\t\t\t\t\t\t<span class=\"elementor-button-icon\">\n\t\t\t\t<svg aria-hidden=\"true\" class=\"e-font-icon-svg e-fas-balance-scale\" viewBox=\"0 0 640 512\" xmlns=\"http:\/\/www.w3.org\/2000\/svg\"><path d=\"M256 336h-.02c0-16.18 1.34-8.73-85.05-181.51-17.65-35.29-68.19-35.36-85.87 0C-2.06 328.75.02 320.33.02 336H0c0 44.18 57.31 80 128 80s128-35.82 128-80zM128 176l72 144H56l72-144zm511.98 160c0-16.18 1.34-8.73-85.05-181.51-17.65-35.29-68.19-35.36-85.87 0-87.12 174.26-85.04 165.84-85.04 181.51H384c0 44.18 57.31 80 128 80s128-35.82 128-80h-.02zM440 320l72-144 72 144H440zm88 128H352V153.25c23.51-10.29 41.16-31.48 46.39-57.25H528c8.84 0 16-7.16 16-16V48c0-8.84-7.16-16-16-16H383.64C369.04 12.68 346.09 0 320 0s-49.04 12.68-63.64 32H112c-8.84 0-16 7.16-16 16v32c0 8.84 7.16 16 16 16h129.61c5.23 25.76 22.87 46.96 46.39 57.25V448H112c-8.84 0-16 7.16-16 16v32c0 8.84 7.16 16 16 16h416c8.84 0 16-7.16 16-16v-32c0-8.84-7.16-16-16-16z\"><\/path><\/svg>\t\t\t<\/span>\n\t\t\t\t\t\t\t\t\t<span class=\"elementor-button-text\">FILE ORA<\/span>\n\t\t\t\t\t<\/span>\n\t\t\t\t\t<\/a>\n\t\t\t\t<\/div>\n\t\t\t\t\t\t\t\t<\/div>\n\t\t\t\t<\/div>\n\t\t\t\t\t<\/div>\n\t\t<\/div>\n\t\t\t\t\t<\/div>\n\t\t<\/section>\n\t\t\t\t\t<\/div>\n\t\t<\/div>\n\t\t\t\t\t<\/div>\n\t\t<\/section>\n\t\t\t\t<section class=\"elementor-section elementor-top-section elementor-element elementor-element-ef56967 elementor-section-boxed elementor-section-height-default elementor-section-height-default\" data-id=\"ef56967\" data-element_type=\"section\" data-e-type=\"section\" data-settings=\"{&quot;_ha_eqh_enable&quot;:false}\">\n\t\t\t\t\t\t<div class=\"elementor-container elementor-column-gap-default\">\n\t\t\t\t\t<div class=\"elementor-column elementor-col-100 elementor-top-column elementor-element elementor-element-362e9c7\" data-id=\"362e9c7\" data-element_type=\"column\" data-e-type=\"column\">\n\t\t\t<div class=\"elementor-widget-wrap elementor-element-populated\">\n\t\t\t\t\t\t<div class=\"elementor-element elementor-element-7f658cf elementor-widget elementor-widget-text-editor\" data-id=\"7f658cf\" data-element_type=\"widget\" data-e-type=\"widget\" data-widget_type=\"text-editor.default\">\n\t\t\t\t<div class=\"elementor-widget-container\">\n\t\t\t\t\t\t\t\t\t<p>La <strong>nota legale<\/strong> di <strong>Fidealis<\/strong> \u00e8 conforme alle disposizioni degli articoli 6-III e 19 della Legge n. 2004-575 del 21 giugno 2004 per la fiducia nell&#8217;economia digitale.<br>Il sito web fidealis.com \u00e8 accessibile al seguente indirizzo: www.fidealis.com (di seguito &#8220;il Sito&#8221;). L&#8217;accesso e l&#8217;utilizzo del Sito sono soggetti al presente &#8220;Avviso Legale&#8221; riportato di seguito, nonch\u00e9 alle leggi e\/o ai regolamenti applicabili.<br>La connessione, l&#8217;utilizzo e l&#8217;accesso a questo Sito implicano l&#8217;accettazione integrale e senza riserve da parte dell&#8217;utente Internet di tutte le disposizioni del presente Avviso Legale. <\/p><h2><strong>ARTICOLO 1 &#8211; Informazioni legali di Fidealis<\/strong><\/h2><p>Ai sensi dell&#8217;articolo 6 della Legge n. 2004-575 del 21 giugno 2004 sulla fiducia nell&#8217;economia digitale, questo articolo specifica l&#8217;identit\u00e0 delle varie parti coinvolte nella sua attuazione e nel suo monitoraggio.<\/p><p>Il sito www.fidealis.com \u00e8 pubblicato da:<br>&#8211; FIDEALIS SAS<br>&#8211; Sede legale: 320 rue Saint HONORE 75001 PARIS<br>&#8211; Registrazione: RCS PARIS 439177144.<br>&#8211; Indirizzo e-mail: contact@fidealis.com<\/p><p>Il sito web Www.fidealis.com \u00e8 ospitato da : OVH<br>la cui sede si trova al seguente indirizzo: 2 rue Kellermann 59100 Roubaix<br>Telefono: +33 (0)3 20 830 866<\/p><p>Tutti gli utenti di Internet che navigano, leggono, visualizzano e utilizzano il sito fidealis.com sono considerati utenti.<\/p><h2>ARTICOLO 2 &#8211; ACCESSIBILIT\u00c0<\/h2><p>In linea di principio, il Sito \u00e8 accessibile agli utenti 24 ore su 24, 7 giorni su 7, salvo in caso di interruzione, programmata o meno, per motivi di manutenzione o in caso di forza maggiore.<br>Nel caso in cui l&#8217;accesso al Sito sia impossibile, il Sito si impegna a fare il possibile per ripristinare l&#8217;accesso. Il Sito non potr\u00e0 essere ritenuto responsabile per qualsiasi danno derivante dalla sua indisponibilit\u00e0.<\/p><h2>ARTICOLO 3 &#8211; RACCOLTA DEI DATI E LEGGE SULLA PROTEZIONE DEI DATI<\/h2><p>Il sito fidealis.com rispetta le disposizioni della legge 78-17 del 6 gennaio 1978 sull&#8217;elaborazione dei dati, sugli archivi e sulle libert\u00e0 individuali. In virt\u00f9 di ci\u00f2, l&#8217;Utente beneficia in particolare di un diritto di opposizione (artt. 32 e 38), di accesso (artt. 38 e 39) e la rettifica (art. 40) qualsiasi dato relativo all&#8217;Utente.<br>Per avvalersi di questo diritto, l&#8217;Utente deve contattare l&#8217;Editore al seguente indirizzo: contact@fidealis.com, o per posta all&#8217;indirizzo dell&#8217;Editore, indicando cognome, nome\/i, indirizzo e indirizzo e-mail dell&#8217;Utente.<\/p><h2>ARTICOLO 4 &#8211; POLITICA DEI COOKIE<\/h2><p>Il sito Www.fidealis.com pu\u00f2 utilizzare tecniche di &#8220;cookie&#8221; per elaborare statistiche e informazioni sul traffico, per facilitare la navigazione e per migliorare il servizio per la comodit\u00e0 dell&#8217;Utente.<br>In conformit\u00e0 alla legislazione europea, il sito fidealis.com ha aggiornato la propria politica di riservatezza in materia di cookie. L&#8217;Utente \u00e8 libero di accettare o rifiutare i cookie di tutti i siti web modificando le impostazioni del proprio browser.<\/p><h2>ARTICOLO 5 &#8211; LEGGE APPLICABILE E GIURISDIZIONE<\/h2><p>Il presente Avviso legale \u00e8 disciplinato dalla legge francese. In caso di controversia e in assenza di un accordo amichevole, la controversia sar\u00e0 portata davanti ai tribunali francesi secondo le norme di giurisdizione in vigore.<\/p><h2>ARTICOLO 6 &#8211; CONTATTI<\/h2><p>Per segnalare contenuti o attivit\u00e0 illegali, gli Utenti possono contattare l&#8217;Editore al seguente indirizzo: webmaster@fidealis.com, o tramite raccomandata con ricevuta di ritorno indirizzata all&#8217;Editore all&#8217;indirizzo specificato in questa nota legale.<\/p><p>Godetevi la vostra visita a www.fidealis.com!<\/p>\t\t\t\t\t\t\t\t<\/div>\n\t\t\t\t<\/div>\n\t\t\t\t<div class=\"elementor-element elementor-element-6b11989 elementor-widget elementor-widget-text-editor\" data-id=\"6b11989\" data-element_type=\"widget\" data-e-type=\"widget\" data-widget_type=\"text-editor.default\">\n\t\t\t\t<div class=\"elementor-widget-container\">\n\t\t\t\t\t\t\t\t\t<p> <\/p><p>Torna alla<a href=\"https:\/\/www.fidealis.com\/it\/\" target=\"_blank\" rel=\"noopener noreferrer\">home page di Fidealis<\/a>.<\/p><p>Per maggiori informazioni sui tuoi diritti, visita il sito web della <a href=\"https:\/\/www.cnil.fr\/\" target=\"_blank\" rel=\"noopener noreferrer\">CNIL<\/a>.<\/p>\t\t\t\t\t\t\t\t<\/div>\n\t\t\t\t<\/div>\n\t\t\t\t\t<\/div>\n\t\t<\/div>\n\t\t\t\t\t<\/div>\n\t\t<\/section>\n\t\t\t\t<\/div>\n\t\t","protected":false},"excerpt":{"rendered":"<p>Votre d\u00e9p\u00f4t \u00e0 partir de 99\u20ac Soluzione di protezione della propriet\u00e0 intellettuale D\u00c9POSER MAINTENANT La nota legale di Fidealis \u00e8 conforme alle disposizioni degli articoli 6-III e 19 della Legge n. 2004-575 del 21 giugno 2004 per la fiducia nell&#8217;economia digitale.Il sito web fidealis.com \u00e8 accessibile al seguente indirizzo: www.fidealis.com (di seguito &#8220;il Sito&#8221;). L&#8217;accesso [&hellip;]<\/p>\n","protected":false},"author":1,"featured_media":0,"parent":0,"menu_order":0,"comment_status":"closed","ping_status":"closed","template":"elementor_header_footer","meta":{"footnotes":""},"class_list":["post-31838","page","type-page","status-publish","hentry"],"_links":{"self":[{"href":"https:\/\/www.fidealis.com\/it\/wp-json\/wp\/v2\/pages\/31838","targetHints":{"allow":["GET"]}}],"collection":[{"href":"https:\/\/www.fidealis.com\/it\/wp-json\/wp\/v2\/pages"}],"about":[{"href":"https:\/\/www.fidealis.com\/it\/wp-json\/wp\/v2\/types\/page"}],"author":[{"embeddable":true,"href":"https:\/\/www.fidealis.com\/it\/wp-json\/wp\/v2\/users\/1"}],"replies":[{"embeddable":true,"href":"https:\/\/www.fidealis.com\/it\/wp-json\/wp\/v2\/comments?post=31838"}],"version-history":[{"count":7,"href":"https:\/\/www.fidealis.com\/it\/wp-json\/wp\/v2\/pages\/31838\/revisions"}],"predecessor-version":[{"id":40140,"href":"https:\/\/www.fidealis.com\/it\/wp-json\/wp\/v2\/pages\/31838\/revisions\/40140"}],"wp:attachment":[{"href":"https:\/\/www.fidealis.com\/it\/wp-json\/wp\/v2\/media?parent=31838"}],"curies":[{"name":"wp","href":"https:\/\/api.w.org\/{rel}","templated":true}]}}