{"id":31865,"date":"2023-06-19T14:08:11","date_gmt":"2023-06-19T12:08:11","guid":{"rendered":"https:\/\/beta.fidealis.com\/informativa-sulla-privacy\/"},"modified":"2026-04-19T12:10:18","modified_gmt":"2026-04-19T10:10:18","slug":"informativa-sulla-privacy","status":"publish","type":"page","link":"https:\/\/www.fidealis.com\/it\/informativa-sulla-privacy\/","title":{"rendered":"Informativa sulla privacy"},"content":{"rendered":"\t\t<div data-elementor-type=\"wp-page\" data-elementor-id=\"31865\" class=\"elementor elementor-31865 elementor-20015\" data-elementor-settings=\"{&quot;ha_cmc_init_switcher&quot;:&quot;no&quot;}\" data-elementor-post-type=\"page\">\n\t\t\t\t\t\t<section class=\"elementor-section elementor-top-section elementor-element elementor-element-398f7a6b elementor-section-height-min-height elementor-section-boxed elementor-section-height-default elementor-section-items-middle\" data-id=\"398f7a6b\" data-element_type=\"section\" data-e-type=\"section\" data-settings=\"{&quot;background_background&quot;:&quot;classic&quot;,&quot;_ha_eqh_enable&quot;:false}\">\n\t\t\t\t\t\t\t<div class=\"elementor-background-overlay\"><\/div>\n\t\t\t\t\t\t\t<div class=\"elementor-container elementor-column-gap-default\">\n\t\t\t\t\t<div class=\"elementor-column elementor-col-100 elementor-top-column elementor-element elementor-element-6056cf76\" data-id=\"6056cf76\" data-element_type=\"column\" data-e-type=\"column\" data-settings=\"{&quot;background_background&quot;:&quot;classic&quot;}\">\n\t\t\t<div class=\"elementor-widget-wrap elementor-element-populated\">\n\t\t\t\t\t\t<div class=\"elementor-element elementor-element-1955d8a elementor-widget elementor-widget-theme-post-title elementor-page-title elementor-widget-heading\" data-id=\"1955d8a\" data-element_type=\"widget\" data-e-type=\"widget\" data-widget_type=\"theme-post-title.default\">\n\t\t\t\t<div class=\"elementor-widget-container\">\n\t\t\t\t\t<h1 class=\"elementor-heading-title elementor-size-default\">Informativa sulla privacy<\/h1>\t\t\t\t<\/div>\n\t\t\t\t<\/div>\n\t\t\t\t\t<\/div>\n\t\t<\/div>\n\t\t\t\t\t<\/div>\n\t\t<\/section>\n\t\t\t\t<section class=\"elementor-section elementor-top-section elementor-element elementor-element-1df472e7 elementor-section-full_width elementor-section-height-default elementor-section-height-default\" data-id=\"1df472e7\" data-element_type=\"section\" data-e-type=\"section\" data-settings=\"{&quot;_ha_eqh_enable&quot;:false}\">\n\t\t\t\t\t\t<div class=\"elementor-container elementor-column-gap-default\">\n\t\t\t\t\t<div class=\"elementor-column elementor-col-100 elementor-top-column elementor-element elementor-element-ea85d36\" data-id=\"ea85d36\" data-element_type=\"column\" data-e-type=\"column\" data-settings=\"{&quot;background_background&quot;:&quot;classic&quot;}\">\n\t\t\t<div class=\"elementor-widget-wrap elementor-element-populated\">\n\t\t\t\t\t\t<section class=\"elementor-section elementor-top-section elementor-element elementor-element-69cfb38c elementor-section-content-middle elementor-section-boxed elementor-section-height-default elementor-section-height-default\" data-id=\"69cfb38c\" data-element_type=\"section\" data-e-type=\"section\" data-settings=\"{&quot;_ha_eqh_enable&quot;:false}\">\n\t\t\t\t\t\t<div class=\"elementor-container elementor-column-gap-default\">\n\t\t\t\t\t<div class=\"elementor-column elementor-col-50 elementor-top-column elementor-element elementor-element-30b79b0c\" data-id=\"30b79b0c\" data-element_type=\"column\" data-e-type=\"column\">\n\t\t\t<div class=\"elementor-widget-wrap elementor-element-populated\">\n\t\t\t\t\t\t<div class=\"elementor-element elementor-element-6ae151c6 elementor-widget__width-auto elementor-widget elementor-widget-global elementor-global-34020 elementor-global-33696 elementor-widget-heading\" data-id=\"6ae151c6\" data-element_type=\"widget\" data-e-type=\"widget\" data-widget_type=\"heading.default\">\n\t\t\t\t<div class=\"elementor-widget-container\">\n\t\t\t\t\t<h4 class=\"elementor-heading-title elementor-size-default\">Il vostro deposito a partire da 99\u20ac<\/h4>\t\t\t\t<\/div>\n\t\t\t\t<\/div>\n\t\t\t\t<div class=\"elementor-element elementor-element-7b7f219e elementor-widget__width-auto elementor-widget-tablet__width-initial elementor-widget elementor-widget-heading\" data-id=\"7b7f219e\" data-element_type=\"widget\" data-e-type=\"widget\" data-widget_type=\"heading.default\">\n\t\t\t\t<div class=\"elementor-widget-container\">\n\t\t\t\t\t<p class=\"elementor-heading-title elementor-size-default\">Soluzione di protezione della propriet\u00e0 intellettuale<\/p>\t\t\t\t<\/div>\n\t\t\t\t<\/div>\n\t\t\t\t\t<\/div>\n\t\t<\/div>\n\t\t\t\t<div class=\"elementor-column elementor-col-50 elementor-top-column elementor-element elementor-element-464d676e\" data-id=\"464d676e\" data-element_type=\"column\" data-e-type=\"column\">\n\t\t\t<div class=\"elementor-widget-wrap elementor-element-populated\">\n\t\t\t\t\t\t<div class=\"elementor-element elementor-element-22317200 elementor-align-center elementor-widget elementor-widget-global elementor-global-32818 elementor-global-32682 elementor-widget-button\" data-id=\"22317200\" data-element_type=\"widget\" data-e-type=\"widget\" data-settings=\"{&quot;_animation&quot;:&quot;none&quot;,&quot;_animation_delay&quot;:2700}\" data-widget_type=\"button.default\">\n\t\t\t\t<div class=\"elementor-widget-container\">\n\t\t\t\t\t\t\t\t\t<div class=\"elementor-button-wrapper\">\n\t\t\t\t\t<a class=\"elementor-button elementor-button-link elementor-size-md\" href=\"https:\/\/www.fidealis.com\/it\/iscrizione\/\">\n\t\t\t\t\t\t<span class=\"elementor-button-content-wrapper\">\n\t\t\t\t\t\t<span class=\"elementor-button-icon\">\n\t\t\t\t<svg aria-hidden=\"true\" class=\"e-font-icon-svg e-fas-balance-scale\" viewBox=\"0 0 640 512\" xmlns=\"http:\/\/www.w3.org\/2000\/svg\"><path d=\"M256 336h-.02c0-16.18 1.34-8.73-85.05-181.51-17.65-35.29-68.19-35.36-85.87 0C-2.06 328.75.02 320.33.02 336H0c0 44.18 57.31 80 128 80s128-35.82 128-80zM128 176l72 144H56l72-144zm511.98 160c0-16.18 1.34-8.73-85.05-181.51-17.65-35.29-68.19-35.36-85.87 0-87.12 174.26-85.04 165.84-85.04 181.51H384c0 44.18 57.31 80 128 80s128-35.82 128-80h-.02zM440 320l72-144 72 144H440zm88 128H352V153.25c23.51-10.29 41.16-31.48 46.39-57.25H528c8.84 0 16-7.16 16-16V48c0-8.84-7.16-16-16-16H383.64C369.04 12.68 346.09 0 320 0s-49.04 12.68-63.64 32H112c-8.84 0-16 7.16-16 16v32c0 8.84 7.16 16 16 16h129.61c5.23 25.76 22.87 46.96 46.39 57.25V448H112c-8.84 0-16 7.16-16 16v32c0 8.84 7.16 16 16 16h416c8.84 0 16-7.16 16-16v-32c0-8.84-7.16-16-16-16z\"><\/path><\/svg>\t\t\t<\/span>\n\t\t\t\t\t\t\t\t\t<span class=\"elementor-button-text\">FILE ORA<\/span>\n\t\t\t\t\t<\/span>\n\t\t\t\t\t<\/a>\n\t\t\t\t<\/div>\n\t\t\t\t\t\t\t\t<\/div>\n\t\t\t\t<\/div>\n\t\t\t\t\t<\/div>\n\t\t<\/div>\n\t\t\t\t\t<\/div>\n\t\t<\/section>\n\t\t\t\t\t<\/div>\n\t\t<\/div>\n\t\t\t\t\t<\/div>\n\t\t<\/section>\n\t\t\t\t<section class=\"elementor-section elementor-top-section elementor-element elementor-element-ad5e0e6 elementor-section-boxed elementor-section-height-default elementor-section-height-default\" data-id=\"ad5e0e6\" data-element_type=\"section\" data-e-type=\"section\" data-settings=\"{&quot;_ha_eqh_enable&quot;:false}\">\n\t\t\t\t\t\t<div class=\"elementor-container elementor-column-gap-default\">\n\t\t\t\t\t<div class=\"elementor-column elementor-col-100 elementor-top-column elementor-element elementor-element-c7d1c9f\" data-id=\"c7d1c9f\" data-element_type=\"column\" data-e-type=\"column\">\n\t\t\t<div class=\"elementor-widget-wrap elementor-element-populated\">\n\t\t\t\t\t\t<div class=\"elementor-element elementor-element-c77632c elementor-widget elementor-widget-text-editor\" data-id=\"c77632c\" data-element_type=\"widget\" data-e-type=\"widget\" data-widget_type=\"text-editor.default\">\n\t\t\t\t<div class=\"elementor-widget-container\">\n\t\t\t\t\t\t\t\t\t<h2><strong>ARTICOLO 1 &#8211; Informativa sulla privacy di Fidealis: preambolo<\/strong><\/h2><p>La <strong>politica sulla privacy di Fidealis<\/strong> si applica al sito web <a href=\"https:\/\/www.fidealis.com\/it\/\" target=\"_blank\" rel=\"noopener noreferrer\">www.fidealis.com.<\/a> Essa stabilisce le modalit\u00e0 di raccolta e trattamento dei tuoi dati personali. <\/p><p>Lo scopo di questa informativa sulla privacy \u00e8 quello di spiegare agli utenti del sito:<br>come vengono raccolti e trattati i loro dati personali. I dati personali sono tutti i dati che possono essere utilizzati per identificare un utente. Questo include il nome e il cognome dell&#8217;utente, l&#8217;et\u00e0, l&#8217;indirizzo postale, l&#8217;indirizzo e-mail, l&#8217;ubicazione e l&#8217;indirizzo IP;<br>quali diritti ha l&#8217;utente in merito a questi dati;<br>chi \u00e8 responsabile del trattamento dei dati personali raccolti ed elaborati;<br>a chi vengono trasmessi questi dati;<br>la politica del sito sui cookie, se presente.<\/p><p>La presente informativa sulla privacy integra la nota legale e le Condizioni generali d&#8217;uso, che gli utenti possono consultare al seguente indirizzo:<br>https:\/\/www\/fidealis.com<\/p><h2>ARTICOLO 2: PRINCIPI GENERALI DI RACCOLTA E TRATTAMENTO DEI DATI<\/h2><p>In conformit\u00e0 a quanto previsto dall&#8217;articolo 5 del Regolamento Europeo 2016\/679, la raccolta e il trattamento dei dati degli utenti del sito rispetta i seguenti principi:<br>Liceit\u00e0, correttezza e trasparenza: i dati possono essere raccolti e trattati solo con il consenso dell&#8217;utente che ne \u00e8 titolare. Ogni volta che vengono raccolti dati personali, l&#8217;utente viene informato che i suoi dati vengono raccolti e per quale scopo;<br>Finalit\u00e0 limitate: i dati vengono raccolti e trattati per una o pi\u00f9 delle finalit\u00e0 indicate nelle presenti condizioni generali di utilizzo;<br>Minimizzazione della raccolta e del trattamento dei dati: vengono raccolti solo i dati necessari per la corretta esecuzione degli obiettivi perseguiti dal sito;<br>Conservazione dei dati ridotta nel tempo: i dati vengono conservati per un periodo limitato, di cui l&#8217;utente viene informato. Se il periodo di conservazione non pu\u00f2 essere comunicato all&#8217;utente;<br>Integrit\u00e0 e riservatezza dei dati raccolti e trattati: il titolare del trattamento si impegna a garantire l&#8217;integrit\u00e0 e la riservatezza dei dati raccolti.<\/p><p>Per essere leciti, e in conformit\u00e0 ai requisiti dell&#8217;articolo 6 del Regolamento europeo 2016\/679, i dati personali possono essere raccolti e trattati solo se \u00e8 soddisfatta almeno una delle seguenti condizioni:<br>L&#8217;utente ha espressamente acconsentito al trattamento ;<br>Il trattamento \u00e8 necessario per la corretta esecuzione di un contratto;<br>Il trattamento \u00e8 conforme a un obbligo legale;<br>Il trattamento \u00e8 necessario per tutelare gli interessi vitali dell&#8217;interessato o di un&#8217;altra persona fisica;<br>Il trattamento pu\u00f2 essere necessario per l&#8217;esecuzione di un compito svolto nell&#8217;interesse pubblico o nell&#8217;esercizio di pubblici poteri;<br>Il trattamento e la raccolta dei dati personali sono necessari ai fini degli interessi legittimi e privati perseguiti dal titolare del trattamento o da una terza parte.<\/p><h2>ARTICOLO 3: DATI PERSONALI RACCOLTI E TRATTATI DURANTE LA NAVIGAZIONE DEL SITO<\/h2><p><strong>A. DATI RACCOLTI E TRATTATI E MODALIT\u00c0 DI RACCOLTA<\/strong><br>I dati personali raccolti sul sito web di Fidealis, prova di anteriorit\u00e0 e Copyright sono i seguenti:<br>Cognome, Nome<br>&#8211; Nome della societ\u00e0,<br>&#8211; Indirizzo e-mail<br>&#8211; Indirizzo commerciale<br>&#8211; Numero di telefono<br>Questi dati vengono raccolti quando l&#8217;utente effettua una delle seguenti operazioni sul sito:<br>Quando l&#8217;utente si registra per ricevere informazioni sui servizi di questo sito<br>Quando l&#8217;utente diventa cliente<br>Quando l&#8217;utente richiede un preventivo online<br>Inoltre, quando viene effettuato un pagamento sul sito, la prova della transazione, compresi il modulo d&#8217;ordine e la fattura, verr\u00e0 conservata nei sistemi informatici dell&#8217;editore del sito.<br>Il titolare del trattamento conserver\u00e0 tutti i dati raccolti sui sistemi informatici del sito in condizioni di ragionevole sicurezza per un periodo di : 3 anni ( tre anni).<br>I dati vengono raccolti e trattati per le seguenti finalit\u00e0:<br>ottimizzazione del targeting pubblicitario<br>migliorare la relazione prima dell&#8217;impegno commerciale<br>monitoraggio delle relazioni con i clienti<br>personalizzazione essenziale delle registrazioni effettuate in nome e per conto del cliente quando utilizza il servizio FIDEALIS, in particolare<\/p><p><strong>B. TRASMISSIONE DEI DATI A TERZI<\/strong><br>I dati personali raccolti dal sito non vengono trasmessi a terzi e vengono trattati esclusivamente dall&#8217;editore del sito.<\/p><p><strong>C. HOSTING DEI DATI<\/strong><br>Il sito web di Fidealis, Proof of Prior Art e Copyright \u00e8 ospitato da : OVH, la cui sede si trova al seguente indirizzo:<br>2 rue Kellermann 59100 ROUBAIX<br>L&#8217;host pu\u00f2 essere contattato al seguente numero di telefono: 08 203 203 63 &#8211; Sito web: www.ovh.com &#8211; Hotline: http:\/\/ovh.com\/fr\/contact\/support\/<br>I dati raccolti ed elaborati dal sito sono ospitati ed elaborati esclusivamente in Francia.<\/p><h2>ARTICOLO 4: TITOLARE DEL TRATTAMENTO E RESPONSABILE DELLA PROTEZIONE DEI DATI<\/h2><p><strong>A. RESPONSABILE DEL TRATTAMENTO DEI<\/strong> DATI <strong>PERSONALI<\/strong><br>Il responsabile del trattamento dei dati personali \u00e8 Philippe OBADIA, che pu\u00f2 essere contattato come segue:<br>via e-mail all&#8217;indirizzo rgpd@fidealis.com<br>Il responsabile del trattamento dei dati personali \u00e8 responsabile della determinazione delle finalit\u00e0 e dei mezzi del trattamento dei dati personali. <\/p><p><strong>B. OBBLIGHI DEL TITOLARE<\/strong><br>Il Titolare del trattamento si impegna a proteggere i dati personali raccolti, a non trasmetterli a terzi all&#8217;insaputa dell&#8217;utente e a rispettare le finalit\u00e0 per cui sono stati raccolti.<br>Il sito dispone di un certificato SSL per garantire la sicurezza del trasferimento di informazioni e dati attraverso il sito.<br>Un certificato SSL (certificato &#8220;Secure Socket Layer&#8221;) \u00e8 progettato per proteggere i dati scambiati tra l&#8217;utente e il sito.<br>Inoltre, il titolare del trattamento si impegna a informare l&#8217;utente in caso di rettifica o cancellazione dei dati, a meno che ci\u00f2 non comporti formalit\u00e0, costi e passaggi sproporzionati per l&#8217;utente.<br>Nel caso in cui l&#8217;integrit\u00e0, la riservatezza o la sicurezza dei dati personali dell&#8217;utente siano compromesse, il titolare del trattamento si impegna a informare l&#8217;utente con ogni mezzo necessario.<\/p><p><strong>C. IL DELEGATO ALLA PROTEZIONE DEI DATI<\/strong><br>Inoltre, si informa l&#8217;utente che \u00e8 stata nominata la seguente persona come delegato alla protezione dei dati: Philippe OBADIA: Philippe OBADIA.<br>Il ruolo del Delegato alla Protezione dei Dati \u00e8 quello di garantire la corretta applicazione delle disposizioni nazionali e sovranazionali relative alla raccolta e al trattamento dei dati personali. Pu\u00f2 anche essere nominato Responsabile della Protezione dei Dati (DPO).<br>Il Responsabile della Protezione dei Dati pu\u00f2 essere contattato come segue:<br>Via e-mail: rgpd@fidealis.com <\/p><h2>ARTICOLO 5: DIRITTI DEGLI UTENTI<\/h2><p>Ai sensi della normativa sul trattamento dei dati personali, l&#8217;utente gode dei diritti di seguito indicati.<br>Affinch\u00e9 il titolare del trattamento possa dare seguito alla richiesta dell&#8217;utente, quest&#8217;ultimo dovr\u00e0 fornire le seguenti informazioni: nome, cognome, indirizzo e-mail e, se pertinente, numero di conto o spazio personale o numero di abbonamento.<br>Il titolare del trattamento dovr\u00e0 rispondere all&#8217;utente entro un massimo di 30 (trenta) giorni.<\/p><p><strong>PRESENTAZIONE DEI DIRITTI DELL&#8217;UTENTE IN MERITO ALLA RACCOLTA E AL TRATTAMENTO DEI DATI<\/strong><\/p><p>a. Diritto di accesso, rettifica e cancellazione<br>Gli utenti possono accedere, aggiornare, modificare o richiedere la cancellazione dei propri dati personali seguendo la procedura indicata di seguito:<br>Gli utenti registrati possono aggiungere, modificare o cancellare i propri dati personali tramite la propria interfaccia cliente.<br>Inoltre, per qualsiasi richiesta di portabilit\u00e0 o cancellazione di un account, \u00e8 necessario inviare un&#8217;e-mail al seguente indirizzo: rgpd@fidealis.com<br>In caso di somme non pagate dal cliente oltre i termini di legge, qualsiasi richiesta di accesso, modifica, cancellazione o portabilit\u00e0 potr\u00e0 essere rifiutata dall&#8217;editore del sito.<br>Se ne hanno uno, gli utenti hanno il diritto di richiedere la cancellazione del proprio spazio personale seguendo la seguente procedura:<br>. Basta inviare una richiesta di cancellazione del proprio spazio personale via e-mail a: rgpd@fidealis.com. Il servizio clienti prender\u00e0 quindi in considerazione la richiesta entro i tempi previsti dalla legge e nel rispetto degli obblighi e dei doveri reciproci delle parti (utente ed editore).<\/p><p>b. Diritto alla portabilit\u00e0 dei dati<br>L&#8217;utente ha il diritto di richiedere la portabilit\u00e0 dei propri dati personali in possesso del sito ad un altro sito, secondo la seguente procedura:<br>&#8211; fornire il proprio codice cliente<br>&#8211; inviare la richiesta di portabilit\u00e0 via e-mail a: rgpd@fidealis.com, indicando &#8220;portabilit\u00e0&#8221; nell&#8217;oggetto<br>&#8211; attendere il link per il download dei dati da parte del reparto tecnico, che risponder\u00e0 all&#8217;indirizzo e-mail del mittente.<\/p><p>c. Diritto di limitazione e di opposizione al trattamento dei dati<br>L&#8217;utente ha il diritto di chiedere al sito di limitare o di opporsi al trattamento dei suoi dati, senza che il sito possa rifiutarsi, a meno che non si dimostri l&#8217;esistenza di motivi legittimi e prevalenti per farlo, che possono prevalere sugli interessi, sui diritti e sulle libert\u00e0 dell&#8217;utente.<br>Per richiedere la limitazione del trattamento dei propri dati o per formulare un&#8217;opposizione al trattamento dei propri dati, l&#8217;utente dovr\u00e0 seguire la seguente procedura:<br>&#8211; fornire il proprio codice cliente<br>&#8211; inviare la richiesta di portabilit\u00e0 via e-mail all&#8217;indirizzo rgpd@fidealis.com, indicando nell&#8217;oggetto &#8220;limitazione del trattamento&#8221;<br>&#8211; attendere il link per il download dei dati da parte dell&#8217;ufficio tecnico, che risponder\u00e0 all&#8217;indirizzo e-mail del mittente.<\/p><p>d. Diritto di non essere sottoposto a una decisione basata esclusivamente su un processo automatizzato<br>In conformit\u00e0 alle disposizioni del Regolamento 2016\/679, l&#8217;utente ha il diritto di non essere sottoposto a una decisione basata esclusivamente su un processo automatizzato se la decisione produce effetti giuridici che lo riguardano o lo riguardano in modo significativo.<\/p><p>e. Diritto di determinare il destino dei dati dopo il decesso<br>Si ricorda agli utenti che possono organizzare cosa ne sar\u00e0 dei loro dati raccolti ed elaborati in caso di decesso, in conformit\u00e0 alla Legge n. 2016-1321 del 7 ottobre 2016.<\/p><p>f. Diritto di adire l&#8217;autorit\u00e0 di controllo competente<br>Nel caso in cui il titolare del trattamento decida di non rispondere alla richiesta dell&#8217;utente, e l&#8217;utente desideri contestare tale decisione, o se ritiene che uno dei diritti sopra elencati sia stato violato, ha il diritto di adire la CNIL (Commission Nationale de l&#8217;Informatique et des Libert\u00e9s, https:\/\/www.cnil.fr) o qualsiasi tribunale competente.<\/p><h2>ARTICOLO 6: CONDIZIONI PER LA MODIFICA DELL&#8217;INFORMATIVA SULLA PRIVACY<\/h2><p>La presente informativa sulla privacy pu\u00f2 essere consultata in qualsiasi momento al seguente indirizzo:<br>www.fidealis.com<br>L&#8217;editore del sito si riserva il diritto di modificarla al fine di garantirne la conformit\u00e0 alla normativa vigente.<br>Gli utenti sono pertanto invitati a consultare regolarmente la presente informativa sulla privacy per essere sempre aggiornati sulle ultime modifiche apportate.<br>Gli utenti sono informati che la presente informativa sulla privacy \u00e8 stata aggiornata l&#8217;ultima volta il: 08 \/ 01 \/ 2019.<\/p><h2>ARTICOLO 7: ACCETTAZIONE DELL&#8217;INFORMATIVA SULLA PRIVACY DA PARTE DELL&#8217;UTENTE<\/h2><p>Navigando sul sito, l&#8217;utente dichiara di aver letto e compreso la presente informativa sulla privacy e di accettarne le condizioni, in particolare per quanto riguarda la raccolta e il trattamento dei propri dati personali.<\/p><p> <\/p><p><span style=\"font-family: -apple-system, BlinkMacSystemFont, 'Segoe UI', Roboto, 'Helvetica Neue', Arial, 'Noto Sans', sans-serif, 'Apple Color Emoji', 'Segoe UI Emoji', 'Segoe UI Symbol', 'Noto Color Emoji';\">Consulta anche la <\/span><a style=\"font-family: -apple-system, BlinkMacSystemFont, 'Segoe UI', Roboto, 'Helvetica Neue', Arial, 'Noto Sans', sans-serif, 'Apple Color Emoji', 'Segoe UI Emoji', 'Segoe UI Symbol', 'Noto Color Emoji';\" href=\"https:\/\/mentions-legales-fidealis\/\" target=\"_blank\" rel=\"noopener noreferrer\">Nota legale di Fidealis<\/a><span style=\"font-family: -apple-system, BlinkMacSystemFont, 'Segoe UI', Roboto, 'Helvetica Neue', Arial, 'Noto Sans', sans-serif, 'Apple Color Emoji', 'Segoe UI Emoji', 'Segoe UI Symbol', 'Noto Color Emoji';\">.<\/span><\/p><p>Per saperne di pi\u00f9, visita il sito web della <a href=\"https:\/\/www.cnil.fr\/\" target=\"_blank\" rel=\"noopener noreferrer\">CNIL<\/a>.<\/p>\t\t\t\t\t\t\t\t<\/div>\n\t\t\t\t<\/div>\n\t\t\t\t\t<\/div>\n\t\t<\/div>\n\t\t\t\t\t<\/div>\n\t\t<\/section>\n\t\t\t\t<\/div>\n\t\t","protected":false},"excerpt":{"rendered":"<p>Votre d\u00e9p\u00f4t \u00e0 partir de 99\u20ac Soluzione di protezione della propriet\u00e0 intellettuale D\u00c9POSER MAINTENANT ARTICOLO 1 &#8211; Informativa sulla privacy di Fidealis: preambolo La politica sulla privacy di Fidealis si applica al sito web www.fidealis.com. Essa stabilisce le modalit\u00e0 di raccolta e trattamento dei tuoi dati personali. Lo scopo di questa informativa sulla privacy \u00e8 [&hellip;]<\/p>\n","protected":false},"author":1,"featured_media":0,"parent":0,"menu_order":0,"comment_status":"closed","ping_status":"closed","template":"elementor_header_footer","meta":{"footnotes":""},"class_list":["post-31865","page","type-page","status-publish","hentry"],"_links":{"self":[{"href":"https:\/\/www.fidealis.com\/it\/wp-json\/wp\/v2\/pages\/31865","targetHints":{"allow":["GET"]}}],"collection":[{"href":"https:\/\/www.fidealis.com\/it\/wp-json\/wp\/v2\/pages"}],"about":[{"href":"https:\/\/www.fidealis.com\/it\/wp-json\/wp\/v2\/types\/page"}],"author":[{"embeddable":true,"href":"https:\/\/www.fidealis.com\/it\/wp-json\/wp\/v2\/users\/1"}],"replies":[{"embeddable":true,"href":"https:\/\/www.fidealis.com\/it\/wp-json\/wp\/v2\/comments?post=31865"}],"version-history":[{"count":7,"href":"https:\/\/www.fidealis.com\/it\/wp-json\/wp\/v2\/pages\/31865\/revisions"}],"predecessor-version":[{"id":40155,"href":"https:\/\/www.fidealis.com\/it\/wp-json\/wp\/v2\/pages\/31865\/revisions\/40155"}],"wp:attachment":[{"href":"https:\/\/www.fidealis.com\/it\/wp-json\/wp\/v2\/media?parent=31865"}],"curies":[{"name":"wp","href":"https:\/\/api.w.org\/{rel}","templated":true}]}}