{"id":37955,"date":"2007-02-22T13:01:12","date_gmt":"2007-02-22T12:01:12","guid":{"rendered":"https:\/\/www.fidealis.com\/chi-deve-depositare\/"},"modified":"2026-04-19T12:13:20","modified_gmt":"2026-04-19T10:13:20","slug":"chi-deve-depositare","status":"publish","type":"page","link":"https:\/\/www.fidealis.com\/it\/chi-deve-depositare\/","title":{"rendered":"Chi deve registrare i propri progetti? I professionisti interessati"},"content":{"rendered":"\t\t<div data-elementor-type=\"wp-page\" data-elementor-id=\"37955\" class=\"elementor elementor-37955 elementor-36269\" data-elementor-settings=\"{&quot;ha_cmc_init_switcher&quot;:&quot;no&quot;}\" data-elementor-post-type=\"page\">\n\t\t\t\t\t\t<section class=\"elementor-section elementor-top-section elementor-element elementor-element-4fba5a24 elementor-section-height-min-height elementor-section-boxed elementor-section-height-default elementor-section-items-middle\" data-id=\"4fba5a24\" data-element_type=\"section\" data-e-type=\"section\" data-settings=\"{&quot;background_background&quot;:&quot;classic&quot;,&quot;_ha_eqh_enable&quot;:false}\">\n\t\t\t\t\t\t\t<div class=\"elementor-background-overlay\"><\/div>\n\t\t\t\t\t\t\t<div class=\"elementor-container elementor-column-gap-default\">\n\t\t\t\t\t<div class=\"elementor-column elementor-col-100 elementor-top-column elementor-element elementor-element-7c020b8\" data-id=\"7c020b8\" data-element_type=\"column\" data-e-type=\"column\" data-settings=\"{&quot;background_background&quot;:&quot;classic&quot;}\">\n\t\t\t<div class=\"elementor-widget-wrap elementor-element-populated\">\n\t\t\t\t\t\t<div class=\"elementor-element elementor-element-35e857e0 elementor-widget elementor-widget-theme-post-title elementor-page-title elementor-widget-heading\" data-id=\"35e857e0\" data-element_type=\"widget\" data-e-type=\"widget\" data-widget_type=\"theme-post-title.default\">\n\t\t\t\t<div class=\"elementor-widget-container\">\n\t\t\t\t\t<h1 class=\"elementor-heading-title elementor-size-default\">Chi deve registrare i propri progetti? I professionisti interessati<\/h1>\t\t\t\t<\/div>\n\t\t\t\t<\/div>\n\t\t\t\t\t<\/div>\n\t\t<\/div>\n\t\t\t\t\t<\/div>\n\t\t<\/section>\n\t\t\t\t<section class=\"elementor-section elementor-top-section elementor-element elementor-element-5a37b2b7 elementor-section-full_width elementor-section-height-default elementor-section-height-default\" data-id=\"5a37b2b7\" data-element_type=\"section\" data-e-type=\"section\" data-settings=\"{&quot;_ha_eqh_enable&quot;:false}\">\n\t\t\t\t\t\t<div class=\"elementor-container elementor-column-gap-default\">\n\t\t\t\t\t<div class=\"elementor-column elementor-col-100 elementor-top-column elementor-element elementor-element-552f4217\" data-id=\"552f4217\" data-element_type=\"column\" data-e-type=\"column\" data-settings=\"{&quot;background_background&quot;:&quot;classic&quot;}\">\n\t\t\t<div class=\"elementor-widget-wrap elementor-element-populated\">\n\t\t\t\t\t\t<section class=\"elementor-section elementor-top-section elementor-element elementor-element-74342af6 elementor-section-content-middle elementor-section-boxed elementor-section-height-default elementor-section-height-default\" data-id=\"74342af6\" data-element_type=\"section\" data-e-type=\"section\" data-settings=\"{&quot;_ha_eqh_enable&quot;:false}\">\n\t\t\t\t\t\t<div class=\"elementor-container elementor-column-gap-default\">\n\t\t\t\t\t<div class=\"elementor-column elementor-col-50 elementor-top-column elementor-element elementor-element-3bc3b057\" data-id=\"3bc3b057\" data-element_type=\"column\" data-e-type=\"column\">\n\t\t\t<div class=\"elementor-widget-wrap elementor-element-populated\">\n\t\t\t\t\t\t<div class=\"elementor-element elementor-element-60f54e83 elementor-widget__width-auto elementor-widget elementor-widget-global elementor-global-34020 elementor-global-33696 elementor-widget-heading\" data-id=\"60f54e83\" data-element_type=\"widget\" data-e-type=\"widget\" data-widget_type=\"heading.default\">\n\t\t\t\t<div class=\"elementor-widget-container\">\n\t\t\t\t\t<h4 class=\"elementor-heading-title elementor-size-default\">Il vostro deposito a partire da 99\u20ac<\/h4>\t\t\t\t<\/div>\n\t\t\t\t<\/div>\n\t\t\t\t<div class=\"elementor-element elementor-element-4002cd71 elementor-widget__width-auto elementor-widget-tablet__width-initial elementor-widget elementor-widget-heading\" data-id=\"4002cd71\" data-element_type=\"widget\" data-e-type=\"widget\" data-widget_type=\"heading.default\">\n\t\t\t\t<div class=\"elementor-widget-container\">\n\t\t\t\t\t<p class=\"elementor-heading-title elementor-size-default\">Soluzione di protezione della propriet\u00e0 intellettuale<\/p>\t\t\t\t<\/div>\n\t\t\t\t<\/div>\n\t\t\t\t\t<\/div>\n\t\t<\/div>\n\t\t\t\t<div class=\"elementor-column elementor-col-50 elementor-top-column elementor-element elementor-element-65ddf7c0\" data-id=\"65ddf7c0\" data-element_type=\"column\" data-e-type=\"column\">\n\t\t\t<div class=\"elementor-widget-wrap elementor-element-populated\">\n\t\t\t\t\t\t<div class=\"elementor-element elementor-element-7abed13e elementor-align-center elementor-widget elementor-widget-global elementor-global-32818 elementor-global-32682 elementor-widget-button\" data-id=\"7abed13e\" data-element_type=\"widget\" data-e-type=\"widget\" data-settings=\"{&quot;_animation&quot;:&quot;none&quot;,&quot;_animation_delay&quot;:2700}\" data-widget_type=\"button.default\">\n\t\t\t\t<div class=\"elementor-widget-container\">\n\t\t\t\t\t\t\t\t\t<div class=\"elementor-button-wrapper\">\n\t\t\t\t\t<a class=\"elementor-button elementor-button-link elementor-size-md\" href=\"https:\/\/www.fidealis.com\/it\/iscrizione\/\">\n\t\t\t\t\t\t<span class=\"elementor-button-content-wrapper\">\n\t\t\t\t\t\t<span class=\"elementor-button-icon\">\n\t\t\t\t<svg aria-hidden=\"true\" class=\"e-font-icon-svg e-fas-balance-scale\" viewBox=\"0 0 640 512\" xmlns=\"http:\/\/www.w3.org\/2000\/svg\"><path d=\"M256 336h-.02c0-16.18 1.34-8.73-85.05-181.51-17.65-35.29-68.19-35.36-85.87 0C-2.06 328.75.02 320.33.02 336H0c0 44.18 57.31 80 128 80s128-35.82 128-80zM128 176l72 144H56l72-144zm511.98 160c0-16.18 1.34-8.73-85.05-181.51-17.65-35.29-68.19-35.36-85.87 0-87.12 174.26-85.04 165.84-85.04 181.51H384c0 44.18 57.31 80 128 80s128-35.82 128-80h-.02zM440 320l72-144 72 144H440zm88 128H352V153.25c23.51-10.29 41.16-31.48 46.39-57.25H528c8.84 0 16-7.16 16-16V48c0-8.84-7.16-16-16-16H383.64C369.04 12.68 346.09 0 320 0s-49.04 12.68-63.64 32H112c-8.84 0-16 7.16-16 16v32c0 8.84 7.16 16 16 16h129.61c5.23 25.76 22.87 46.96 46.39 57.25V448H112c-8.84 0-16 7.16-16 16v32c0 8.84 7.16 16 16 16h416c8.84 0 16-7.16 16-16v-32c0-8.84-7.16-16-16-16z\"><\/path><\/svg>\t\t\t<\/span>\n\t\t\t\t\t\t\t\t\t<span class=\"elementor-button-text\">FILE ORA<\/span>\n\t\t\t\t\t<\/span>\n\t\t\t\t\t<\/a>\n\t\t\t\t<\/div>\n\t\t\t\t\t\t\t\t<\/div>\n\t\t\t\t<\/div>\n\t\t\t\t\t<\/div>\n\t\t<\/div>\n\t\t\t\t\t<\/div>\n\t\t<\/section>\n\t\t\t\t\t<\/div>\n\t\t<\/div>\n\t\t\t\t\t<\/div>\n\t\t<\/section>\n\t\t\t\t<section class=\"elementor-section elementor-top-section elementor-element elementor-element-582b1130 elementor-section-boxed elementor-section-height-default elementor-section-height-default\" data-id=\"582b1130\" data-element_type=\"section\" data-e-type=\"section\" data-settings=\"{&quot;_ha_eqh_enable&quot;:false}\">\n\t\t\t\t\t\t<div class=\"elementor-container elementor-column-gap-default\">\n\t\t\t\t\t<div class=\"elementor-column elementor-col-100 elementor-top-column elementor-element elementor-element-31f0c068\" data-id=\"31f0c068\" data-element_type=\"column\" data-e-type=\"column\">\n\t\t\t<div class=\"elementor-widget-wrap elementor-element-populated\">\n\t\t\t\t\t\t<div class=\"elementor-element elementor-element-63852d8a elementor-widget elementor-widget-text-editor\" data-id=\"63852d8a\" data-element_type=\"widget\" data-e-type=\"widget\" data-widget_type=\"text-editor.default\">\n\t\t\t\t<div class=\"elementor-widget-container\">\n\t\t\t\t\t\t\t\t\t<p class=\"texte-accueil\"><strong>Chi dovrebbe registrare i propri disegni?<\/strong>  Tutte le persone fisiche o giuridiche che producono documenti o creazioni e che devono dimostrare la loro anteriorit\u00e0 per proteggere la loro propriet\u00e0 intellettuale.<\/p><table border=\"0\" width=\"100%\" cellspacing=\"0\" cellpadding=\"0\"><tbody><tr><td class=\"texte-qui bold\" width=\"26%\">-Architetti<\/td><td width=\"13%\"> <\/td><td class=\"texte-qui\" width=\"61%\">Piani<\/td><\/tr><tr><td class=\"texte-qui bold\" height=\"14\">&#8211; Avvocati<\/td><td> <\/td><td class=\"texte-qui\">conclusioni, riassunti<\/td><\/tr><tr><td class=\"bold texte-qui\">-Ricercatori<\/td><td> <\/td><td class=\"texte-qui\">scoperte prima della pubblicazione<\/td><\/tr><tr><td class=\"texte-qui bold\">-Contabili<\/td><td> <\/td><td class=\"texte-qui\">dichiarazioni, dichiarazioni, relazioni di gestione<\/td><\/tr><tr><td class=\"texte-qui bold\">-Revisore dei conti<\/td><td> <\/td><td class=\"texte-qui\">Rapporti<\/td><\/tr><tr><td class=\"texte-qui bold\">-Inventori<\/td><td> <\/td><td class=\"texte-qui\">invenzioni<\/td><\/tr><tr><td class=\"texte-qui bold\">-Programmatori<\/td><td> <\/td><td class=\"texte-qui\">fonti di programmi e software<\/td><\/tr><tr><td class=\"texte-qui bold\">-Stilisti di moda<\/td><td> <\/td><td class=\"texte-qui\">disegni, modelli, bozzetti, progetti, modelli<\/td><\/tr><tr><td class=\"texte-qui bold\">-Musicisti<\/td><td> <\/td><td class=\"texte-qui\">punteggi<\/td><\/tr><tr><td class=\"texte-qui bold\">-Disegnatori<\/td><td> <\/td><td class=\"texte-qui\">disegni<\/td><\/tr><tr><td class=\"texte-qui bold\">-Pubblicit\u00e0<\/td><td> <\/td><td class=\"texte-qui\">piano di marketing, media,<\/td><\/tr><tr><td class=\"texte-qui bold\">-Designer grafici<\/td><td> <\/td><td class=\"texte-qui\">loghi, carte grafiche<\/td><\/tr><tr><td class=\"texte-qui bold\">-Fotografi<\/td><td> <\/td><td class=\"texte-qui\">fotografie digitali o digitalizzate.<\/td><\/tr><\/tbody><\/table><h2 class=\"titre-accueil-3\">Quali sono i formati accettati?<\/h2><p class=\"texte-accueil\"><strong>Testo:<\/strong><br>Word\u00ae (.doc), pdf(Adobe\u00ae) .rtf, .txt, .asc, .mcw (Mac\u00ae), .wps ( Works\u00ae)<\/p><p class=\"texte-accueil\"><strong>Immagini:<\/strong><br>jpeg, jpg, gif, tiff, eps, dcx, pcx, wif, xif, bmp, png, art&#8230;<\/p><p class=\"texte-accueil\"><strong>Multimedia:<\/strong><br>tutti i clip, i video e i suoni wav. (quicktime\u00ae ), mp3, midi, ra (real Player\u00ae), Swf ( Flash ), mpeg4 <\/p><p class=\"texte-accueil\"><strong>Programmi ed eseguibili:<\/strong><br>.exe, .zip<\/p><p class=\"texte-accueil\"><strong>Pagine web:<\/strong><br>.php o .zip<\/p><h2 class=\"titre-accueil-3\">Quali sono le dimensioni dei documenti possibili?<\/h2><p class=\"texte-accueil\">Per quanto riguarda l&#8217;elaborazione online, abbiamo riscontrato che solo i file di dimensioni inferiori a 1 MB vengono elaborati in tempi ragionevoli. Per i file molto grandi, i nostri clienti hanno preso l&#8217;abitudine di inviarci un CD masterizzato per posta e noi lo elaboriamo in sede. Senza alcun costo aggiuntivo.  <\/p><h2 class=\"ds-markdown-paragraph\">Perch\u00e9 questi professionisti sono obbligati a presentare la domanda?<\/h2><p class=\"ds-markdown-paragraph\">La registrazione fornisce una prova inconfutabile dell&#8217;anteriorit\u00e0 in caso di controversia. Senza questa prova, spesso \u00e8 impossibile far valere i propri diritti in tribunale. Che tu sia un architetto, un designer, un fotografo o un musicista, le tue creazioni hanno un valore che \u00e8 essenziale proteggere.  <\/p><h2 class=\"ds-markdown-paragraph\">Cosa protegge il deposito?<\/h2><p class=\"ds-markdown-paragraph\">Il deposito copre tutti i tuoi file digitali: progetti, foto, partiture, loghi, codici sorgente, video, ecc. Una volta depositati, vengono marcati temporalmente e registrati da un ufficiale giudiziario. <\/p><h2>In breve, chi dovrebbe registrare i propri disegni?<\/h2><p>Tutti i creatori che desiderano dimostrare la data della loro opera e proteggersi dalla contraffazione.<\/p>\t\t\t\t\t\t\t\t<\/div>\n\t\t\t\t<\/div>\n\t\t\t\t\t<\/div>\n\t\t<\/div>\n\t\t\t\t\t<\/div>\n\t\t<\/section>\n\t\t<div class=\"elementor-element elementor-element-b5f40b7 e-grid e-con-boxed e-con e-parent\" data-id=\"b5f40b7\" data-element_type=\"container\" data-e-type=\"container\" data-settings=\"{&quot;_ha_eqh_enable&quot;:false}\">\n\t\t\t\t\t<div class=\"e-con-inner\">\n\t\t\t\t<div class=\"elementor-element elementor-element-80e3573 elementor-widget elementor-widget-text-editor\" data-id=\"80e3573\" data-element_type=\"widget\" data-e-type=\"widget\" data-widget_type=\"text-editor.default\">\n\t\t\t\t<div class=\"elementor-widget-container\">\n\t\t\t\t\t\t\t\t\t<p>Scopri perch\u00e9 e come <a href=\"https:\/\/pourquoi-deposer-ses-creations\/\" target=\"_blank\" rel=\"noopener noreferrer\">registrare i tuoi disegni<\/a>.<\/p><p>Scopri di pi\u00f9 sulla <a href=\"https:\/\/www.inpi.fr\/\" target=\"_blank\" rel=\"noopener noreferrer\">protezione della propriet\u00e0 intellettuale sul sito web dell&#8217;INPI<\/a>.<\/p>\t\t\t\t\t\t\t\t<\/div>\n\t\t\t\t<\/div>\n\t\t\t\t\t<\/div>\n\t\t\t\t<\/div>\n\t\t\t\t<\/div>\n\t\t","protected":false},"excerpt":{"rendered":"<p>Votre d\u00e9p\u00f4t \u00e0 partir de 99\u20ac Soluzione di protezione della propriet\u00e0 intellettuale D\u00c9POSER MAINTENANT Chi dovrebbe registrare i propri disegni? Tutte le persone fisiche o giuridiche che producono documenti o creazioni e che devono dimostrare la loro anteriorit\u00e0 per proteggere la loro propriet\u00e0 intellettuale. -Architetti Piani &#8211; Avvocati conclusioni, riassunti -Ricercatori scoperte prima della pubblicazione [&hellip;]<\/p>\n","protected":false},"author":3,"featured_media":0,"parent":0,"menu_order":0,"comment_status":"closed","ping_status":"closed","template":"elementor_header_footer","meta":{"footnotes":""},"class_list":["post-37955","page","type-page","status-publish","hentry"],"_links":{"self":[{"href":"https:\/\/www.fidealis.com\/it\/wp-json\/wp\/v2\/pages\/37955","targetHints":{"allow":["GET"]}}],"collection":[{"href":"https:\/\/www.fidealis.com\/it\/wp-json\/wp\/v2\/pages"}],"about":[{"href":"https:\/\/www.fidealis.com\/it\/wp-json\/wp\/v2\/types\/page"}],"author":[{"embeddable":true,"href":"https:\/\/www.fidealis.com\/it\/wp-json\/wp\/v2\/users\/3"}],"replies":[{"embeddable":true,"href":"https:\/\/www.fidealis.com\/it\/wp-json\/wp\/v2\/comments?post=37955"}],"version-history":[{"count":3,"href":"https:\/\/www.fidealis.com\/it\/wp-json\/wp\/v2\/pages\/37955\/revisions"}],"predecessor-version":[{"id":40168,"href":"https:\/\/www.fidealis.com\/it\/wp-json\/wp\/v2\/pages\/37955\/revisions\/40168"}],"wp:attachment":[{"href":"https:\/\/www.fidealis.com\/it\/wp-json\/wp\/v2\/media?parent=37955"}],"curies":[{"name":"wp","href":"https:\/\/api.w.org\/{rel}","templated":true}]}}