{"id":38438,"date":"2026-02-17T10:25:16","date_gmt":"2026-02-17T09:25:16","guid":{"rendered":"https:\/\/www.fidealis.com\/rilascio-del-codice-sorgente\/"},"modified":"2026-04-19T10:59:42","modified_gmt":"2026-04-19T08:59:42","slug":"rilascio-del-codice-sorgente","status":"publish","type":"page","link":"https:\/\/www.fidealis.com\/it\/rilascio-del-codice-sorgente\/","title":{"rendered":"Rilascio del codice sorgente"},"content":{"rendered":"\t\t<div data-elementor-type=\"wp-page\" data-elementor-id=\"38438\" class=\"elementor elementor-38438 elementor-38386\" data-elementor-settings=\"{&quot;ha_cmc_init_switcher&quot;:&quot;no&quot;}\" data-elementor-post-type=\"page\">\n\t\t\t\t\t\t<section class=\"elementor-section elementor-top-section elementor-element elementor-element-1d4301c0 elementor-section-height-min-height elementor-section-boxed elementor-section-height-default elementor-section-items-middle\" data-id=\"1d4301c0\" data-element_type=\"section\" data-e-type=\"section\" data-settings=\"{&quot;background_background&quot;:&quot;classic&quot;,&quot;_ha_eqh_enable&quot;:false}\">\n\t\t\t\t\t\t\t<div class=\"elementor-background-overlay\"><\/div>\n\t\t\t\t\t\t\t<div class=\"elementor-container elementor-column-gap-default\">\n\t\t\t\t\t<div class=\"elementor-column elementor-col-100 elementor-top-column elementor-element elementor-element-691b9c9\" data-id=\"691b9c9\" data-element_type=\"column\" data-e-type=\"column\" data-settings=\"{&quot;background_background&quot;:&quot;classic&quot;}\">\n\t\t\t<div class=\"elementor-widget-wrap elementor-element-populated\">\n\t\t\t\t\t\t<div class=\"elementor-element elementor-element-3724a435 elementor-widget elementor-widget-theme-post-title elementor-page-title elementor-widget-heading\" data-id=\"3724a435\" data-element_type=\"widget\" data-e-type=\"widget\" data-widget_type=\"theme-post-title.default\">\n\t\t\t\t<div class=\"elementor-widget-container\">\n\t\t\t\t\t<h1 class=\"elementor-heading-title elementor-size-default\">Rilascio del codice sorgente<\/h1>\t\t\t\t<\/div>\n\t\t\t\t<\/div>\n\t\t\t\t\t<\/div>\n\t\t<\/div>\n\t\t\t\t\t<\/div>\n\t\t<\/section>\n\t\t\t\t<section class=\"elementor-section elementor-top-section elementor-element elementor-element-9efee31 elementor-section-boxed elementor-section-height-default elementor-section-height-default\" data-id=\"9efee31\" data-element_type=\"section\" data-e-type=\"section\" data-settings=\"{&quot;_ha_eqh_enable&quot;:false}\">\n\t\t\t\t\t\t<div class=\"elementor-container elementor-column-gap-default\">\n\t\t\t\t\t<div class=\"elementor-column elementor-col-50 elementor-top-column elementor-element elementor-element-94c2eef\" data-id=\"94c2eef\" data-element_type=\"column\" data-e-type=\"column\">\n\t\t\t<div class=\"elementor-widget-wrap elementor-element-populated\">\n\t\t\t\t\t\t<div class=\"elementor-element elementor-element-723c9f2 elementor-widget elementor-widget-text-editor\" data-id=\"723c9f2\" data-element_type=\"widget\" data-e-type=\"widget\" data-widget_type=\"text-editor.default\">\n\t\t\t\t<div class=\"elementor-widget-container\">\n\t\t\t\t\t\t\t\t\t<div style=\"background: white; padding: 2rem; border-radius: 12px; border: 1px solid #e2e8f0; margin-bottom: 2rem; font-family: Plus Jakarta Sans, sans-serif; color: #334155;\"><h3 style=\"margin-bottom: 1.5rem; color: #0f172a; font-family: Outfit, sans-serif;\">\ud83d\udcdc <strong>Rilascio del codice sorgente di Fidealis: procedura da seguire<\/strong><\/h3><p style=\"font-size: 0.95rem; color: #64748b; margin-bottom: 2rem;\">Il <strong>rilascio del codice sorgente di Fidealis<\/strong> segue un protocollo rigoroso che rispetta le nostre condizioni generali di escrow. Questa procedura rende disponibile il codice sorgente in caso di fallimento dell&#8217;editore. <\/p><ul style=\"list-style: none; padding: 0; margin: 0; counter-reset: step;\"><li style=\"position: relative; padding-left: 3.5rem; margin-bottom: 2rem;\"><span style=\"position: absolute; left: 0; top: 0; width: 36px; height: 36px; background: #0f172a; color: white; border-radius: 50%; display: flex; align-items: center; justify-content: center; font-weight: bold;\">1<\/span> <span style=\"display: block; font-weight: bold; color: #0f172a;\">Richiesta di risarcimento online<\/span> <span style=\"font-size: 0.9rem;\">Compila il modulo qui a fianco per aprire la pratica di reclamo.<\/span><\/li><li style=\"position: relative; padding-left: 3.5rem; margin-bottom: 2rem;\"><span style=\"position: absolute; left: 0; top: 0; width: 36px; height: 36px; background: #0f172a; color: white; border-radius: 50%; display: flex; align-items: center; justify-content: center; font-weight: bold;\">2<\/span> <span style=\"display: block; font-weight: bold; color: #0f172a;\">Invio dei documenti di supporto<\/span> <span style=\"font-size: 0.9rem;\">Una volta convalidato il modulo, dovrai inviare i documenti di supporto via e-mail.<\/span><\/li><li style=\"position: relative; padding-left: 3.5rem; margin-bottom: 0;\"><span style=\"position: absolute; left: 0; top: 0; width: 36px; height: 36px; background: #0f172a; color: white; border-radius: 50%; display: flex; align-items: center; justify-content: center; font-weight: bold;\">3<\/span> <span style=\"display: block; font-weight: bold; color: #0f172a;\">Raccomandata<\/span> <span style=\"font-size: 0.9rem;\">Devi inviare una raccomandata a FIDEALIS e all&#8217;EDITORE.<\/span><\/li><\/ul><div style=\"margin-top: 2rem; background: #fff7ed; border-left: 4px solid #f59e0b; padding: 1.5rem; border-radius: 8px; font-size: 0.9rem; color: #9a3412; line-height: 1.5;\"><strong>\u26a0\ufe0f Importante:<\/strong><br>L&#8217;Editore pu\u00f2 concedere al beneficiario il diritto non esclusivo di utilizzare l&#8217;apparecchiatura solo per scopi di continuit\u00e0 aziendale. Questa procedura non comporta il trasferimento di diritti di propriet\u00e0 intellettuale. Il presente modulo avvia una procedura per la messa a disposizione del codice, in conformit\u00e0 con i termini e le condizioni stabiliti nel contratto e previa verifica delle informazioni fornite.  <\/div><\/div>\t\t\t\t\t\t\t\t<\/div>\n\t\t\t\t<\/div>\n\t\t\t\t\t<\/div>\n\t\t<\/div>\n\t\t\t\t<div class=\"elementor-column elementor-col-50 elementor-top-column elementor-element elementor-element-3dd99c3\" data-id=\"3dd99c3\" data-element_type=\"column\" data-e-type=\"column\">\n\t\t\t<div class=\"elementor-widget-wrap elementor-element-populated\">\n\t\t\t\t\t\t<div class=\"elementor-element elementor-element-3a65878 elementor-widget elementor-widget-text-editor\" data-id=\"3a65878\" data-element_type=\"widget\" data-e-type=\"widget\" data-widget_type=\"text-editor.default\">\n\t\t\t\t<div class=\"elementor-widget-container\">\n\t\t\t\t\t\t\t\t\t<div style=\"background: white; padding-top: 2rem; padding-left: 2rem; font-family: Plus Jakarta Sans, sans-serif; color: #334155;\">\n<h3 style=\"color: #0f172a; font-family: Outfit, sans-serif;\">Modulo da compilare:<\/h3>\n<\/div>\t\t\t\t\t\t\t\t<\/div>\n\t\t\t\t<\/div>\n\t\t\t\t<div class=\"elementor-element elementor-element-b85996b elementor-widget__width-inherit elementor-button-align-stretch elementor-widget elementor-widget-form\" data-id=\"b85996b\" data-element_type=\"widget\" data-e-type=\"widget\" data-settings=\"{&quot;step_next_label&quot;:&quot;Avanti&quot;,&quot;step_previous_label&quot;:&quot;Precedente&quot;,&quot;button_width&quot;:&quot;100&quot;,&quot;step_type&quot;:&quot;number_text&quot;,&quot;step_icon_shape&quot;:&quot;circle&quot;}\" data-widget_type=\"form.default\">\n\t\t\t\t<div class=\"elementor-widget-container\">\n\t\t\t\t\t\t\t<form class=\"elementor-form\" method=\"post\" name=\"recupera la forma\" aria-label=\"recupera la forma\">\n\t\t\t<input type=\"hidden\" name=\"post_id\" value=\"38438\"\/>\n\t\t\t<input type=\"hidden\" name=\"form_id\" value=\"b85996b\"\/>\n\t\t\t<input type=\"hidden\" name=\"referer_title\" value=\"Rilascio del codice sorgente Fidealis - Procedura di escrow\" \/>\n\n\t\t\t\t\t\t\t<input type=\"hidden\" name=\"queried_id\" value=\"38438\"\/>\n\t\t\t\n\t\t\t<div class=\"elementor-form-fields-wrapper elementor-labels-\">\n\t\t\t\t\t\t\t\t<div class=\"elementor-field-type-text elementor-field-group elementor-column elementor-field-group-firstname elementor-col-50 elementor-field-required\">\n\t\t\t\t\t\t\t\t\t\t\t\t<label for=\"form-field-firstname\" class=\"elementor-field-label elementor-screen-only\">\n\t\t\t\t\t\t\t\tazienda\t\t\t\t\t\t\t<\/label>\n\t\t\t\t\t\t\t\t\t\t\t\t\t\t<input size=\"1\" type=\"text\" name=\"form_fields[firstname]\" id=\"form-field-firstname\" class=\"elementor-field elementor-size-sm  elementor-field-textual\" placeholder=\"Societ\u00e0 di archiviazione (Editore)\" required=\"required\">\n\t\t\t\t\t\t\t\t\t\t\t<\/div>\n\t\t\t\t\t\t\t\t<div class=\"elementor-field-type-text elementor-field-group elementor-column elementor-field-group-field_bd34452 elementor-col-50\">\n\t\t\t\t\t\t\t\t\t\t\t\t<label for=\"form-field-field_bd34452\" class=\"elementor-field-label elementor-screen-only\">\n\t\t\t\t\t\t\t\tprodotto\t\t\t\t\t\t\t<\/label>\n\t\t\t\t\t\t\t\t\t\t\t\t\t\t<input size=\"1\" type=\"text\" name=\"form_fields[field_bd34452]\" id=\"form-field-field_bd34452\" class=\"elementor-field elementor-size-sm  elementor-field-textual\" placeholder=\"Software interessato\">\n\t\t\t\t\t\t\t\t\t\t\t<\/div>\n\t\t\t\t\t\t\t\t<div class=\"elementor-field-type-text elementor-field-group elementor-column elementor-field-group-field_e78a5ba elementor-col-100 elementor-field-required\">\n\t\t\t\t\t\t\t\t\t\t\t\t<label for=\"form-field-field_e78a5ba\" class=\"elementor-field-label elementor-screen-only\">\n\t\t\t\t\t\t\t\triferimento\t\t\t\t\t\t\t<\/label>\n\t\t\t\t\t\t\t\t\t\t\t\t\t\t<input size=\"1\" type=\"text\" name=\"form_fields[field_e78a5ba]\" id=\"form-field-field_e78a5ba\" class=\"elementor-field elementor-size-sm  elementor-field-textual\" placeholder=\"Riferimento del deposito  \" required=\"required\">\n\t\t\t\t\t\t\t\t\t\t\t<\/div>\n\t\t\t\t\t\t\t\t<div class=\"elementor-field-type-email elementor-field-group elementor-column elementor-field-group-email elementor-col-100 elementor-field-required\">\n\t\t\t\t\t\t\t\t\t\t\t\t<label for=\"form-field-email\" class=\"elementor-field-label elementor-screen-only\">\n\t\t\t\t\t\t\t\te-mail\t\t\t\t\t\t\t<\/label>\n\t\t\t\t\t\t\t\t\t\t\t\t\t\t<input size=\"1\" type=\"email\" name=\"form_fields[email]\" id=\"form-field-email\" class=\"elementor-field elementor-size-sm  elementor-field-textual\" placeholder=\"Email dell&#039;account del beneficiario  \" required=\"required\">\n\t\t\t\t\t\t\t\t\t\t\t<\/div>\n\t\t\t\t\t\t\t\t<div class=\"elementor-field-type-select elementor-field-group elementor-column elementor-field-group-message elementor-col-100 elementor-field-required\">\n\t\t\t\t\t\t\t\t\t\t\t\t<label for=\"form-field-message\" class=\"elementor-field-label elementor-screen-only\">\n\t\t\t\t\t\t\t\tmotivo\t\t\t\t\t\t\t<\/label>\n\t\t\t\t\t\t\t\t<div class=\"elementor-field elementor-select-wrapper remove-before \">\n\t\t\t<div class=\"select-caret-down-wrapper\">\n\t\t\t\t<svg aria-hidden=\"true\" class=\"e-font-icon-svg e-eicon-caret-down\" viewBox=\"0 0 571.4 571.4\" xmlns=\"http:\/\/www.w3.org\/2000\/svg\"><path d=\"M571 393Q571 407 561 418L311 668Q300 679 286 679T261 668L11 418Q0 407 0 393T11 368 36 357H536Q550 357 561 368T571 393Z\"><\/path><\/svg>\t\t\t<\/div>\n\t\t\t<select name=\"form_fields[message]\" id=\"form-field-message\" class=\"elementor-field-textual elementor-size-sm\" required=\"required\">\n\t\t\t\t\t\t\t\t\t<option value=\" disabilitato \">Seleziona il motivo... <\/option>\n\t\t\t\t\t\t\t\t\t<option value=\" cessazione\">Cessazione dell&#039;attivit\u00e0 dell&#039;editore <\/option>\n\t\t\t\t\t\t\t\t\t<option value=\" defaillance\">Interruzione della manutenzione (guasto) <\/option>\n\t\t\t\t\t\t\t\t\t<option value=\" liquidazione\">Liquidazione giudiziaria <\/option>\n\t\t\t\t\t\t\t\t\t<option value=\" altro\">Altro motivo <\/option>\n\t\t\t\t\t\t\t<\/select>\n\t\t<\/div>\n\t\t\t\t\t\t<\/div>\n\t\t\t\t\t\t\t\t<div class=\"elementor-field-type-recaptcha_v3 elementor-field-group elementor-column elementor-field-group-field_13dbd8a elementor-col-100 recaptcha_v3-bottomright\">\n\t\t\t\t\t<div class=\"elementor-field\" id=\"form-field-field_13dbd8a\"><div class=\"elementor-g-recaptcha\" data-sitekey=\"6LcbtIknAAAAAHkFjUluiaiYs73_KtAgWKGk2v03\" data-type=\"v3\" data-action=\"Form\" data-badge=\"bottomright\" data-size=\"invisible\"><\/div><\/div>\t\t\t\t<\/div>\n\t\t\t\t\t\t\t\t<div class=\"elementor-field-group elementor-column elementor-field-type-submit elementor-col-100 e-form__buttons\">\n\t\t\t\t\t<button class=\"elementor-button elementor-size-sm\" type=\"submit\">\n\t\t\t\t\t\t<span class=\"elementor-button-content-wrapper\">\n\t\t\t\t\t\t\t\t\t\t\t\t\t\t\t\t\t\t\t\t\t\t<span class=\"elementor-button-text\">Invia<\/span>\n\t\t\t\t\t\t\t\t\t\t\t\t\t<\/span>\n\t\t\t\t\t<\/button>\n\t\t\t\t<\/div>\n\t\t\t<\/div>\n\t\t<\/form>\n\t\t\t\t\t\t<\/div>\n\t\t\t\t<\/div>\n\t\t\t\t\t<\/div>\n\t\t<\/div>\n\t\t\t\t\t<\/div>\n\t\t<\/section>\n\t\t<div class=\"elementor-element elementor-element-4a22ae2 e-grid e-con-boxed e-con e-parent\" data-id=\"4a22ae2\" data-element_type=\"container\" data-e-type=\"container\" data-settings=\"{&quot;_ha_eqh_enable&quot;:false}\">\n\t\t\t\t\t<div class=\"e-con-inner\">\n\t\t\t\t<div class=\"elementor-element elementor-element-fce1adc elementor-widget elementor-widget-text-editor\" data-id=\"fce1adc\" data-element_type=\"widget\" data-e-type=\"widget\" data-widget_type=\"text-editor.default\">\n\t\t\t\t<div class=\"elementor-widget-container\">\n\t\t\t\t\t\t\t\t\t<h2 class=\"ds-markdown-paragraph\"><strong>Che cos&#8217;\u00e8 il deposito del codice sorgente?<\/strong><\/h2><p class=\"ds-markdown-paragraph\">L&#8217;escrow del codice sorgente \u00e8 un servizio che consente a un editore di software di depositare il proprio codice sorgente presso una terza parte fidata (Fidealis). In caso di fallimento dell&#8217;editore (liquidazione, scomparsa, cessazione dell&#8217;attivit\u00e0), il cliente beneficiario pu\u00f2 richiedere il rilascio del codice per garantire la continuit\u00e0 della sua attivit\u00e0. <\/p><h2 class=\"ds-markdown-paragraph\"><strong>Condizioni di rilascio<\/strong><\/h2><p class=\"ds-markdown-paragraph\">Il codice sorgente pu\u00f2 essere rilasciato solo dietro presentazione dei seguenti documenti:<\/p><ul><li><p class=\"ds-markdown-paragraph\">Decisione del tribunale che dichiara l&#8217;editore inadempiente<\/p><\/li><li><p class=\"ds-markdown-paragraph\">Avviso formale senza risposta per 30 giorni<\/p><\/li><li><p class=\"ds-markdown-paragraph\">Richiesta motivata con prova dell&#8217;assenza di manutenzione<\/p><\/li><\/ul>\t\t\t\t\t\t\t\t<\/div>\n\t\t\t\t<\/div>\n\t\t\t\t<div class=\"elementor-element elementor-element-ed96f38 elementor-widget elementor-widget-text-editor\" data-id=\"ed96f38\" data-element_type=\"widget\" data-e-type=\"widget\" data-widget_type=\"text-editor.default\">\n\t\t\t\t<div class=\"elementor-widget-container\">\n\t\t\t\t\t\t\t\t\t<h2 class=\"ds-markdown-paragraph\"><strong>Tempi di elaborazione<\/strong><\/h2><p class=\"ds-markdown-paragraph\">Il nostro team elabora le richieste di rimborso entro un massimo di 15 giorni lavorativi dal ricevimento di tutti i documenti di supporto e della lettera raccomandata.<\/p><h2 class=\"ds-markdown-paragraph\"><strong>Contatto<\/strong><\/h2><p class=\"ds-markdown-paragraph\">Se hai domande sul rilascio del codice sorgente di Fidealis, contattaci all&#8217;indirizzo contact@fidealis.com.<\/p><p>Scopri di pi\u00f9 sui nostri <a href=\"https:\/\/qui-sommes-nous-fidealis\/nos-services\" target=\"_blank\" rel=\"noopener noreferrer\">servizi di deposito a garanzia del software<\/a>.<\/p><p><span style=\"font-family: -apple-system, BlinkMacSystemFont, 'Segoe UI', Roboto, 'Helvetica Neue', Arial, 'Noto Sans', sans-serif, 'Apple Color Emoji', 'Segoe UI Emoji', 'Segoe UI Symbol', 'Noto Color Emoji';\">Per saperne di pi\u00f9 su <\/span><a style=\"font-family: -apple-system, BlinkMacSystemFont, 'Segoe UI', Roboto, 'Helvetica Neue', Arial, 'Noto Sans', sans-serif, 'Apple Color Emoji', 'Segoe UI Emoji', 'Segoe UI Symbol', 'Noto Color Emoji';\" href=\"https:\/\/www.cnil.fr\/\" target=\"_blank\" rel=\"noopener noreferrer\">sul deposito del codice sorgente sul sito web della CNIL<\/a><span style=\"font-family: -apple-system, BlinkMacSystemFont, 'Segoe UI', Roboto, 'Helvetica Neue', Arial, 'Noto Sans', sans-serif, 'Apple Color Emoji', 'Segoe UI Emoji', 'Segoe UI Symbol', 'Noto Color Emoji';\">.<\/span><\/p>\t\t\t\t\t\t\t\t<\/div>\n\t\t\t\t<\/div>\n\t\t\t\t\t<\/div>\n\t\t\t\t<\/div>\n\t\t\t\t<\/div>\n\t\t","protected":false},"excerpt":{"rendered":"<p>\ud83d\udcdc Rilascio del codice sorgente di Fidealis: procedura da seguire Il rilascio del codice sorgente di Fidealis segue un protocollo rigoroso che rispetta le nostre condizioni generali di escrow. Questa procedura rende disponibile il codice sorgente in caso di fallimento dell&#8217;editore. 1 Richiesta di risarcimento online Compila il modulo qui a fianco per aprire la [&hellip;]<\/p>\n","protected":false},"author":5,"featured_media":0,"parent":0,"menu_order":0,"comment_status":"closed","ping_status":"closed","template":"elementor_header_footer","meta":{"footnotes":""},"class_list":["post-38438","page","type-page","status-publish","hentry"],"_links":{"self":[{"href":"https:\/\/www.fidealis.com\/it\/wp-json\/wp\/v2\/pages\/38438","targetHints":{"allow":["GET"]}}],"collection":[{"href":"https:\/\/www.fidealis.com\/it\/wp-json\/wp\/v2\/pages"}],"about":[{"href":"https:\/\/www.fidealis.com\/it\/wp-json\/wp\/v2\/types\/page"}],"author":[{"embeddable":true,"href":"https:\/\/www.fidealis.com\/it\/wp-json\/wp\/v2\/users\/5"}],"replies":[{"embeddable":true,"href":"https:\/\/www.fidealis.com\/it\/wp-json\/wp\/v2\/comments?post=38438"}],"version-history":[{"count":2,"href":"https:\/\/www.fidealis.com\/it\/wp-json\/wp\/v2\/pages\/38438\/revisions"}],"predecessor-version":[{"id":39642,"href":"https:\/\/www.fidealis.com\/it\/wp-json\/wp\/v2\/pages\/38438\/revisions\/39642"}],"wp:attachment":[{"href":"https:\/\/www.fidealis.com\/it\/wp-json\/wp\/v2\/media?parent=38438"}],"curies":[{"name":"wp","href":"https:\/\/api.w.org\/{rel}","templated":true}]}}