{"id":40042,"date":"2023-06-19T14:08:11","date_gmt":"2023-06-19T12:08:11","guid":{"rendered":"https:\/\/www.fidealis.com\/%e9%9a%90%e7%a7%81%e6%94%bf%e7%ad%96\/"},"modified":"2026-04-19T12:07:07","modified_gmt":"2026-04-19T10:07:07","slug":"%e9%9a%90%e7%a7%81%e6%94%bf%e7%ad%96","status":"publish","type":"page","link":"https:\/\/www.fidealis.com\/zh-hans\/%e9%9a%90%e7%a7%81%e6%94%bf%e7%ad%96\/","title":{"rendered":"\u9690\u79c1\u653f\u7b56"},"content":{"rendered":"\t\t<div data-elementor-type=\"wp-page\" data-elementor-id=\"40042\" class=\"elementor elementor-40042 elementor-20015\" data-elementor-settings=\"{&quot;ha_cmc_init_switcher&quot;:&quot;no&quot;}\" data-elementor-post-type=\"page\">\n\t\t\t\t\t\t<section class=\"elementor-section elementor-top-section elementor-element elementor-element-398f7a6b elementor-section-height-min-height elementor-section-boxed elementor-section-height-default elementor-section-items-middle\" data-id=\"398f7a6b\" data-element_type=\"section\" data-e-type=\"section\" data-settings=\"{&quot;background_background&quot;:&quot;classic&quot;,&quot;_ha_eqh_enable&quot;:false}\">\n\t\t\t\t\t\t\t<div class=\"elementor-background-overlay\"><\/div>\n\t\t\t\t\t\t\t<div class=\"elementor-container elementor-column-gap-default\">\n\t\t\t\t\t<div class=\"elementor-column elementor-col-100 elementor-top-column elementor-element elementor-element-6056cf76\" data-id=\"6056cf76\" data-element_type=\"column\" data-e-type=\"column\" data-settings=\"{&quot;background_background&quot;:&quot;classic&quot;}\">\n\t\t\t<div class=\"elementor-widget-wrap elementor-element-populated\">\n\t\t\t\t\t\t<div class=\"elementor-element elementor-element-1955d8a elementor-widget elementor-widget-theme-post-title elementor-page-title elementor-widget-heading\" data-id=\"1955d8a\" data-element_type=\"widget\" data-e-type=\"widget\" data-widget_type=\"theme-post-title.default\">\n\t\t\t\t<div class=\"elementor-widget-container\">\n\t\t\t\t\t<h1 class=\"elementor-heading-title elementor-size-default\">\u9690\u79c1\u653f\u7b56<\/h1>\t\t\t\t<\/div>\n\t\t\t\t<\/div>\n\t\t\t\t\t<\/div>\n\t\t<\/div>\n\t\t\t\t\t<\/div>\n\t\t<\/section>\n\t\t\t\t<section class=\"elementor-section elementor-top-section elementor-element elementor-element-1df472e7 elementor-section-full_width elementor-section-height-default elementor-section-height-default\" data-id=\"1df472e7\" data-element_type=\"section\" data-e-type=\"section\" data-settings=\"{&quot;_ha_eqh_enable&quot;:false}\">\n\t\t\t\t\t\t<div class=\"elementor-container elementor-column-gap-default\">\n\t\t\t\t\t<div class=\"elementor-column elementor-col-100 elementor-top-column elementor-element elementor-element-ea85d36\" data-id=\"ea85d36\" data-element_type=\"column\" data-e-type=\"column\" data-settings=\"{&quot;background_background&quot;:&quot;classic&quot;}\">\n\t\t\t<div class=\"elementor-widget-wrap elementor-element-populated\">\n\t\t\t\t\t\t<section class=\"elementor-section elementor-top-section elementor-element elementor-element-69cfb38c elementor-section-content-middle elementor-section-boxed elementor-section-height-default elementor-section-height-default\" data-id=\"69cfb38c\" data-element_type=\"section\" data-e-type=\"section\" data-settings=\"{&quot;_ha_eqh_enable&quot;:false}\">\n\t\t\t\t\t\t<div class=\"elementor-container elementor-column-gap-default\">\n\t\t\t\t\t<div class=\"elementor-column elementor-col-50 elementor-top-column elementor-element elementor-element-30b79b0c\" data-id=\"30b79b0c\" data-element_type=\"column\" data-e-type=\"column\">\n\t\t\t<div class=\"elementor-widget-wrap elementor-element-populated\">\n\t\t\t\t\t\t<div class=\"elementor-element elementor-element-6ae151c6 elementor-widget__width-auto elementor-widget elementor-widget-global elementor-global-40189 elementor-global-33696 elementor-widget-heading\" data-id=\"6ae151c6\" data-element_type=\"widget\" data-e-type=\"widget\" data-widget_type=\"heading.default\">\n\t\t\t\t<div class=\"elementor-widget-container\">\n\t\t\t\t\t<h4 class=\"elementor-heading-title elementor-size-default\">\u60a8\u7684\u62bc\u91d1\u4ece 99 \u6b27\u5143\u8d77<\/h4>\t\t\t\t<\/div>\n\t\t\t\t<\/div>\n\t\t\t\t<div class=\"elementor-element elementor-element-7b7f219e elementor-widget__width-auto elementor-widget-tablet__width-initial elementor-widget elementor-widget-heading\" data-id=\"7b7f219e\" data-element_type=\"widget\" data-e-type=\"widget\" data-widget_type=\"heading.default\">\n\t\t\t\t<div class=\"elementor-widget-container\">\n\t\t\t\t\t<p class=\"elementor-heading-title elementor-size-default\">\u77e5\u8bc6\u4ea7\u6743\u4fdd\u62a4\u89e3\u51b3\u65b9\u6848<\/p>\t\t\t\t<\/div>\n\t\t\t\t<\/div>\n\t\t\t\t\t<\/div>\n\t\t<\/div>\n\t\t\t\t<div class=\"elementor-column elementor-col-50 elementor-top-column elementor-element elementor-element-464d676e\" data-id=\"464d676e\" data-element_type=\"column\" data-e-type=\"column\">\n\t\t\t<div class=\"elementor-widget-wrap elementor-element-populated\">\n\t\t\t\t\t\t<div class=\"elementor-element elementor-element-22317200 elementor-align-center elementor-widget elementor-widget-global elementor-global-40197 elementor-global-32682 elementor-widget-button\" data-id=\"22317200\" data-element_type=\"widget\" data-e-type=\"widget\" data-settings=\"{&quot;_animation&quot;:&quot;none&quot;,&quot;_animation_delay&quot;:2700}\" data-widget_type=\"button.default\">\n\t\t\t\t<div class=\"elementor-widget-container\">\n\t\t\t\t\t\t\t\t\t<div class=\"elementor-button-wrapper\">\n\t\t\t\t\t<a class=\"elementor-button elementor-button-link elementor-size-md\" href=\"https:\/\/www.fidealis.com\/zh-hans\/%e6%b3%a8%e5%86%8c\/\">\n\t\t\t\t\t\t<span class=\"elementor-button-content-wrapper\">\n\t\t\t\t\t\t<span class=\"elementor-button-icon\">\n\t\t\t\t<svg aria-hidden=\"true\" class=\"e-font-icon-svg e-fas-balance-scale\" viewBox=\"0 0 640 512\" xmlns=\"http:\/\/www.w3.org\/2000\/svg\"><path d=\"M256 336h-.02c0-16.18 1.34-8.73-85.05-181.51-17.65-35.29-68.19-35.36-85.87 0C-2.06 328.75.02 320.33.02 336H0c0 44.18 57.31 80 128 80s128-35.82 128-80zM128 176l72 144H56l72-144zm511.98 160c0-16.18 1.34-8.73-85.05-181.51-17.65-35.29-68.19-35.36-85.87 0-87.12 174.26-85.04 165.84-85.04 181.51H384c0 44.18 57.31 80 128 80s128-35.82 128-80h-.02zM440 320l72-144 72 144H440zm88 128H352V153.25c23.51-10.29 41.16-31.48 46.39-57.25H528c8.84 0 16-7.16 16-16V48c0-8.84-7.16-16-16-16H383.64C369.04 12.68 346.09 0 320 0s-49.04 12.68-63.64 32H112c-8.84 0-16 7.16-16 16v32c0 8.84 7.16 16 16 16h129.61c5.23 25.76 22.87 46.96 46.39 57.25V448H112c-8.84 0-16 7.16-16 16v32c0 8.84 7.16 16 16 16h416c8.84 0 16-7.16 16-16v-32c0-8.84-7.16-16-16-16z\"><\/path><\/svg>\t\t\t<\/span>\n\t\t\t\t\t\t\t\t\t<span class=\"elementor-button-text\">\u7acb\u5373\u5b58\u6863<\/span>\n\t\t\t\t\t<\/span>\n\t\t\t\t\t<\/a>\n\t\t\t\t<\/div>\n\t\t\t\t\t\t\t\t<\/div>\n\t\t\t\t<\/div>\n\t\t\t\t\t<\/div>\n\t\t<\/div>\n\t\t\t\t\t<\/div>\n\t\t<\/section>\n\t\t\t\t\t<\/div>\n\t\t<\/div>\n\t\t\t\t\t<\/div>\n\t\t<\/section>\n\t\t\t\t<section class=\"elementor-section elementor-top-section elementor-element elementor-element-ad5e0e6 elementor-section-boxed elementor-section-height-default elementor-section-height-default\" data-id=\"ad5e0e6\" data-element_type=\"section\" data-e-type=\"section\" data-settings=\"{&quot;_ha_eqh_enable&quot;:false}\">\n\t\t\t\t\t\t<div class=\"elementor-container elementor-column-gap-default\">\n\t\t\t\t\t<div class=\"elementor-column elementor-col-100 elementor-top-column elementor-element elementor-element-c7d1c9f\" data-id=\"c7d1c9f\" data-element_type=\"column\" data-e-type=\"column\">\n\t\t\t<div class=\"elementor-widget-wrap elementor-element-populated\">\n\t\t\t\t\t\t<div class=\"elementor-element elementor-element-c77632c elementor-widget elementor-widget-text-editor\" data-id=\"c77632c\" data-element_type=\"widget\" data-e-type=\"widget\" data-widget_type=\"text-editor.default\">\n\t\t\t\t<div class=\"elementor-widget-container\">\n\t\t\t\t\t\t\t\t\t<h2><strong>\u7b2c 1 \u6761 &#8211; Fidealis \u9690\u79c1\u653f\u7b56\uff1a\u5e8f\u8a00<\/strong><\/h2><p><strong>Fidealis \u9690\u79c1\u653f\u7b56<\/strong>\u9002\u7528\u4e8e<a href=\"https:\/\/www.fidealis.com\/zh-hans\/\" target=\"_blank\" rel=\"noopener noreferrer\">www.fidealis.com<\/a> \u7f51\u7ad9\u3002\u5b83\u89c4\u5b9a\u4e86\u5982\u4f55\u6536\u96c6\u548c\u5904\u7406\u60a8\u7684\u4e2a\u4eba\u6570\u636e\u3002 <\/p><p>\u672c\u4fdd\u5bc6\u653f\u7b56\u65e8\u5728\u5411\u7f51\u7ad9\u7528\u6237\u89e3\u91ca\uff1a<br>\u5982\u4f55\u6536\u96c6\u548c\u5904\u7406\u4ed6\u4eec\u7684\u4e2a\u4eba\u6570\u636e\u3002\u4e2a\u4eba\u6570\u636e\u662f\u6307\u4efb\u4f55\u53ef\u80fd\u8bc6\u522b\u7528\u6237\u8eab\u4efd\u7684\u6570\u636e\u3002\u8fd9\u5c24\u5176\u5305\u62ec\u7528\u6237\u7684\u59d3\u548c\u540d\u3001\u5e74\u9f84\u3001\u90ae\u5bc4\u5730\u5740\u3001\u7535\u5b50\u90ae\u4ef6\u5730\u5740\u3001\u6240\u5728\u5730\u548c IP \u5730\u5740\uff1b<br>\u7528\u6237\u5bf9\u8fd9\u4e9b\u6570\u636e\u4eab\u6709\u54ea\u4e9b\u6743\u5229\uff1b<br>\u8c01\u8d1f\u8d23\u5904\u7406\u6536\u96c6\u548c\u5904\u7406\u7684\u4e2a\u4eba\u6570\u636e\uff1b<br>\u8fd9\u4e9b\u6570\u636e\u5c06\u4f20\u9001\u7ed9\u8c01\uff1b<br>\uff08\u5982\u9002\u7528\uff09\u7f51\u7ad9\u6709\u5173 cookies \u7684\u653f\u7b56\u3002  <\/p><p>\u672c\u9690\u79c1\u653f\u7b56\u662f\u5bf9\u6cd5\u5f8b\u58f0\u660e\u548c\u300a\u4e00\u822c\u4f7f\u7528\u6761\u6b3e\u548c\u6761\u4ef6\u300b\u7684\u8865\u5145\uff0c\u7528\u6237\u53ef\u5728\u4ee5\u4e0b\u5730\u5740\u67e5\u9605\uff1a<br>https:\/\/www\/fidealis.com<\/p><h2>\u7b2c 2 \u6761\uff1a\u6536\u96c6\u548c\u5904\u7406\u6570\u636e\u7684\u4e00\u822c\u539f\u5219<\/h2><p>\u6839\u636e\u6b27\u76df\u7b2c 2016\/679 \u53f7\u6cd5\u89c4\u7b2c 5 \u6761\u7684\u89c4\u5b9a\uff0c\u6536\u96c6\u548c\u5904\u7406\u7f51\u7ad9\u7528\u6237\u7684\u6570\u636e\u5e94\u9075\u5b88\u4ee5\u4e0b\u539f\u5219\uff1a<br>\u5408\u6cd5\u3001\u516c\u6b63\u548c\u900f\u660e\uff1a\u53ea\u6709\u5728\u5f81\u5f97\u62e5\u6709\u6570\u636e\u7684\u7528\u6237\u540c\u610f\u540e\uff0c\u624d\u80fd\u6536\u96c6\u548c\u5904\u7406\u6570\u636e\u3002\u65e0\u8bba\u4f55\u65f6\u6536\u96c6\u4e2a\u4eba\u6570\u636e\uff0c\u90fd\u4f1a\u544a\u77e5\u7528\u6237\u6536\u96c6\u5176\u6570\u636e\u7684\u76ee\u7684\uff1b <br>\u6709\u9650\u76ee\u7684\uff1a\u4e3a\u672c\u4e00\u822c\u4f7f\u7528\u6761\u6b3e\u548c\u6761\u4ef6\u4e2d\u89c4\u5b9a\u7684\u4e00\u4e2a\u6216\u591a\u4e2a\u76ee\u7684\u800c\u6536\u96c6\u548c\u5904\u7406\u6570\u636e\uff1b<br>\u6570\u636e\u6536\u96c6\u548c\u5904\u7406\u7684\u6700\u5c0f\u5316\uff1a\u53ea\u6536\u96c6\u9002\u5f53\u5b9e\u73b0\u7f51\u7ad9\u76ee\u6807\u6240\u9700\u7684\u6570\u636e\uff1b<br>\u4fdd\u5b58\u6570\u636e\u7684\u65f6\u95f4\u7f29\u77ed\uff1a\u6570\u636e\u4fdd\u5b58\u671f\u6709\u9650\uff0c\u7528\u6237\u4f1a\u88ab\u544a\u77e5\u3002<br>\u6536\u96c6\u548c\u5904\u7406\u7684\u6570\u636e\u7684\u5b8c\u6574\u6027\u548c\u4fdd\u5bc6\u6027\uff1a\u6570\u636e\u63a7\u5236\u8005\u627f\u8bfa\u4fdd\u8bc1\u6240\u6536\u96c6\u6570\u636e\u7684\u5b8c\u6574\u6027\u548c\u4fdd\u5bc6\u6027\u3002 <\/p><p>\u4e3a\u4e86\u5408\u6cd5\u8d77\u89c1\uff0c\u5e76\u6839\u636e 2016\/679 \u53f7\u6b27\u76df\u6cd5\u89c4\u7b2c 6 \u6761\u7684\u8981\u6c42\uff0c\u53ea\u6709\u5728\u6ee1\u8db3\u4ee5\u4e0b\u81f3\u5c11\u4e00\u4e2a\u6761\u4ef6\u7684\u60c5\u51b5\u4e0b\uff0c\u624d\u80fd\u6536\u96c6\u548c\u5904\u7406\u4e2a\u4eba\u6570\u636e\uff1a<br>\u7528\u6237\u5df2\u660e\u786e\u540c\u610f\u5904\u7406&#8230;&#8230;\uff1b<br><br>\u4e3a\u5c65\u884c\u6cd5\u5f8b\u4e49\u52a1\u800c\u5fc5\u987b\u8fdb\u884c\u7684\u5904\u7406\uff1b<br>\u4e3a\u4fdd\u62a4\u6570\u636e\u5f53\u4e8b\u4eba\u6216\u5176\u4ed6\u81ea\u7136\u4eba\u7684\u91cd\u8981\u5229\u76ca\u800c\u5fc5\u987b\u8fdb\u884c\u7684\u5904\u7406\uff1b<br>\u4e3a\u5c65\u884c\u516c\u5171\u5229\u76ca\u6216\u884c\u4f7f\u5b98\u65b9\u6743\u529b\u800c\u5fc5\u987b\u8fdb\u884c\u7684\u5904\u7406\uff1b<br>\u4e3a\u5b9e\u73b0\u63a7\u5236\u8005\u6216\u7b2c\u4e09\u65b9\u8ffd\u6c42\u7684\u5408\u6cd5\u548c\u79c1\u4eba\u5229\u76ca\u800c\u5fc5\u987b\u8fdb\u884c\u7684\u4e2a\u4eba\u6570\u636e\u5904\u7406\u548c\u6536\u96c6\u3002<\/p><h2>\u7b2c 3 \u6761\uff1a\u6d4f\u89c8\u7f51\u7ad9\u65f6\u6536\u96c6\u548c\u5904\u7406\u7684\u4e2a\u4eba\u6570\u636e<\/h2><p><strong>A.\u6536\u96c6\u548c\u5904\u7406\u7684\u6570\u636e\u53ca\u6536\u96c6\u65b9\u5f0f<\/strong><br>\u5728 Fidealis \u7f51\u7ad9\u4e0a\u6536\u96c6\u7684\u4e2a\u4eba\u6570\u636e\u3001\u5148\u524d\u8bc1\u660e\u548c\u7248\u6743\u5982\u4e0b\uff1a<br>\u59d3\u3001\u540d<br>&#8211; \u516c\u53f8\u540d\u79f0\uff1a<br>&#8211; \u7535\u5b50\u90ae\u4ef6\u5730\u5740<br>&#8211; \u516c\u53f8\u5730\u5740<br>&#8211; \u7535\u8bdd\u53f7\u7801<br>\u5f53\u7528\u6237\u5728\u7f51\u7ad9\u4e0a\u8fdb\u884c\u4ee5\u4e0b\u64cd\u4f5c\u4e4b\u4e00\u65f6\uff0c\u5c06\u6536\u96c6\u8fd9\u4e9b\u6570\u636e\uff1a<br>\u5f53\u7528\u6237\u6ce8\u518c\u4ee5\u63a5\u6536\u6709\u5173\u672c\u7f51\u7ad9\u670d\u52a1\u7684\u4fe1\u606f\u65f6<br>\u5f53\u7528\u6237\u6210\u4e3a\u5ba2\u6237\u65f6<br>\u5f53\u7528\u6237\u5728\u7ebf\u8be2\u4ef7\u65f6<br>\u6b64\u5916\uff0c\u5f53\u7528\u6237\u5728\u7f51\u7ad9\u4e0a\u4ed8\u6b3e\u65f6\uff0c\u4ea4\u6613\u8bc1\u660e\uff08\u5305\u62ec\u8ba2\u8d2d\u5355\u548c\u53d1\u7968\uff09\u5c06\u4fdd\u5b58\u5728\u7f51\u7ad9\u7f16\u8f91\u7684\u8ba1\u7b97\u673a\u7cfb\u7edf\u4e2d\u3002<br>\u6570\u636e\u63a7\u5236\u8005\u5c06\u5728\u5408\u7406\u7684\u5b89\u5168\u6761\u4ef6\u4e0b\u4fdd\u5b58\u7f51\u7ad9\u8ba1\u7b97\u673a\u7cfb\u7edf\u4e2d\u6536\u96c6\u7684\u6240\u6709\u6570\u636e\uff0c\u4fdd\u5b58\u671f\u9650\u4e3a \uff1a3\u5e74\uff08\u4e09\u5e74\uff09\u3002<br>\u6536\u96c6\u548c\u5904\u7406\u6570\u636e\u7684\u76ee\u7684\u5982\u4e0b\uff1a<br>\u4f18\u5316\u5e7f\u544a\u5b9a\u4f4d<br>\u6539\u5584\u5546\u4e1a\u5408\u4f5c\u524d\u7684\u5173\u7cfb<br>\u76d1\u6d4b\u5ba2\u6237\u5173\u7cfb<br>\u7279\u522b\u662f\u5728\u4f7f\u7528 FIDEALIS \u670d\u52a1\u65f6\uff0c\u4ee5\u5ba2\u6237\u7684\u540d\u4e49\u6216\u4ee3\u8868\u5ba2\u6237\u8fdb\u884c\u7684\u6ce8\u518c\u7684\u57fa\u672c\u4e2a\u6027\u5316\u8bbe\u7f6e<\/p><p><strong>B.\u5411\u7b2c\u4e09\u65b9\u4f20\u8f93\u6570\u636e<\/strong><br>\u7f51\u7ad9\u6536\u96c6\u7684\u4e2a\u4eba\u6570\u636e\u4e0d\u4f1a\u4f20\u8f93\u7ed9\u4efb\u4f55\u7b2c\u4e09\u65b9\uff0c\u4ec5\u7531\u7f51\u7ad9\u7f16\u8f91\u5904\u7406\u3002<\/p><p><strong>C.\u6570\u636e\u6258\u7ba1<\/strong><br>Fidealis\u3001\u73b0\u6709\u6280\u672f\u548c\u7248\u6743\u8bc1\u660e\u7f51\u7ad9\u7684\u6258\u7ba1\u65b9\u4e3a.OVH\uff0c\u5176\u603b\u90e8\u4f4d\u4e8e\u4ee5\u4e0b\u5730\u5740\uff1a 2 rue Kellermann 59100 ROUBAIX \uff1aOVH \u516c\u53f8\u603b\u90e8\u5730\u5740\u5982\u4e0b\uff1a<br>2 rue Kellermann 59100 ROUBAIX<br>\u53ef\u901a\u8fc7\u4ee5\u4e0b\u7535\u8bdd\u53f7\u7801\u8054\u7cfb\u4e3b\u673a\uff1a08 203 203 63 &#8211; \u7f51\u5740\uff1awww.ovh.com &#8211; \u70ed\u7ebf\uff1ahttp:\/\/ovh.com\/fr\/contact\/support\/<br>\u7f51\u7ad9\u6536\u96c6\u548c\u5904\u7406\u7684\u6570\u636e\u4ec5\u5728\u6cd5\u56fd\u6258\u7ba1\u548c\u5904\u7406\u3002<\/p><h2>\u7b2c 4 \u6761\uff1a\u6570\u636e\u63a7\u5236\u8005\u548c\u6570\u636e\u4fdd\u62a4\u5b98<\/h2><p><strong>A.<\/strong>\u4e2a\u4eba<strong>\u6570\u636e\u5904\u7406\u8d1f\u8d23\u4eba<\/strong><br>\u4e2a\u4eba\u6570\u636e\u5904\u7406\u8d1f\u8d23\u4eba\u4e3a Philippe OBADIA\uff0c\u8054\u7cfb\u65b9\u5f0f\u5982\u4e0b\uff1a<br>\uff0c\u7535\u5b50\u90ae\u4ef6\u5730\u5740\uff1argpd@fidealis.com<br>\u4e2a\u4eba\u6570\u636e\u5904\u7406\u8d1f\u8d23\u4eba\u8d1f\u8d23\u786e\u5b9a\u5904\u7406\u4e2a\u4eba\u6570\u636e\u7684\u76ee\u7684\u548c\u65b9\u5f0f\u3002 <\/p><p><strong>B.<\/strong>\u6570\u636e\u5904\u7406\u8005<strong>\u7684\u4e49\u52a1<\/strong><br>\u6570\u636e\u5904\u7406\u8005\u627f\u8bfa\u4fdd\u62a4\u6240\u6536\u96c6\u7684\u4e2a\u4eba\u6570\u636e\uff0c\u4e0d\u5728\u7528\u6237\u4e0d\u77e5\u60c5\u7684\u60c5\u51b5\u4e0b\u5c06\u6570\u636e\u4f20\u9012\u7ed9\u7b2c\u4e09\u65b9\uff0c\u5e76\u9075\u5b88\u6536\u96c6\u6570\u636e\u7684\u76ee\u7684\u3002<br>\u7f51\u7ad9\u62e5\u6709 SSL \u8bc1\u4e66\uff0c\u4ee5\u786e\u4fdd\u901a\u8fc7\u7f51\u7ad9\u4f20\u8f93\u4fe1\u606f\u548c\u6570\u636e\u7684\u5b89\u5168\u6027\u3002<br>SSL \u8bc1\u4e66\uff08&#8221;\u5b89\u5168\u5957\u63a5\u5b57\u5c42 &#8220;\u8bc1\u4e66\uff09\u65e8\u5728\u786e\u4fdd\u7528\u6237\u4e0e\u7f51\u7ad9\u4e4b\u95f4\u6570\u636e\u4ea4\u6362\u7684\u5b89\u5168\u3002<br>\u6b64\u5916\uff0c\u6570\u636e\u63a7\u5236\u8005\u627f\u8bfa\u5728\u66f4\u6b63\u6216\u5220\u9664\u6570\u636e\u65f6\u901a\u77e5\u7528\u6237\uff0c\u9664\u975e\u8fd9\u6837\u505a\u4f1a\u7ed9\u7528\u6237\u5e26\u6765\u4e0d\u76f8\u79f0\u7684\u624b\u7eed\u3001\u8d39\u7528\u548c\u6b65\u9aa4\u3002<br>\u5982\u679c\u7528\u6237\u4e2a\u4eba\u6570\u636e\u7684\u5b8c\u6574\u6027\u3001\u4fdd\u5bc6\u6027\u6216\u5b89\u5168\u6027\u53d7\u5230\u635f\u5bb3\uff0c\u6570\u636e\u63a7\u5236\u8005\u627f\u8bfa\u4ee5\u4efb\u4f55\u5fc5\u8981\u7684\u65b9\u5f0f\u901a\u77e5\u7528\u6237\u3002<\/p><p><strong>C.\u6570\u636e\u4fdd\u62a4\u4ee3\u8868<\/strong><br>\u6b64\u5916\uff0c\u7528\u6237\u8fd8\u88ab\u544a\u77e5\u4ee5\u4e0b\u4eba\u5458\u5df2\u88ab\u4efb\u547d\u4e3a\u6570\u636e\u4fdd\u62a4\u4ee3\u8868\uff1aPhilippe OBADIA\uff1aPhilippe OBADIA.<br>\u6570\u636e\u4fdd\u62a4\u5b98\u7684\u804c\u8d23\u662f\u786e\u4fdd\u6b63\u786e\u6267\u884c\u4e0e\u6536\u96c6\u548c\u5904\u7406\u4e2a\u4eba\u6570\u636e\u6709\u5173\u7684\u56fd\u5bb6\u548c\u8d85\u56fd\u5bb6\u89c4\u5b9a\u3002\u4ed6\u4e5f\u53ef\u88ab\u4efb\u547d\u4e3a\u6570\u636e\u4fdd\u62a4\u5b98\uff08DPO\uff09\u3002<br>\u6570\u636e\u4fdd\u62a4\u5b98\u7684\u8054\u7cfb\u65b9\u5f0f\u5982\u4e0b\uff1a<br>\u7535\u5b50\u90ae\u4ef6\uff1argpd@fidealis.com <\/p><h2>\u7b2c 5 \u6761\uff1a\u7528\u6237\u6743\u5229<\/h2><p><br>\u4e3a\u4e86\u4f7f\u6570\u636e\u63a7\u5236\u8005\u80fd\u591f\u6ee1\u8db3\u7528\u6237\u7684\u8981\u6c42\uff0c\u7528\u6237\u5fc5\u987b\u63d0\u4f9b\u4ee5\u4e0b\u4fe1\u606f\uff1a\u540d\u3001\u59d3\u3001\u7535\u5b50\u90ae\u4ef6\u5730\u5740\u4ee5\u53ca\u76f8\u5173\u7684\u5e10\u53f7\u3001\u4e2a\u4eba\u7a7a\u95f4\u53f7\u6216\u8ba2\u6237\u53f7\u3002<br>\u6570\u636e\u63a7\u5236\u8005\u5fc5\u987b\u5728\u6700\u591a 30\uff08\u4e09\u5341\uff09\u5929\u5185\u7b54\u590d\u7528\u6237\u3002<\/p><p><strong>\u4ecb\u7ecd\u7528\u6237\u5728\u6570\u636e\u6536\u96c6\u548c\u5904\u7406\u65b9\u9762\u7684\u6743\u5229<\/strong><\/p><p>a.\u8bbf\u95ee\u6743\u3001\u4fee\u6539\u6743\u548c\u5220\u9664\u6743<br>\u7528\u6237\u53ef\u901a\u8fc7\u4ee5\u4e0b\u7a0b\u5e8f\u8bbf\u95ee\u3001\u66f4\u65b0\u3001\u4fee\u6539\u6216\u8981\u6c42\u5220\u9664\u5176\u4e2a\u4eba\u6570\u636e\uff1a<br>\u6ce8\u518c\u7528\u6237\u53ef\u901a\u8fc7\u5176\u5ba2\u6237\u754c\u9762\u6dfb\u52a0\u3001\u4fee\u6539\u6216\u5220\u9664\u5176\u4e2a\u4eba\u6570\u636e\u3002 <br>\u6b64\u5916\uff0c\u5982\u9700\u8f6c\u79fb\u6216\u5220\u9664\u8d26\u6237\uff0c\u8bf7\u53d1\u9001\u7535\u5b50\u90ae\u4ef6\u81f3\u4ee5\u4e0b\u5730\u5740\uff1a rgpd@fidealis.com<br>\u5982\u679c\u5ba2\u6237\u8d85\u8fc7\u6cd5\u5b9a\u671f\u9650\u4ecd\u672a\u652f\u4ed8\u6b3e\u9879\uff0c\u7f51\u7ad9\u7f16\u8f91\u53ef\u80fd\u4f1a\u62d2\u7edd\u4efb\u4f55\u8bbf\u95ee\u3001\u4fee\u6539\u3001\u5220\u9664\u6216\u8f6c\u79fb\u8d26\u6237\u7684\u8bf7\u6c42\u3002<br>\u5982\u679c\u7528\u6237\u62e5\u6709\u4e2a\u4eba\u7a7a\u95f4\uff0c\u5219\u6709\u6743\u6309\u7167\u4ee5\u4e0b\u7a0b\u5e8f\u8981\u6c42\u5220\u9664\u5176\u4e2a\u4eba\u7a7a\u95f4\uff1a<br>\u3002\u53ea\u9700\u901a\u8fc7\u7535\u5b50\u90ae\u4ef6\u5c06\u5220\u9664\u4e2a\u4eba\u7a7a\u95f4\u7684\u8981\u6c42\u53d1\u9001\u81f3\uff1argpd@fidealis.com\u3002\u5ba2\u6237\u670d\u52a1\u90e8\u95e8\u5c06\u5728\u6cd5\u5f8b\u5141\u8bb8\u7684\u65f6\u95f4\u5185\uff0c\u6839\u636e\u53cc\u65b9\uff08\u7528\u6237\u548c\u51fa\u7248\u5546\uff09\u7684\u5bf9\u7b49\u4e49\u52a1\u548c\u8d23\u4efb\uff0c\u8003\u8651\u7528\u6237\u7684\u8bf7\u6c42\u3002 <\/p><p>b.\u6570\u636e\u8f6c\u79fb\u6743<br>\u7528\u6237\u6709\u6743\u8981\u6c42\u5c06\u672c\u7f51\u7ad9\u6301\u6709\u7684\u5176\u4e2a\u4eba\u6570\u636e\u8f6c\u79fb\u5230\u5176\u4ed6\u7f51\u7ad9\uff0c\u5177\u4f53\u7a0b\u5e8f\u5982\u4e0b\uff1a<br>&#8211; \u63d0\u4f9b\u5176\u5ba2\u6237\u7f16\u53f7<br>&#8211; \u901a\u8fc7\u7535\u5b50\u90ae\u4ef6\u5c06\u8f6c\u79fb\u8981\u6c42\u53d1\u9001\u81f3 rgpd@fidealis.com\uff0c\u5e76\u5728\u4e3b\u9898\u680f\u6ce8\u660e &#8220;\u8f6c\u79fb&#8221;<br>&#8211; \u7b49\u5f85\u6280\u672f\u90e8\u95e8\u6536\u5230\u6570\u636e\u4e0b\u8f7d\u94fe\u63a5\uff0c\u6280\u672f\u90e8\u95e8\u5c06\u56de\u590d\u53d1\u4ef6\u4eba\u7684\u7535\u5b50\u90ae\u4ef6\u5730\u5740\u3002 <\/p><p>c.\u9650\u5236\u548c\u53cd\u5bf9\u6570\u636e\u5904\u7406\u7684\u6743\u5229<br>\u7528\u6237\u6709\u6743\u8981\u6c42\u9650\u5236\u6216\u53cd\u5bf9\u7f51\u7ad9\u5bf9\u5176\u6570\u636e\u7684\u5904\u7406\uff0c\u7f51\u7ad9\u4e0d\u5f97\u62d2\u7edd\uff0c\u9664\u975e\u80fd\u8bc1\u660e\u6709\u5408\u6cd5\u7684\u3001\u538b\u5012\u4e00\u5207\u7684\u7406\u7531\uff0c\u8fd9\u4e9b\u7406\u7531\u53ef\u80fd\u4f18\u5148\u4e8e\u7528\u6237\u7684\u5229\u76ca\u3001\u6743\u5229\u548c\u81ea\u7531\u3002 <br>\u4e3a\u4e86\u8981\u6c42\u9650\u5236\u5bf9\u5176\u6570\u636e\u7684\u5904\u7406\u6216\u53cd\u5bf9\u5bf9\u5176\u6570\u636e\u7684\u5904\u7406\uff0c\u7528\u6237\u5fc5\u987b\u9075\u5faa\u4ee5\u4e0b\u7a0b\u5e8f\uff1a<br>&#8211; \u63d0\u4f9b\u5176\u5ba2\u6237\u7f16\u53f7<br>&#8211; \u901a\u8fc7\u7535\u5b50\u90ae\u4ef6\u5c06\u53ef\u79fb\u690d\u6027\u8981\u6c42\u53d1\u9001\u81f3 rgpd@fidealis.com\uff0c\u5e76\u5728\u4e3b\u9898\u680f\u6ce8\u660e &#8220;\u9650\u5236\u5904\u7406&#8221;<br>&#8211; \u7b49\u5f85\u6280\u672f\u90e8\u95e8\u6536\u5230\u6570\u636e\u4e0b\u8f7d\u94fe\u63a5\uff0c\u6280\u672f\u90e8\u95e8\u5c06\u56de\u590d\u53d1\u4ef6\u4eba\u7684\u7535\u5b50\u90ae\u4ef6\u5730\u5740\u3002<\/p><p>d.\u4e0d\u63a5\u53d7\u5b8c\u5168\u57fa\u4e8e\u81ea\u52a8\u5316\u7a0b\u5e8f\u7684\u51b3\u5b9a\u7684\u6743\u5229<br>\u6839\u636e\u7b2c 2016\/679 \u53f7\u6761\u4f8b\u7684\u89c4\u5b9a\uff0c\u5982\u679c\u51b3\u5b9a\u4f1a\u5bf9\u7528\u6237\u4ea7\u751f\u6cd5\u5f8b\u6548\u529b\uff0c\u6216\u4ee5\u7c7b\u4f3c\u65b9\u5f0f\u5bf9\u7528\u6237\u4ea7\u751f\u91cd\u5927\u5f71\u54cd\uff0c\u5219\u7528\u6237\u6709\u6743\u4e0d\u63a5\u53d7\u5b8c\u5168\u57fa\u4e8e\u81ea\u52a8\u5316\u7a0b\u5e8f\u7684\u51b3\u5b9a\u3002 <\/p><p>e.\u51b3\u5b9a\u6b7b\u4ea1\u540e\u6570\u636e\u547d\u8fd0\u7684\u6743\u5229<br>\u63d0\u9192\u7528\u6237\uff0c\u6839\u636e 2016 \u5e74 10 \u6708 7 \u65e5\u7b2c 2016-1321 \u53f7\u6cd5\u5f8b\uff0c\u4ed6\u4eec\u53ef\u4ee5\u5b89\u6392\u81ea\u5df1\u6b7b\u4ea1\u540e\u6240\u6536\u96c6\u548c\u5904\u7406\u6570\u636e\u7684\u53bb\u5411\u3002 <\/p><p>f.\u5411\u4e3b\u7ba1\u76d1\u7763\u673a\u6784\u7533\u8bc9\u7684\u6743\u5229<br>\u5982\u679c\u6570\u636e\u63a7\u5236\u8005\u51b3\u5b9a\u4e0d\u56de\u5e94\u7528\u6237\u7684\u8bf7\u6c42\uff0c\u800c\u7528\u6237\u5e0c\u671b\u5bf9\u8fd9\u4e00\u51b3\u5b9a\u63d0\u51fa\u5f02\u8bae\uff0c\u6216\u8005\u5982\u679c\u7528\u6237\u8ba4\u4e3a\u4e0a\u8ff0\u6743\u5229\u4e4b\u4e00\u53d7\u5230\u4fb5\u72af\uff0c\u7528\u6237\u6709\u6743\u5411 CNIL\uff08\u56fd\u5bb6\u4fe1\u606f\u4e0e\u81ea\u7531\u59d4\u5458\u4f1a\uff0chttps:\/\/www.cnil.fr\uff09\u6216\u4efb\u4f55\u4e3b\u7ba1\u6cd5\u9662\u7533\u8bc9\u3002 <\/p><h2>\u7b2c 6 \u6761\uff1a\u4fee\u8ba2\u9690\u79c1\u653f\u7b56\u7684\u6761\u4ef6<\/h2><p><br>\u672c\u9690\u79c1\u653f\u7b56\u53ef\u968f\u65f6\u5728\u4ee5\u4e0b\u5730\u5740\u67e5\u9605\uff1a<br>www.fidealis.com<br>\u7f51\u7ad9\u7f16\u8f91\u4fdd\u7559\u4fee\u6539\u672c\u9690\u79c1\u653f\u7b56\u7684\u6743\u5229\uff0c\u4ee5\u786e\u4fdd\u5176\u7b26\u5408\u73b0\u884c\u6cd5\u5f8b\u3002\u56e0\u6b64\uff0c\u8bf7\u7528\u6237\u5b9a\u671f\u67e5\u9605\u672c\u9690\u79c1\u653f\u7b56\uff0c\u4ee5\u4e86\u89e3\u5176\u6700\u65b0\u53d8\u5316\u3002<br>\u7528\u6237\u987b\u77e5\uff0c\u672c\u9690\u79c1\u653f\u7b56\u7684\u6700\u540e\u66f4\u65b0\u65e5\u671f\u4e3a\uff1a08 \/ 01 \/ 2019\u3002<\/p><h2>\u7b2c 7 \u6761\uff1a\u7528\u6237\u63a5\u53d7\u9690\u79c1\u653f\u7b56<\/h2><p>\u7528\u6237\u5728\u6d4f\u89c8\u672c\u7f51\u7ad9\u65f6\uff0c\u5373\u8868\u660e\u4ed6\u4eec\u5df2\u9605\u8bfb\u5e76\u7406\u89e3\u672c\u9690\u79c1\u653f\u7b56\uff0c\u5e76\u63a5\u53d7\u5176\u6761\u4ef6\uff0c\u7279\u522b\u662f\u6709\u5173\u6536\u96c6\u548c\u5904\u7406\u5176\u4e2a\u4eba\u6570\u636e\u7684\u6761\u4ef6\u3002<\/p><p> <\/p><p><span style=\"font-family: -apple-system, BlinkMacSystemFont, 'Segoe UI', Roboto, 'Helvetica Neue', Arial, 'Noto Sans', sans-serif, 'Apple Color Emoji', 'Segoe UI Emoji', 'Segoe UI Symbol', 'Noto Color Emoji';\">\u53e6\u8bf7\u67e5\u9605 <\/span><a style=\"font-family: -apple-system, BlinkMacSystemFont, 'Segoe UI', Roboto, 'Helvetica Neue', Arial, 'Noto Sans', sans-serif, 'Apple Color Emoji', 'Segoe UI Emoji', 'Segoe UI Symbol', 'Noto Color Emoji';\" href=\"https:\/\/mentions-legales-fidealis\/\" target=\"_blank\" rel=\"noopener noreferrer\">Fidealis \u6cd5\u5f8b\u58f0\u660e<\/a><span style=\"font-family: -apple-system, BlinkMacSystemFont, 'Segoe UI', Roboto, 'Helvetica Neue', Arial, 'Noto Sans', sans-serif, 'Apple Color Emoji', 'Segoe UI Emoji', 'Segoe UI Symbol', 'Noto Color Emoji';\">.<\/span><\/p><p>\u5982\u9700\u4e86\u89e3\u66f4\u591a\u4fe1\u606f\uff0c\u8bf7\u8bbf\u95ee<a href=\"https:\/\/www.cnil.fr\/\" target=\"_blank\" rel=\"noopener noreferrer\">CNIL<\/a> \u7f51\u7ad9\u3002<\/p>\t\t\t\t\t\t\t\t<\/div>\n\t\t\t\t<\/div>\n\t\t\t\t\t<\/div>\n\t\t<\/div>\n\t\t\t\t\t<\/div>\n\t\t<\/section>\n\t\t\t\t<\/div>\n\t\t","protected":false},"excerpt":{"rendered":"<p>Votre d\u00e9p\u00f4t \u00e0 partir de 99\u20ac \u77e5\u8bc6\u4ea7\u6743\u4fdd\u62a4\u89e3\u51b3\u65b9\u6848 D\u00c9POSER MAINTENA [&hellip;]<\/p>\n","protected":false},"author":1,"featured_media":0,"parent":0,"menu_order":0,"comment_status":"closed","ping_status":"closed","template":"elementor_header_footer","meta":{"footnotes":""},"class_list":["post-40042","page","type-page","status-publish","hentry"],"_links":{"self":[{"href":"https:\/\/www.fidealis.com\/zh-hans\/wp-json\/wp\/v2\/pages\/40042","targetHints":{"allow":["GET"]}}],"collection":[{"href":"https:\/\/www.fidealis.com\/zh-hans\/wp-json\/wp\/v2\/pages"}],"about":[{"href":"https:\/\/www.fidealis.com\/zh-hans\/wp-json\/wp\/v2\/types\/page"}],"author":[{"embeddable":true,"href":"https:\/\/www.fidealis.com\/zh-hans\/wp-json\/wp\/v2\/users\/1"}],"replies":[{"embeddable":true,"href":"https:\/\/www.fidealis.com\/zh-hans\/wp-json\/wp\/v2\/comments?post=40042"}],"version-history":[{"count":1,"href":"https:\/\/www.fidealis.com\/zh-hans\/wp-json\/wp\/v2\/pages\/40042\/revisions"}],"predecessor-version":[{"id":40043,"href":"https:\/\/www.fidealis.com\/zh-hans\/wp-json\/wp\/v2\/pages\/40042\/revisions\/40043"}],"wp:attachment":[{"href":"https:\/\/www.fidealis.com\/zh-hans\/wp-json\/wp\/v2\/media?parent=40042"}],"curies":[{"name":"wp","href":"https:\/\/api.w.org\/{rel}","templated":true}]}}