{"id":40143,"date":"2023-06-19T14:03:18","date_gmt":"2023-06-19T12:03:18","guid":{"rendered":"https:\/\/www.fidealis.com\/%e6%b3%95%e5%be%8b%e4%bf%a1%e6%81%af\/"},"modified":"2026-04-19T12:09:55","modified_gmt":"2026-04-19T10:09:55","slug":"%e6%b3%95%e5%be%8b%e4%bf%a1%e6%81%af","status":"publish","type":"page","link":"https:\/\/www.fidealis.com\/zh-hans\/%e6%b3%95%e5%be%8b%e4%bf%a1%e6%81%af\/","title":{"rendered":"\u6cd5\u5f8b\u4fe1\u606f"},"content":{"rendered":"\t\t<div data-elementor-type=\"wp-page\" data-elementor-id=\"40143\" class=\"elementor elementor-40143 elementor-20003\" data-elementor-settings=\"{&quot;ha_cmc_init_switcher&quot;:&quot;no&quot;}\" data-elementor-post-type=\"page\">\n\t\t\t\t\t\t<section class=\"elementor-section elementor-top-section elementor-element elementor-element-1a62bf61 elementor-section-height-min-height elementor-section-boxed elementor-section-height-default elementor-section-items-middle\" data-id=\"1a62bf61\" data-element_type=\"section\" data-e-type=\"section\" data-settings=\"{&quot;background_background&quot;:&quot;classic&quot;,&quot;_ha_eqh_enable&quot;:false}\">\n\t\t\t\t\t\t\t<div class=\"elementor-background-overlay\"><\/div>\n\t\t\t\t\t\t\t<div class=\"elementor-container elementor-column-gap-default\">\n\t\t\t\t\t<div class=\"elementor-column elementor-col-100 elementor-top-column elementor-element elementor-element-768b07f0\" data-id=\"768b07f0\" data-element_type=\"column\" data-e-type=\"column\" data-settings=\"{&quot;background_background&quot;:&quot;classic&quot;}\">\n\t\t\t<div class=\"elementor-widget-wrap elementor-element-populated\">\n\t\t\t\t\t\t<div class=\"elementor-element elementor-element-2a6f8d5b elementor-widget elementor-widget-theme-post-title elementor-page-title elementor-widget-heading\" data-id=\"2a6f8d5b\" data-element_type=\"widget\" data-e-type=\"widget\" data-widget_type=\"theme-post-title.default\">\n\t\t\t\t<div class=\"elementor-widget-container\">\n\t\t\t\t\t<h1 class=\"elementor-heading-title elementor-size-default\">\u6cd5\u5f8b\u4fe1\u606f<\/h1>\t\t\t\t<\/div>\n\t\t\t\t<\/div>\n\t\t\t\t\t<\/div>\n\t\t<\/div>\n\t\t\t\t\t<\/div>\n\t\t<\/section>\n\t\t\t\t<section class=\"elementor-section elementor-top-section elementor-element elementor-element-5303aab7 elementor-section-full_width elementor-section-height-default elementor-section-height-default\" data-id=\"5303aab7\" data-element_type=\"section\" data-e-type=\"section\" data-settings=\"{&quot;_ha_eqh_enable&quot;:false}\">\n\t\t\t\t\t\t<div class=\"elementor-container elementor-column-gap-default\">\n\t\t\t\t\t<div class=\"elementor-column elementor-col-100 elementor-top-column elementor-element elementor-element-2214e3fc\" data-id=\"2214e3fc\" data-element_type=\"column\" data-e-type=\"column\" data-settings=\"{&quot;background_background&quot;:&quot;classic&quot;}\">\n\t\t\t<div class=\"elementor-widget-wrap elementor-element-populated\">\n\t\t\t\t\t\t<section class=\"elementor-section elementor-top-section elementor-element elementor-element-6e66e2c7 elementor-section-content-middle elementor-section-boxed elementor-section-height-default elementor-section-height-default\" data-id=\"6e66e2c7\" data-element_type=\"section\" data-e-type=\"section\" data-settings=\"{&quot;_ha_eqh_enable&quot;:false}\">\n\t\t\t\t\t\t<div class=\"elementor-container elementor-column-gap-default\">\n\t\t\t\t\t<div class=\"elementor-column elementor-col-50 elementor-top-column elementor-element elementor-element-2d264308\" data-id=\"2d264308\" data-element_type=\"column\" data-e-type=\"column\">\n\t\t\t<div class=\"elementor-widget-wrap elementor-element-populated\">\n\t\t\t\t\t\t<div class=\"elementor-element elementor-element-2f1c48fe elementor-widget__width-auto elementor-widget elementor-widget-global elementor-global-40189 elementor-global-33696 elementor-widget-heading\" data-id=\"2f1c48fe\" data-element_type=\"widget\" data-e-type=\"widget\" data-widget_type=\"heading.default\">\n\t\t\t\t<div class=\"elementor-widget-container\">\n\t\t\t\t\t<h4 class=\"elementor-heading-title elementor-size-default\">\u60a8\u7684\u62bc\u91d1\u4ece 99 \u6b27\u5143\u8d77<\/h4>\t\t\t\t<\/div>\n\t\t\t\t<\/div>\n\t\t\t\t<div class=\"elementor-element elementor-element-2757ee64 elementor-widget__width-auto elementor-widget-tablet__width-initial elementor-widget elementor-widget-heading\" data-id=\"2757ee64\" data-element_type=\"widget\" data-e-type=\"widget\" data-widget_type=\"heading.default\">\n\t\t\t\t<div class=\"elementor-widget-container\">\n\t\t\t\t\t<p class=\"elementor-heading-title elementor-size-default\">\u77e5\u8bc6\u4ea7\u6743\u4fdd\u62a4\u89e3\u51b3\u65b9\u6848<\/p>\t\t\t\t<\/div>\n\t\t\t\t<\/div>\n\t\t\t\t\t<\/div>\n\t\t<\/div>\n\t\t\t\t<div class=\"elementor-column elementor-col-50 elementor-top-column elementor-element elementor-element-acd01d\" data-id=\"acd01d\" data-element_type=\"column\" data-e-type=\"column\">\n\t\t\t<div class=\"elementor-widget-wrap elementor-element-populated\">\n\t\t\t\t\t\t<div class=\"elementor-element elementor-element-2a414d7f elementor-align-center elementor-widget elementor-widget-global elementor-global-40197 elementor-global-32682 elementor-widget-button\" data-id=\"2a414d7f\" data-element_type=\"widget\" data-e-type=\"widget\" data-settings=\"{&quot;_animation&quot;:&quot;none&quot;,&quot;_animation_delay&quot;:2700}\" data-widget_type=\"button.default\">\n\t\t\t\t<div class=\"elementor-widget-container\">\n\t\t\t\t\t\t\t\t\t<div class=\"elementor-button-wrapper\">\n\t\t\t\t\t<a class=\"elementor-button elementor-button-link elementor-size-md\" href=\"https:\/\/www.fidealis.com\/zh-hans\/%e6%b3%a8%e5%86%8c\/\">\n\t\t\t\t\t\t<span class=\"elementor-button-content-wrapper\">\n\t\t\t\t\t\t<span class=\"elementor-button-icon\">\n\t\t\t\t<svg aria-hidden=\"true\" class=\"e-font-icon-svg e-fas-balance-scale\" viewBox=\"0 0 640 512\" xmlns=\"http:\/\/www.w3.org\/2000\/svg\"><path d=\"M256 336h-.02c0-16.18 1.34-8.73-85.05-181.51-17.65-35.29-68.19-35.36-85.87 0C-2.06 328.75.02 320.33.02 336H0c0 44.18 57.31 80 128 80s128-35.82 128-80zM128 176l72 144H56l72-144zm511.98 160c0-16.18 1.34-8.73-85.05-181.51-17.65-35.29-68.19-35.36-85.87 0-87.12 174.26-85.04 165.84-85.04 181.51H384c0 44.18 57.31 80 128 80s128-35.82 128-80h-.02zM440 320l72-144 72 144H440zm88 128H352V153.25c23.51-10.29 41.16-31.48 46.39-57.25H528c8.84 0 16-7.16 16-16V48c0-8.84-7.16-16-16-16H383.64C369.04 12.68 346.09 0 320 0s-49.04 12.68-63.64 32H112c-8.84 0-16 7.16-16 16v32c0 8.84 7.16 16 16 16h129.61c5.23 25.76 22.87 46.96 46.39 57.25V448H112c-8.84 0-16 7.16-16 16v32c0 8.84 7.16 16 16 16h416c8.84 0 16-7.16 16-16v-32c0-8.84-7.16-16-16-16z\"><\/path><\/svg>\t\t\t<\/span>\n\t\t\t\t\t\t\t\t\t<span class=\"elementor-button-text\">\u7acb\u5373\u5b58\u6863<\/span>\n\t\t\t\t\t<\/span>\n\t\t\t\t\t<\/a>\n\t\t\t\t<\/div>\n\t\t\t\t\t\t\t\t<\/div>\n\t\t\t\t<\/div>\n\t\t\t\t\t<\/div>\n\t\t<\/div>\n\t\t\t\t\t<\/div>\n\t\t<\/section>\n\t\t\t\t\t<\/div>\n\t\t<\/div>\n\t\t\t\t\t<\/div>\n\t\t<\/section>\n\t\t\t\t<section class=\"elementor-section elementor-top-section elementor-element elementor-element-ef56967 elementor-section-boxed elementor-section-height-default elementor-section-height-default\" data-id=\"ef56967\" data-element_type=\"section\" data-e-type=\"section\" data-settings=\"{&quot;_ha_eqh_enable&quot;:false}\">\n\t\t\t\t\t\t<div class=\"elementor-container elementor-column-gap-default\">\n\t\t\t\t\t<div class=\"elementor-column elementor-col-100 elementor-top-column elementor-element elementor-element-362e9c7\" data-id=\"362e9c7\" data-element_type=\"column\" data-e-type=\"column\">\n\t\t\t<div class=\"elementor-widget-wrap elementor-element-populated\">\n\t\t\t\t\t\t<div class=\"elementor-element elementor-element-7f658cf elementor-widget elementor-widget-text-editor\" data-id=\"7f658cf\" data-element_type=\"widget\" data-e-type=\"widget\" data-widget_type=\"text-editor.default\">\n\t\t\t\t<div class=\"elementor-widget-container\">\n\t\t\t\t\t\t\t\t\t<p><strong>Fidealis\u6cd5\u5f8b\u58f0\u660e<\/strong>\u7b26\u54082004\u5e746\u670821\u65e5\u7b2c2004-575\u53f7\u300a\u6570\u5b57\u7ecf\u6d4e\u4fe1\u5fc3\u6cd5\u300b\u7b2c6-III\u6761\u548c\u7b2c19\u6761\u7684\u89c4\u5b9a\u3002<br>\uff0c\u53ef\u901a\u8fc7\u4ee5\u4e0b\u5730\u5740\u8bbf\u95eefidealis.com\u7f51\u7ad9\uff1awww.fidealis.com\uff08\u4ee5\u4e0b\u7b80\u79f0 &#8220;\u7f51\u7ad9&#8221;\uff09\u3002\u8bbf\u95ee\u548c\u4f7f\u7528\u672c\u7f51\u7ad9\u987b\u9075\u5b88\u4e0b\u6587\u8be6\u8ff0\u7684 &#8220;\u6cd5\u5f8b\u58f0\u660e &#8220;\u4ee5\u53ca\u9002\u7528\u7684\u6cd5\u5f8b\u548c\/\u6216\u6cd5\u89c4\u3002<br>\u8fde\u63a5\u3001\u4f7f\u7528\u548c\u8bbf\u95ee\u672c\u7f51\u7ad9\u610f\u5473\u7740\u4e92\u8054\u7f51\u7528\u6237\u5b8c\u5168\u4e14\u6beb\u65e0\u4fdd\u7559\u5730\u63a5\u53d7\u672c\u6cd5\u5f8b\u58f0\u660e\u7684\u6240\u6709\u89c4\u5b9a\u3002 <\/p><h2><strong>\u7b2c 1 \u6761 &#8211; Fidealis \u6cd5\u5f8b\u4fe1\u606f<\/strong><\/h2><p>\u6839\u636e 2004 \u5e74 6 \u6708 21 \u65e5\u7b2c 2004-575 \u53f7\u5173\u4e8e\u6570\u5b57\u7ecf\u6d4e\u4fe1\u4efb\u7684\u6cd5\u5f8b\u7b2c 6 \u6761\uff0c\u672c\u6761\u660e\u786e\u89c4\u5b9a\u4e86\u53c2\u4e0e\u5b9e\u65bd\u548c\u76d1\u7763\u7684\u5404\u65b9\u7684\u8eab\u4efd\u3002<\/p><p>www.fidealis.com \u7f51\u7ad9\u7531\u4ee5\u4e0b\u673a\u6784\u53d1\u5e03\uff1a<br>&#8211; FIDEALIS SAS<br>&#8211; \u603b\u90e8\uff1a320 rue Saint HONORE 75001 PARIS<br>&#8211; \u6ce8\u518c\uff1aRCS PARIS 439177144\u3002<br>&#8211; \u7535\u5b50\u90ae\u4ef6\u5730\u5740\uff1acontact@fidealis.com\u3002<\/p><p>Www.fidealis.com \u7f51\u7ad9\u7531 \uff1aOVH<br>\uff0c\u603b\u90e8\u5730\u5740\u5982\u4e0b\uff1a2 rue Kellermann 59100 Roubaix<br>\u7535\u8bdd\uff1a+33 (0)3 20 830 866<\/p><p>\u6240\u6709\u6d4f\u89c8\u3001\u9605\u8bfb\u3001\u67e5\u770b\u548c\u4f7f\u7528 fidealis.com \u7f51\u7ad9\u7684\u4e92\u8054\u7f51\u7528\u6237\u5747\u88ab\u89c6\u4e3a\u7528\u6237\u3002<\/p><h2>\u7b2c 2 \u6761 &#8211; \u65e0\u969c\u788d\u73af\u5883<\/h2><p>\u539f\u5219\u4e0a\uff0c\u7528\u6237\u6bcf\u5468 7 \u5929\u3001\u6bcf\u5929 24 \u5c0f\u65f6\u5747\u53ef\u8bbf\u95ee\u672c\u7f51\u7ad9\uff0c\u9664\u975e\u56e0\u7ef4\u62a4\u76ee\u7684\u6216\u4e0d\u53ef\u6297\u529b\u800c\u51fa\u73b0\u8ba1\u5212\u5185\u6216\u8ba1\u5212\u5916\u7684\u4e2d\u65ad\u3002<br>\u5728\u65e0\u6cd5\u8bbf\u95ee\u672c\u7f51\u7ad9\u7684\u60c5\u51b5\u4e0b\uff0c\u672c\u7f51\u7ad9\u627f\u8bfa\u5c3d\u6700\u5927\u52aa\u529b\u6062\u590d\u8bbf\u95ee\u3002\u5bf9\u4e8e\u56e0\u7f51\u7ad9\u65e0\u6cd5\u8bbf\u95ee\u800c\u9020\u6210\u7684\u4efb\u4f55\u635f\u5931\uff0c\u7f51\u7ad9\u6982\u4e0d\u8d1f\u8d23\u3002 <\/p><h2>\u7b2c 3 \u6761&#8211;\u6570\u636e\u6536\u96c6\u548c\u6570\u636e\u4fdd\u62a4\u6cd5<\/h2><p>fidealis.com\u7f51\u7ad9\u9075\u5b881978\u5e741\u67086\u65e5\u9881\u5e03\u7684\u5173\u4e8e\u6570\u636e\u5904\u7406\u3001\u6570\u636e\u6587\u4ef6\u548c\u4e2a\u4eba\u81ea\u7531\u7684\u7b2c78-17\u53f7\u6cd5\u5f8b\u7684\u89c4\u5b9a\u3002<br>\u6839\u636e\u8be5\u6cd5\uff0c\u7528\u6237\u6709\u6743\u53cd\u5bf9\uff08\u7b2c 32 \u6761\u548c\u7b2c 38 \u6761\uff09\u3001\u8bbf\u95ee\uff08\u7b2c 38 \u6761\u548c\u7b2c 39 \u6761\uff09\u548c\u66f4\u6b63\uff08\u7b2c 40 \u6761\uff09\u4e0e\u5176\u6709\u5173\u7684\u6570\u636e\u3002\u5982\u8981\u884c\u4f7f\u8fd9\u4e00\u6743\u5229\uff0c\u7528\u6237\u5e94\u901a\u8fc7\u4ee5\u4e0b\u5730\u5740\u4e0e\u53d1\u884c\u4eba\u8054\u7cfb\uff1acontact@fidealis.com\uff0c\u6216\u90ae\u5bc4\u81f3\u53d1\u884c\u4eba\u5730\u5740\uff0c\u5e76\u6ce8\u660e\u59d3\u6c0f\u3001\u540d\u5b57\u3001\u5730\u5740\u548c\u7535\u5b50\u90ae\u4ef6\u5730\u5740\u3002    <\/p><h2>\u7b2c 4 \u6761 &#8211; cookie \u653f\u7b56<\/h2><p>Www.fidealis.com\u7f51\u7ad9\u53ef\u80fd\u4f1a\u4f7f\u7528 &#8220;cookie &#8220;\u6280\u672f\u6765\u5904\u7406\u6709\u5173\u6d41\u91cf\u7684\u7edf\u8ba1\u6570\u636e\u548c\u4fe1\u606f\uff0c\u4ee5\u65b9\u4fbf\u5bfc\u822a\u5e76\u6539\u8fdb\u670d\u52a1\uff0c\u4f7f\u7528\u6237\u611f\u5230\u8212\u9002\u3002<br>\u6839\u636e\u6b27\u6d32\u6cd5\u5f8b\uff0cfidealis.com\u7f51\u7ad9\u66f4\u65b0\u4e86\u5176\u6709\u5173cookie\u7684\u4fdd\u5bc6\u653f\u7b56\u3002\u7528\u6237\u53ef\u901a\u8fc7\u4fee\u6539\u5176\u4e92\u8054\u7f51\u6d4f\u89c8\u5668\u7684\u8bbe\u7f6e\uff0c\u81ea\u7531\u63a5\u53d7\u6216\u62d2\u7edd\u6765\u81ea\u6240\u6709\u7f51\u7ad9\u7684 cookie\u3002 <\/p><h2>\u7b2c 5 \u6761&#8211;\u9002\u7528\u6cd5\u5f8b\u548c\u7ba1\u8f96\u6743<\/h2><p>\u672c\u6cd5\u5f8b\u58f0\u660e\u53d7\u6cd5\u56fd\u6cd5\u5f8b\u7ba1\u8f96\u3002\u5982\u53d1\u751f\u4e89\u8bae\uff0c\u4e14\u672a\u8fbe\u6210\u53cb\u597d\u534f\u8bae\uff0c\u5c06\u6839\u636e\u73b0\u884c\u7ba1\u8f96\u89c4\u5219\u5c06\u4e89\u8bae\u63d0\u4ea4\u6cd5\u56fd\u6cd5\u9662\u3002 <\/p><h2>\u7b2c 6 \u6761 &#8211; \u8054\u7cfb<\/h2><p>\u5982\u9700\u4e3e\u62a5\u975e\u6cd5\u5185\u5bb9\u6216\u6d3b\u52a8\uff0c\u7528\u6237\u53ef\u901a\u8fc7\u4ee5\u4e0b\u5730\u5740\u8054\u7cfb\u53d1\u884c\u4eba\uff1awebmaster@fidealis.com\uff0c\u6216\u901a\u8fc7\u6302\u53f7\u4fe1\u548c\u56de\u6267\u90ae\u5bc4\u81f3\u672c\u6cd5\u5f8b\u58f0\u660e\u4e2d\u6307\u5b9a\u7684\u53d1\u884c\u4eba\u5730\u5740\u3002<\/p><p>\u6b22\u8fce\u60a8\u8bbf\u95ee www.fidealis.com\uff01<\/p>\t\t\t\t\t\t\t\t<\/div>\n\t\t\t\t<\/div>\n\t\t\t\t<div class=\"elementor-element elementor-element-6b11989 elementor-widget elementor-widget-text-editor\" data-id=\"6b11989\" data-element_type=\"widget\" data-e-type=\"widget\" data-widget_type=\"text-editor.default\">\n\t\t\t\t<div class=\"elementor-widget-container\">\n\t\t\t\t\t\t\t\t\t<p> <\/p><p>\u8fd4\u56de<a href=\"https:\/\/www.fidealis.com\/zh-hans\/\" target=\"_blank\" rel=\"noopener noreferrer\">Fidealis \u4e3b\u9875<\/a>\u3002<\/p><p>\u8bbf\u95ee<a href=\"https:\/\/www.cnil.fr\/\" target=\"_blank\" rel=\"noopener noreferrer\">CNIL<\/a>\u7f51\u7ad9\uff0c\u4e86\u89e3\u6709\u5173\u60a8\u6743\u5229\u7684\u66f4\u591a\u4fe1\u606f\u3002<\/p>\t\t\t\t\t\t\t\t<\/div>\n\t\t\t\t<\/div>\n\t\t\t\t\t<\/div>\n\t\t<\/div>\n\t\t\t\t\t<\/div>\n\t\t<\/section>\n\t\t\t\t<\/div>\n\t\t","protected":false},"excerpt":{"rendered":"<p>Votre d\u00e9p\u00f4t \u00e0 partir de 99\u20ac \u77e5\u8bc6\u4ea7\u6743\u4fdd\u62a4\u89e3\u51b3\u65b9\u6848 D\u00c9POSER MAINTENA [&hellip;]<\/p>\n","protected":false},"author":1,"featured_media":0,"parent":0,"menu_order":0,"comment_status":"closed","ping_status":"closed","template":"elementor_header_footer","meta":{"footnotes":""},"class_list":["post-40143","page","type-page","status-publish","hentry"],"_links":{"self":[{"href":"https:\/\/www.fidealis.com\/zh-hans\/wp-json\/wp\/v2\/pages\/40143","targetHints":{"allow":["GET"]}}],"collection":[{"href":"https:\/\/www.fidealis.com\/zh-hans\/wp-json\/wp\/v2\/pages"}],"about":[{"href":"https:\/\/www.fidealis.com\/zh-hans\/wp-json\/wp\/v2\/types\/page"}],"author":[{"embeddable":true,"href":"https:\/\/www.fidealis.com\/zh-hans\/wp-json\/wp\/v2\/users\/1"}],"replies":[{"embeddable":true,"href":"https:\/\/www.fidealis.com\/zh-hans\/wp-json\/wp\/v2\/comments?post=40143"}],"version-history":[{"count":1,"href":"https:\/\/www.fidealis.com\/zh-hans\/wp-json\/wp\/v2\/pages\/40143\/revisions"}],"predecessor-version":[{"id":40144,"href":"https:\/\/www.fidealis.com\/zh-hans\/wp-json\/wp\/v2\/pages\/40143\/revisions\/40144"}],"wp:attachment":[{"href":"https:\/\/www.fidealis.com\/zh-hans\/wp-json\/wp\/v2\/media?parent=40143"}],"curies":[{"name":"wp","href":"https:\/\/api.w.org\/{rel}","templated":true}]}}