{"id":40173,"date":"2007-02-22T13:01:12","date_gmt":"2007-02-22T12:01:12","guid":{"rendered":"https:\/\/www.fidealis.com\/%e8%b0%81%e5%ba%94%e6%b3%a8%e5%86%8c%e8%87%aa%e5%b7%b1%e7%9a%84%e8%ae%be%e8%ae%a1%ef%bc%9f%e7%9b%b8%e5%85%b3%e4%b8%93%e4%b8%9a%e4%ba%ba%e5%91%98\/"},"modified":"2026-04-19T12:13:21","modified_gmt":"2026-04-19T10:13:21","slug":"%e8%b0%81%e5%ba%94%e6%b3%a8%e5%86%8c%e8%87%aa%e5%b7%b1%e7%9a%84%e8%ae%be%e8%ae%a1%ef%bc%9f%e7%9b%b8%e5%85%b3%e4%b8%93%e4%b8%9a%e4%ba%ba%e5%91%98","status":"publish","type":"page","link":"https:\/\/www.fidealis.com\/zh-hans\/%e8%b0%81%e5%ba%94%e6%b3%a8%e5%86%8c%e8%87%aa%e5%b7%b1%e7%9a%84%e8%ae%be%e8%ae%a1%ef%bc%9f%e7%9b%b8%e5%85%b3%e4%b8%93%e4%b8%9a%e4%ba%ba%e5%91%98\/","title":{"rendered":"\u8c01\u5e94\u6ce8\u518c\u81ea\u5df1\u7684\u8bbe\u8ba1\uff1f\u76f8\u5173\u4e13\u4e1a\u4eba\u5458"},"content":{"rendered":"\t\t<div data-elementor-type=\"wp-page\" data-elementor-id=\"40173\" class=\"elementor elementor-40173 elementor-36269\" data-elementor-settings=\"{&quot;ha_cmc_init_switcher&quot;:&quot;no&quot;}\" data-elementor-post-type=\"page\">\n\t\t\t\t\t\t<section class=\"elementor-section elementor-top-section elementor-element elementor-element-4fba5a24 elementor-section-height-min-height elementor-section-boxed elementor-section-height-default elementor-section-items-middle\" data-id=\"4fba5a24\" data-element_type=\"section\" data-e-type=\"section\" data-settings=\"{&quot;background_background&quot;:&quot;classic&quot;,&quot;_ha_eqh_enable&quot;:false}\">\n\t\t\t\t\t\t\t<div class=\"elementor-background-overlay\"><\/div>\n\t\t\t\t\t\t\t<div class=\"elementor-container elementor-column-gap-default\">\n\t\t\t\t\t<div class=\"elementor-column elementor-col-100 elementor-top-column elementor-element elementor-element-7c020b8\" data-id=\"7c020b8\" data-element_type=\"column\" data-e-type=\"column\" data-settings=\"{&quot;background_background&quot;:&quot;classic&quot;}\">\n\t\t\t<div class=\"elementor-widget-wrap elementor-element-populated\">\n\t\t\t\t\t\t<div class=\"elementor-element elementor-element-35e857e0 elementor-widget elementor-widget-theme-post-title elementor-page-title elementor-widget-heading\" data-id=\"35e857e0\" data-element_type=\"widget\" data-e-type=\"widget\" data-widget_type=\"theme-post-title.default\">\n\t\t\t\t<div class=\"elementor-widget-container\">\n\t\t\t\t\t<h1 class=\"elementor-heading-title elementor-size-default\">\u8c01\u5e94\u6ce8\u518c\u81ea\u5df1\u7684\u8bbe\u8ba1\uff1f\u76f8\u5173\u4e13\u4e1a\u4eba\u5458<\/h1>\t\t\t\t<\/div>\n\t\t\t\t<\/div>\n\t\t\t\t\t<\/div>\n\t\t<\/div>\n\t\t\t\t\t<\/div>\n\t\t<\/section>\n\t\t\t\t<section class=\"elementor-section elementor-top-section elementor-element elementor-element-5a37b2b7 elementor-section-full_width elementor-section-height-default elementor-section-height-default\" data-id=\"5a37b2b7\" data-element_type=\"section\" data-e-type=\"section\" data-settings=\"{&quot;_ha_eqh_enable&quot;:false}\">\n\t\t\t\t\t\t<div class=\"elementor-container elementor-column-gap-default\">\n\t\t\t\t\t<div class=\"elementor-column elementor-col-100 elementor-top-column elementor-element elementor-element-552f4217\" data-id=\"552f4217\" data-element_type=\"column\" data-e-type=\"column\" data-settings=\"{&quot;background_background&quot;:&quot;classic&quot;}\">\n\t\t\t<div class=\"elementor-widget-wrap elementor-element-populated\">\n\t\t\t\t\t\t<section class=\"elementor-section elementor-top-section elementor-element elementor-element-74342af6 elementor-section-content-middle elementor-section-boxed elementor-section-height-default elementor-section-height-default\" data-id=\"74342af6\" data-element_type=\"section\" data-e-type=\"section\" data-settings=\"{&quot;_ha_eqh_enable&quot;:false}\">\n\t\t\t\t\t\t<div class=\"elementor-container elementor-column-gap-default\">\n\t\t\t\t\t<div class=\"elementor-column elementor-col-50 elementor-top-column elementor-element elementor-element-3bc3b057\" data-id=\"3bc3b057\" data-element_type=\"column\" data-e-type=\"column\">\n\t\t\t<div class=\"elementor-widget-wrap elementor-element-populated\">\n\t\t\t\t\t\t<div class=\"elementor-element elementor-element-60f54e83 elementor-widget__width-auto elementor-widget elementor-widget-global elementor-global-40189 elementor-global-33696 elementor-widget-heading\" data-id=\"60f54e83\" data-element_type=\"widget\" data-e-type=\"widget\" data-widget_type=\"heading.default\">\n\t\t\t\t<div class=\"elementor-widget-container\">\n\t\t\t\t\t<h4 class=\"elementor-heading-title elementor-size-default\">\u60a8\u7684\u62bc\u91d1\u4ece 99 \u6b27\u5143\u8d77<\/h4>\t\t\t\t<\/div>\n\t\t\t\t<\/div>\n\t\t\t\t<div class=\"elementor-element elementor-element-4002cd71 elementor-widget__width-auto elementor-widget-tablet__width-initial elementor-widget elementor-widget-heading\" data-id=\"4002cd71\" data-element_type=\"widget\" data-e-type=\"widget\" data-widget_type=\"heading.default\">\n\t\t\t\t<div class=\"elementor-widget-container\">\n\t\t\t\t\t<p class=\"elementor-heading-title elementor-size-default\">\u77e5\u8bc6\u4ea7\u6743\u4fdd\u62a4\u89e3\u51b3\u65b9\u6848<\/p>\t\t\t\t<\/div>\n\t\t\t\t<\/div>\n\t\t\t\t\t<\/div>\n\t\t<\/div>\n\t\t\t\t<div class=\"elementor-column elementor-col-50 elementor-top-column elementor-element elementor-element-65ddf7c0\" data-id=\"65ddf7c0\" data-element_type=\"column\" data-e-type=\"column\">\n\t\t\t<div class=\"elementor-widget-wrap elementor-element-populated\">\n\t\t\t\t\t\t<div class=\"elementor-element elementor-element-7abed13e elementor-align-center elementor-widget elementor-widget-global elementor-global-40197 elementor-global-32682 elementor-widget-button\" data-id=\"7abed13e\" data-element_type=\"widget\" data-e-type=\"widget\" data-settings=\"{&quot;_animation&quot;:&quot;none&quot;,&quot;_animation_delay&quot;:2700}\" data-widget_type=\"button.default\">\n\t\t\t\t<div class=\"elementor-widget-container\">\n\t\t\t\t\t\t\t\t\t<div class=\"elementor-button-wrapper\">\n\t\t\t\t\t<a class=\"elementor-button elementor-button-link elementor-size-md\" href=\"https:\/\/www.fidealis.com\/zh-hans\/%e6%b3%a8%e5%86%8c\/\">\n\t\t\t\t\t\t<span class=\"elementor-button-content-wrapper\">\n\t\t\t\t\t\t<span class=\"elementor-button-icon\">\n\t\t\t\t<svg aria-hidden=\"true\" class=\"e-font-icon-svg e-fas-balance-scale\" viewBox=\"0 0 640 512\" xmlns=\"http:\/\/www.w3.org\/2000\/svg\"><path d=\"M256 336h-.02c0-16.18 1.34-8.73-85.05-181.51-17.65-35.29-68.19-35.36-85.87 0C-2.06 328.75.02 320.33.02 336H0c0 44.18 57.31 80 128 80s128-35.82 128-80zM128 176l72 144H56l72-144zm511.98 160c0-16.18 1.34-8.73-85.05-181.51-17.65-35.29-68.19-35.36-85.87 0-87.12 174.26-85.04 165.84-85.04 181.51H384c0 44.18 57.31 80 128 80s128-35.82 128-80h-.02zM440 320l72-144 72 144H440zm88 128H352V153.25c23.51-10.29 41.16-31.48 46.39-57.25H528c8.84 0 16-7.16 16-16V48c0-8.84-7.16-16-16-16H383.64C369.04 12.68 346.09 0 320 0s-49.04 12.68-63.64 32H112c-8.84 0-16 7.16-16 16v32c0 8.84 7.16 16 16 16h129.61c5.23 25.76 22.87 46.96 46.39 57.25V448H112c-8.84 0-16 7.16-16 16v32c0 8.84 7.16 16 16 16h416c8.84 0 16-7.16 16-16v-32c0-8.84-7.16-16-16-16z\"><\/path><\/svg>\t\t\t<\/span>\n\t\t\t\t\t\t\t\t\t<span class=\"elementor-button-text\">\u7acb\u5373\u5b58\u6863<\/span>\n\t\t\t\t\t<\/span>\n\t\t\t\t\t<\/a>\n\t\t\t\t<\/div>\n\t\t\t\t\t\t\t\t<\/div>\n\t\t\t\t<\/div>\n\t\t\t\t\t<\/div>\n\t\t<\/div>\n\t\t\t\t\t<\/div>\n\t\t<\/section>\n\t\t\t\t\t<\/div>\n\t\t<\/div>\n\t\t\t\t\t<\/div>\n\t\t<\/section>\n\t\t\t\t<section class=\"elementor-section elementor-top-section elementor-element elementor-element-582b1130 elementor-section-boxed elementor-section-height-default elementor-section-height-default\" data-id=\"582b1130\" data-element_type=\"section\" data-e-type=\"section\" data-settings=\"{&quot;_ha_eqh_enable&quot;:false}\">\n\t\t\t\t\t\t<div class=\"elementor-container elementor-column-gap-default\">\n\t\t\t\t\t<div class=\"elementor-column elementor-col-100 elementor-top-column elementor-element elementor-element-31f0c068\" data-id=\"31f0c068\" data-element_type=\"column\" data-e-type=\"column\">\n\t\t\t<div class=\"elementor-widget-wrap elementor-element-populated\">\n\t\t\t\t\t\t<div class=\"elementor-element elementor-element-63852d8a elementor-widget elementor-widget-text-editor\" data-id=\"63852d8a\" data-element_type=\"widget\" data-e-type=\"widget\" data-widget_type=\"text-editor.default\">\n\t\t\t\t<div class=\"elementor-widget-container\">\n\t\t\t\t\t\t\t\t\t<p class=\"texte-accueil\"><strong>\u8c01\u5e94\u6ce8\u518c\u81ea\u5df1\u7684\u5916\u89c2\u8bbe\u8ba1\uff1f<\/strong> \u6240\u6709\u63d0\u4f9b\u6587\u4ef6\u6216\u521b\u4f5c\u5e76\u9700\u8981\u8bc1\u660e\u5176\u4f18\u8d8a\u6027\u4ee5\u4fdd\u62a4\u5176\u77e5\u8bc6\u4ea7\u6743\u7684\u81ea\u7136\u4eba\u6216\u6cd5\u4eba\u3002<\/p><table border=\"0\" width=\"100%\" cellspacing=\"0\" cellpadding=\"0\"><tbody><tr><td class=\"texte-qui bold\" width=\"26%\">-\u5efa\u7b51\u5e08<\/td><td width=\"13%\"> <\/td><td class=\"texte-qui\" width=\"61%\">\u89c4\u5212<\/td><\/tr><tr><td class=\"texte-qui bold\" height=\"14\">&#8211; \u5f8b\u5e08<\/td><td> <\/td><td class=\"texte-qui\">\u7ed3\u8bba\u3001\u603b\u7ed3<\/td><\/tr><tr><td class=\"bold texte-qui\">-\u7814\u7a76\u4eba\u5458<\/td><td> <\/td><td class=\"texte-qui\">\u51fa\u7248\u524d\u7684\u53d1\u73b0<\/td><\/tr><tr><td class=\"texte-qui bold\">-\u4f1a\u8ba1<\/td><td> <\/td><td class=\"texte-qui\">\u62a5\u8868\u3001\u58f0\u660e\u3001\u7ba1\u7406\u62a5\u544a<\/td><\/tr><tr><td class=\"texte-qui bold\">-\u5ba1\u8ba1\u5458<\/td><td> <\/td><td class=\"texte-qui\">\u62a5\u544a<\/td><\/tr><tr><td class=\"texte-qui bold\">-\u53d1\u660e\u5bb6<\/td><td> <\/td><td class=\"texte-qui\">\u53d1\u660e<\/td><\/tr><tr><td class=\"texte-qui bold\">-\u7a0b\u5e8f\u5458<\/td><td> <\/td><td class=\"texte-qui\">\u7a0b\u5e8f\u548c\u8f6f\u4ef6\u6765\u6e90<\/td><\/tr><tr><td class=\"texte-qui bold\">-\u65f6\u88c5\u8bbe\u8ba1\u5e08<\/td><td> <\/td><td class=\"texte-qui\">\u56fe\u7eb8\u3001\u6a21\u578b\u3001\u8349\u56fe\u3001\u8bbe\u8ba1\u3001\u56fe\u6848<\/td><\/tr><tr><td class=\"texte-qui bold\">-\u97f3\u4e50\u5bb6<\/td><td> <\/td><td class=\"texte-qui\">\u5f97\u5206<\/td><\/tr><tr><td class=\"texte-qui bold\">-\u8bbe\u8ba1\u5e08<\/td><td> <\/td><td class=\"texte-qui\">\u8bbe\u8ba1<\/td><\/tr><tr><td class=\"texte-qui bold\">-\u5e7f\u544a<\/td><td> <\/td><td class=\"texte-qui\">\u8425\u9500\u8ba1\u5212\u3001\u5a92\u4f53\u3001<\/td><\/tr><tr><td class=\"texte-qui bold\">-\u5e73\u9762\u8bbe\u8ba1\u5e08<\/td><td> <\/td><td class=\"texte-qui\">\u5fbd\u6807\u3001\u56fe\u5f62\u7ae0\u7a0b<\/td><\/tr><tr><td class=\"texte-qui bold\">-\u6444\u5f71\u5e08<\/td><td> <\/td><td class=\"texte-qui\">\u6570\u7801\u7167\u7247\u6216\u6570\u5b57\u5316\u7167\u7247\u3002<\/td><\/tr><\/tbody><\/table><h2 class=\"titre-accueil-3\">\u63a5\u53d7\u54ea\u4e9b\u683c\u5f0f\uff1f<\/h2><p class=\"texte-accueil\"><strong>\u6587\u672c\uff1a<\/strong><br>Word\u00ae (.doc), pdf(Adobe\u00ae) .rtf, .txt, .asc, .mcw (Mac\u00ae), .wps ( Works\u00ae)<\/p><p class=\"texte-accueil\"><strong>\u56fe\u50cf\uff1a<\/strong><br>jpeg\u3001jpg\u3001gif\u3001tiff\u3001eps\u3001dcx\u3001pcx\u3001wif\u3001xif\u3001bmp\u3001png\u3001art&#8230;<\/p><p class=\"texte-accueil\"><strong>\u591a\u5a92\u4f53\uff1a<\/strong><br>\u6240\u6709\u526a\u8f91\u3001\u89c6\u9891\u548c\u58f0\u97f3 wav.(quicktime\u00ae ), mp3, midi, ra (real Player\u00ae), Swf ( Flash ), mpeg4 <\/p><p class=\"texte-accueil\"><strong>\u7a0b\u5e8f\u548c\u53ef\u6267\u884c\u6587\u4ef6\uff1a<\/strong><br>.exe\u3001.zip<\/p><p class=\"texte-accueil\"><strong>\u7f51\u9875\uff1a<\/strong><br>.php \u6216 .zip<\/p><h2 class=\"titre-accueil-3\">\u53ef\u4ee5\u5236\u4f5c\u591a\u5927\u5c3a\u5bf8\u7684\u6587\u4ef6\uff1f<\/h2><p class=\"texte-accueil\">\u5728\u5728\u7ebf\u5904\u7406\u65b9\u9762\uff0c\u6211\u4eec\u53d1\u73b0\u53ea\u6709\u5c0f\u4e8e 1 MB \u7684\u6587\u4ef6\u624d\u80fd\u5728\u5408\u7406\u7684\u65f6\u95f4\u5185\u5f97\u5230\u5904\u7406\u3002\u5bf9\u4e8e\u975e\u5e38\u5927\u7684\u6587\u4ef6\uff0c\u6211\u4eec\u7684\u5ba2\u6237\u5df2\u7ecf\u517b\u6210\u4e86\u90ae\u5bc4\u523b\u5f55\u5149\u76d8\u7ed9\u6211\u4eec\u7684\u4e60\u60ef\uff0c\u6211\u4eec\u4f1a\u5728\u603b\u90e8\u8fdb\u884c\u5904\u7406\u3002\u65e0\u9700\u989d\u5916\u8d39\u7528\u3002  <\/p><h2 class=\"ds-markdown-paragraph\">\u8fd9\u4e9b\u4e13\u4e1a\u4eba\u58eb\u4e3a\u4ec0\u4e48\u8981\u7533\u62a5\uff1f<\/h2><p class=\"ds-markdown-paragraph\">\u6ce8\u518c\u53ef\u5728\u53d1\u751f\u4e89\u8bae\u65f6\u63d0\u4f9b\u65e0\u53ef\u8fa9\u9a73\u7684\u5148\u6709\u6743\u8bc1\u660e\u3002\u6ca1\u6709\u8fd9\u4e00\u8bc1\u636e\uff0c\u5f80\u5f80\u65e0\u6cd5\u5728\u6cd5\u5ead\u4e0a\u4e3b\u5f20\u81ea\u5df1\u7684\u6743\u5229\u3002\u65e0\u8bba\u60a8\u662f\u5efa\u7b51\u5e08\u3001\u8bbe\u8ba1\u5e08\u3001\u6444\u5f71\u5e08\u8fd8\u662f\u97f3\u4e50\u5bb6\uff0c\u60a8\u7684\u521b\u4f5c\u90fd\u5177\u6709\u5fc5\u987b\u4fdd\u62a4\u7684\u4ef7\u503c\u3002  <\/p><h2 class=\"ds-markdown-paragraph\">\u62bc\u91d1\u80fd\u4fdd\u62a4\u4ec0\u4e48\uff1f<\/h2><p class=\"ds-markdown-paragraph\">\u62bc\u91d1\u6db5\u76d6\u60a8\u7684\u6240\u6709\u6570\u5b57\u6587\u4ef6\uff1a\u56fe\u7eb8\u3001\u7167\u7247\u3001\u4e50\u8c31\u3001\u5fbd\u6807\u3001\u6e90\u4ee3\u7801\u3001\u89c6\u9891\u7b49\u3002\u4e00\u65e6\u4ea4\u5b58\uff0c\u8fd9\u4e9b\u6587\u4ef6\u5c06\u88ab\u6253\u4e0a\u65f6\u95f4\u6233\uff0c\u5e76\u7531\u6cd5\u8b66\u8fdb\u884c\u767b\u8bb0\u3002 <\/p><h2>\u7b80\u800c\u8a00\u4e4b\uff0c\u8c01\u5e94\u8be5\u6ce8\u518c\u81ea\u5df1\u7684\u5916\u89c2\u8bbe\u8ba1\uff1f<\/h2><p>\u6240\u6709\u5e0c\u671b\u8bc1\u660e\u5176\u4f5c\u54c1\u65e5\u671f\u5e76\u9632\u6b62\u4f2a\u9020\u7684\u521b\u4f5c\u8005\u3002<\/p>\t\t\t\t\t\t\t\t<\/div>\n\t\t\t\t<\/div>\n\t\t\t\t\t<\/div>\n\t\t<\/div>\n\t\t\t\t\t<\/div>\n\t\t<\/section>\n\t\t<div class=\"elementor-element elementor-element-b5f40b7 e-grid e-con-boxed e-con e-parent\" data-id=\"b5f40b7\" data-element_type=\"container\" data-e-type=\"container\" data-settings=\"{&quot;_ha_eqh_enable&quot;:false}\">\n\t\t\t\t\t<div class=\"e-con-inner\">\n\t\t\t\t<div class=\"elementor-element elementor-element-80e3573 elementor-widget elementor-widget-text-editor\" data-id=\"80e3573\" data-element_type=\"widget\" data-e-type=\"widget\" data-widget_type=\"text-editor.default\">\n\t\t\t\t<div class=\"elementor-widget-container\">\n\t\t\t\t\t\t\t\t\t<p>\u4e86\u89e3<a href=\"https:\/\/pourquoi-deposer-ses-creations\/\" target=\"_blank\" rel=\"noopener noreferrer\">\u6ce8\u518c\u5916\u89c2\u8bbe\u8ba1\u7684<\/a>\u539f\u56e0\u548c\u65b9\u6cd5\u3002<\/p><p><a href=\"https:\/\/www.inpi.fr\/\" target=\"_blank\" rel=\"noopener noreferrer\">\u5728 INPI \u7f51\u7ad9\u4e0a\u4e86\u89e3\u6709\u5173\u77e5\u8bc6\u4ea7\u6743\u4fdd\u62a4\u7684<\/a>\u66f4\u591a\u4fe1\u606f\u3002<\/p>\t\t\t\t\t\t\t\t<\/div>\n\t\t\t\t<\/div>\n\t\t\t\t\t<\/div>\n\t\t\t\t<\/div>\n\t\t\t\t<\/div>\n\t\t","protected":false},"excerpt":{"rendered":"<p>Votre d\u00e9p\u00f4t \u00e0 partir de 99\u20ac \u77e5\u8bc6\u4ea7\u6743\u4fdd\u62a4\u89e3\u51b3\u65b9\u6848 D\u00c9POSER MAINTENA [&hellip;]<\/p>\n","protected":false},"author":3,"featured_media":0,"parent":0,"menu_order":0,"comment_status":"closed","ping_status":"closed","template":"elementor_header_footer","meta":{"footnotes":""},"class_list":["post-40173","page","type-page","status-publish","hentry"],"_links":{"self":[{"href":"https:\/\/www.fidealis.com\/zh-hans\/wp-json\/wp\/v2\/pages\/40173","targetHints":{"allow":["GET"]}}],"collection":[{"href":"https:\/\/www.fidealis.com\/zh-hans\/wp-json\/wp\/v2\/pages"}],"about":[{"href":"https:\/\/www.fidealis.com\/zh-hans\/wp-json\/wp\/v2\/types\/page"}],"author":[{"embeddable":true,"href":"https:\/\/www.fidealis.com\/zh-hans\/wp-json\/wp\/v2\/users\/3"}],"replies":[{"embeddable":true,"href":"https:\/\/www.fidealis.com\/zh-hans\/wp-json\/wp\/v2\/comments?post=40173"}],"version-history":[{"count":1,"href":"https:\/\/www.fidealis.com\/zh-hans\/wp-json\/wp\/v2\/pages\/40173\/revisions"}],"predecessor-version":[{"id":40176,"href":"https:\/\/www.fidealis.com\/zh-hans\/wp-json\/wp\/v2\/pages\/40173\/revisions\/40176"}],"wp:attachment":[{"href":"https:\/\/www.fidealis.com\/zh-hans\/wp-json\/wp\/v2\/media?parent=40173"}],"curies":[{"name":"wp","href":"https:\/\/api.w.org\/{rel}","templated":true}]}}