{"id":40177,"date":"2007-02-22T12:56:24","date_gmt":"2007-02-22T11:56:24","guid":{"rendered":"https:\/\/www.fidealis.com\/%e4%b8%ba%e4%bb%80%e4%b9%88%e8%a6%81%e6%b3%a8%e5%86%8c%e5%a4%96%e8%a7%82%e8%ae%be%e8%ae%a1%ef%bc%9f%e4%bf%9d%e6%8a%a4%e7%9a%84%e6%8c%91%e6%88%98\/"},"modified":"2026-04-19T12:13:26","modified_gmt":"2026-04-19T10:13:26","slug":"%e4%b8%ba%e4%bb%80%e4%b9%88%e8%a6%81%e6%b3%a8%e5%86%8c%e5%a4%96%e8%a7%82%e8%ae%be%e8%ae%a1%ef%bc%9f%e4%bf%9d%e6%8a%a4%e7%9a%84%e6%8c%91%e6%88%98","status":"publish","type":"page","link":"https:\/\/www.fidealis.com\/zh-hans\/%e4%b8%ba%e4%bb%80%e4%b9%88%e8%a6%81%e6%b3%a8%e5%86%8c%e5%a4%96%e8%a7%82%e8%ae%be%e8%ae%a1%ef%bc%9f%e4%bf%9d%e6%8a%a4%e7%9a%84%e6%8c%91%e6%88%98\/","title":{"rendered":"\u4e3a\u4ec0\u4e48\u8981\u6ce8\u518c\u5916\u89c2\u8bbe\u8ba1\uff1f\u4fdd\u62a4\u7684\u6311\u6218"},"content":{"rendered":"\t\t<div data-elementor-type=\"wp-page\" data-elementor-id=\"40177\" class=\"elementor elementor-40177 elementor-36263\" data-elementor-settings=\"{&quot;ha_cmc_init_switcher&quot;:&quot;no&quot;}\" data-elementor-post-type=\"page\">\n\t\t\t\t\t\t<section class=\"elementor-section elementor-top-section elementor-element elementor-element-4fba5a24 elementor-section-height-min-height elementor-section-boxed elementor-section-height-default elementor-section-items-middle\" data-id=\"4fba5a24\" data-element_type=\"section\" data-e-type=\"section\" data-settings=\"{&quot;background_background&quot;:&quot;classic&quot;,&quot;_ha_eqh_enable&quot;:false}\">\n\t\t\t\t\t\t\t<div class=\"elementor-background-overlay\"><\/div>\n\t\t\t\t\t\t\t<div class=\"elementor-container elementor-column-gap-default\">\n\t\t\t\t\t<div class=\"elementor-column elementor-col-100 elementor-top-column elementor-element elementor-element-7c020b8\" data-id=\"7c020b8\" data-element_type=\"column\" data-e-type=\"column\" data-settings=\"{&quot;background_background&quot;:&quot;classic&quot;}\">\n\t\t\t<div class=\"elementor-widget-wrap elementor-element-populated\">\n\t\t\t\t\t\t<div class=\"elementor-element elementor-element-35e857e0 elementor-widget elementor-widget-theme-post-title elementor-page-title elementor-widget-heading\" data-id=\"35e857e0\" data-element_type=\"widget\" data-e-type=\"widget\" data-widget_type=\"theme-post-title.default\">\n\t\t\t\t<div class=\"elementor-widget-container\">\n\t\t\t\t\t<h1 class=\"elementor-heading-title elementor-size-default\">\u4e3a\u4ec0\u4e48\u8981\u6ce8\u518c\u5916\u89c2\u8bbe\u8ba1\uff1f\u4fdd\u62a4\u7684\u6311\u6218<\/h1>\t\t\t\t<\/div>\n\t\t\t\t<\/div>\n\t\t\t\t\t<\/div>\n\t\t<\/div>\n\t\t\t\t\t<\/div>\n\t\t<\/section>\n\t\t\t\t<section class=\"elementor-section elementor-top-section elementor-element elementor-element-5a37b2b7 elementor-section-full_width elementor-section-height-default elementor-section-height-default\" data-id=\"5a37b2b7\" data-element_type=\"section\" data-e-type=\"section\" data-settings=\"{&quot;_ha_eqh_enable&quot;:false}\">\n\t\t\t\t\t\t<div class=\"elementor-container elementor-column-gap-default\">\n\t\t\t\t\t<div class=\"elementor-column elementor-col-100 elementor-top-column elementor-element elementor-element-552f4217\" data-id=\"552f4217\" data-element_type=\"column\" data-e-type=\"column\" data-settings=\"{&quot;background_background&quot;:&quot;classic&quot;}\">\n\t\t\t<div class=\"elementor-widget-wrap elementor-element-populated\">\n\t\t\t\t\t\t<section class=\"elementor-section elementor-top-section elementor-element elementor-element-74342af6 elementor-section-content-middle elementor-section-boxed elementor-section-height-default elementor-section-height-default\" data-id=\"74342af6\" data-element_type=\"section\" data-e-type=\"section\" data-settings=\"{&quot;_ha_eqh_enable&quot;:false}\">\n\t\t\t\t\t\t<div class=\"elementor-container elementor-column-gap-default\">\n\t\t\t\t\t<div class=\"elementor-column elementor-col-50 elementor-top-column elementor-element elementor-element-3bc3b057\" data-id=\"3bc3b057\" data-element_type=\"column\" data-e-type=\"column\">\n\t\t\t<div class=\"elementor-widget-wrap elementor-element-populated\">\n\t\t\t\t\t\t<div class=\"elementor-element elementor-element-60f54e83 elementor-widget__width-auto elementor-widget elementor-widget-global elementor-global-40189 elementor-global-33696 elementor-widget-heading\" data-id=\"60f54e83\" data-element_type=\"widget\" data-e-type=\"widget\" data-widget_type=\"heading.default\">\n\t\t\t\t<div class=\"elementor-widget-container\">\n\t\t\t\t\t<h4 class=\"elementor-heading-title elementor-size-default\">\u60a8\u7684\u62bc\u91d1\u4ece 99 \u6b27\u5143\u8d77<\/h4>\t\t\t\t<\/div>\n\t\t\t\t<\/div>\n\t\t\t\t<div class=\"elementor-element elementor-element-4002cd71 elementor-widget__width-auto elementor-widget-tablet__width-initial elementor-widget elementor-widget-heading\" data-id=\"4002cd71\" data-element_type=\"widget\" data-e-type=\"widget\" data-widget_type=\"heading.default\">\n\t\t\t\t<div class=\"elementor-widget-container\">\n\t\t\t\t\t<p class=\"elementor-heading-title elementor-size-default\">\u77e5\u8bc6\u4ea7\u6743\u4fdd\u62a4\u89e3\u51b3\u65b9\u6848<\/p>\t\t\t\t<\/div>\n\t\t\t\t<\/div>\n\t\t\t\t\t<\/div>\n\t\t<\/div>\n\t\t\t\t<div class=\"elementor-column elementor-col-50 elementor-top-column elementor-element elementor-element-65ddf7c0\" data-id=\"65ddf7c0\" data-element_type=\"column\" data-e-type=\"column\">\n\t\t\t<div class=\"elementor-widget-wrap elementor-element-populated\">\n\t\t\t\t\t\t<div class=\"elementor-element elementor-element-7abed13e elementor-align-center elementor-widget elementor-widget-global elementor-global-40197 elementor-global-32682 elementor-widget-button\" data-id=\"7abed13e\" data-element_type=\"widget\" data-e-type=\"widget\" data-settings=\"{&quot;_animation&quot;:&quot;none&quot;,&quot;_animation_delay&quot;:2700}\" data-widget_type=\"button.default\">\n\t\t\t\t<div class=\"elementor-widget-container\">\n\t\t\t\t\t\t\t\t\t<div class=\"elementor-button-wrapper\">\n\t\t\t\t\t<a class=\"elementor-button elementor-button-link elementor-size-md\" href=\"https:\/\/www.fidealis.com\/zh-hans\/%e6%b3%a8%e5%86%8c\/\">\n\t\t\t\t\t\t<span class=\"elementor-button-content-wrapper\">\n\t\t\t\t\t\t<span class=\"elementor-button-icon\">\n\t\t\t\t<svg aria-hidden=\"true\" class=\"e-font-icon-svg e-fas-balance-scale\" viewBox=\"0 0 640 512\" xmlns=\"http:\/\/www.w3.org\/2000\/svg\"><path d=\"M256 336h-.02c0-16.18 1.34-8.73-85.05-181.51-17.65-35.29-68.19-35.36-85.87 0C-2.06 328.75.02 320.33.02 336H0c0 44.18 57.31 80 128 80s128-35.82 128-80zM128 176l72 144H56l72-144zm511.98 160c0-16.18 1.34-8.73-85.05-181.51-17.65-35.29-68.19-35.36-85.87 0-87.12 174.26-85.04 165.84-85.04 181.51H384c0 44.18 57.31 80 128 80s128-35.82 128-80h-.02zM440 320l72-144 72 144H440zm88 128H352V153.25c23.51-10.29 41.16-31.48 46.39-57.25H528c8.84 0 16-7.16 16-16V48c0-8.84-7.16-16-16-16H383.64C369.04 12.68 346.09 0 320 0s-49.04 12.68-63.64 32H112c-8.84 0-16 7.16-16 16v32c0 8.84 7.16 16 16 16h129.61c5.23 25.76 22.87 46.96 46.39 57.25V448H112c-8.84 0-16 7.16-16 16v32c0 8.84 7.16 16 16 16h416c8.84 0 16-7.16 16-16v-32c0-8.84-7.16-16-16-16z\"><\/path><\/svg>\t\t\t<\/span>\n\t\t\t\t\t\t\t\t\t<span class=\"elementor-button-text\">\u7acb\u5373\u5b58\u6863<\/span>\n\t\t\t\t\t<\/span>\n\t\t\t\t\t<\/a>\n\t\t\t\t<\/div>\n\t\t\t\t\t\t\t\t<\/div>\n\t\t\t\t<\/div>\n\t\t\t\t\t<\/div>\n\t\t<\/div>\n\t\t\t\t\t<\/div>\n\t\t<\/section>\n\t\t\t\t\t<\/div>\n\t\t<\/div>\n\t\t\t\t\t<\/div>\n\t\t<\/section>\n\t\t\t\t<section class=\"elementor-section elementor-top-section elementor-element elementor-element-582b1130 elementor-section-boxed elementor-section-height-default elementor-section-height-default\" data-id=\"582b1130\" data-element_type=\"section\" data-e-type=\"section\" data-settings=\"{&quot;_ha_eqh_enable&quot;:false}\">\n\t\t\t\t\t\t<div class=\"elementor-container elementor-column-gap-default\">\n\t\t\t\t\t<div class=\"elementor-column elementor-col-50 elementor-top-column elementor-element elementor-element-c17666e\" data-id=\"c17666e\" data-element_type=\"column\" data-e-type=\"column\">\n\t\t\t<div class=\"elementor-widget-wrap elementor-element-populated\">\n\t\t\t\t\t\t<div class=\"elementor-element elementor-element-617c5211 elementor-widget elementor-widget-image\" data-id=\"617c5211\" data-element_type=\"widget\" data-e-type=\"widget\" data-widget_type=\"image.default\">\n\t\t\t\t<div class=\"elementor-widget-container\">\n\t\t\t\t\t\t\t\t\t\t\t\t\t\t\t<img fetchpriority=\"high\" decoding=\"async\" width=\"800\" height=\"534\" src=\"https:\/\/www.fidealis.com\/wp-content\/uploads\/2018\/06\/copyright-design.jpg\" class=\"attachment-large size-large wp-image-7497\" alt=\"Protection de design, comment faire ?\" srcset=\"https:\/\/www.fidealis.com\/wp-content\/uploads\/2018\/06\/copyright-design.jpg 1000w, https:\/\/www.fidealis.com\/wp-content\/uploads\/2018\/06\/copyright-design-300x200.jpg 300w, https:\/\/www.fidealis.com\/wp-content\/uploads\/2018\/06\/copyright-design-768x512.jpg 768w\" sizes=\"(max-width: 800px) 100vw, 800px\" \/>\t\t\t\t\t\t\t\t\t\t\t\t\t\t\t<\/div>\n\t\t\t\t<\/div>\n\t\t\t\t\t<\/div>\n\t\t<\/div>\n\t\t\t\t<div class=\"elementor-column elementor-col-50 elementor-top-column elementor-element elementor-element-31f0c068\" data-id=\"31f0c068\" data-element_type=\"column\" data-e-type=\"column\">\n\t\t\t<div class=\"elementor-widget-wrap elementor-element-populated\">\n\t\t\t\t\t\t<div class=\"elementor-element elementor-element-63852d8a elementor-widget elementor-widget-text-editor\" data-id=\"63852d8a\" data-element_type=\"widget\" data-e-type=\"widget\" data-widget_type=\"text-editor.default\">\n\t\t\t\t<div class=\"elementor-widget-container\">\n\t\t\t\t\t\t\t\t\t<p class=\"texte-accueil\"><strong>\u4e3a\u4ec0\u4e48\u8981\u6ce8\u518c\u8bbe\u8ba1\uff1f<\/strong> \u56e0\u4e3a\u516c\u53f8\u8d22\u5bcc\u7684\u57fa\u7840\u662f\u5176\u521b\u9020\u548c\u521b\u65b0\u80fd\u529b\u3002\u8981\u60f3\u5728\u7ade\u4e89\u4e2d\u8131\u9896\u800c\u51fa\uff0c\u5c31\u5fc5\u987b\u4fdd\u62a4\u8fd9\u79cd\u667a\u529b\u8d44\u672c\u3002 <\/p><p class=\"titre-accueil-3\"><strong>\u4e3a\u4ec0\u4e48\u8981\u6ce8\u518c\u5916\u89c2\u8bbe\u8ba1\uff1f\u6ce8\u518c\u7684\u9644\u52a0\u503c <\/strong><\/p><p class=\"texte-accueil\">\u8981\u4f7f\u7528\u62bc\u91d1\u4fdd\u62a4\u60a8\u7684\u6587\u4ef6\uff0c\u60a8\u5fc5\u987b\u8bc1\u660e\u60a8\u7684\u521b\u610f\u6216\u6587\u4ef6\u662f\u5728\u67d0\u4e00\u7279\u5b9a\u65e5\u671f\u4e4b\u540e\u4ea7\u751f\u7684\uff0c\u5e76\u8bc1\u660e\u6ce8\u518c\u65b9\u6cd5\u662f\u6b63\u786e\u7684\uff1a<\/p><p><span class=\"bold\">&#8211; \u4e0d\u53ef\u66f4\u6539<\/span>\uff1a\u7ed9\u4f60\u7684\u521b\u4f5c\u4e00\u4e2a\u7279\u5b9a\u7684\u65e5\u671f\u548c\u65f6\u95f4\u3001<\/p><p><span class=\"bold\">&#8211; \u6574\u5408<\/span>\uff1a\u786e\u4fdd\u60a8\u7684\u6587\u4ef6\u957f\u671f\u6709\u6548<\/p><p><span class=\"bold\">&#8211; \u4e0d\u53ef\u66f4\u6539<\/span>\uff1a\u8bc1\u660e\u4f60\u7684\u6587\u4ef6\u968f\u540e\u672a\u88ab\u4ee5\u4efb\u4f55\u65b9\u5f0f\u4fee\u6539\u8fc7\u3002<\/p><p class=\"texte-accueil\">\u5f97\u76ca\u4e8e\u6cd5\u56fd\u9002\u7528\u7684\u6cd5\u5f8b\uff0c\u901a\u8fc7\u5e94\u7528\u7535\u5b50\u7b7e\u540d\u548c\u8bc1\u4e66\uff0cFIDEALIS \u53ef\u4ee5\u5e2e\u52a9\u60a8\u5b89\u5168\u5730\u5236\u4f5c\u6240\u6709\u6587\u4ef6\u7684\u5728\u5148\u8bc1\u660e\uff08\u7248\u6743\uff09\u3002<\/p>\t\t\t\t\t\t\t\t<\/div>\n\t\t\t\t<\/div>\n\t\t\t\t\t<\/div>\n\t\t<\/div>\n\t\t\t\t\t<\/div>\n\t\t<\/section>\n\t\t<div class=\"elementor-element elementor-element-7aad4ba e-grid e-con-boxed e-con e-parent\" data-id=\"7aad4ba\" data-element_type=\"container\" data-e-type=\"container\" data-settings=\"{&quot;_ha_eqh_enable&quot;:false}\">\n\t\t\t\t\t<div class=\"e-con-inner\">\n\t\t\t\t<div class=\"elementor-element elementor-element-58473be elementor-widget elementor-widget-text-editor\" data-id=\"58473be\" data-element_type=\"widget\" data-e-type=\"widget\" data-widget_type=\"text-editor.default\">\n\t\t\t\t<div class=\"elementor-widget-container\">\n\t\t\t\t\t\t\t\t\t<p>\u4e86\u89e3\u5982\u4f55<a href=\"https:\/\/tarifs\/\" target=\"_blank\" rel=\"noopener noreferrer\">\u4f7f\u7528 Fidealis \u4fdd\u62a4\u60a8\u7684\u521b\u4f5c<\/a>\u3002<\/p><p><a href=\"https:\/\/www.inpi.fr\/\" target=\"_blank\" rel=\"noopener noreferrer\">\u5728 INPI \u7f51\u7ad9\u4e0a\u4e86\u89e3\u6709\u5173\u73b0\u6709\u6280\u672f\u8bc1\u660e\u7684<\/a>\u66f4\u591a\u4fe1\u606f\u3002<\/p>\t\t\t\t\t\t\t\t<\/div>\n\t\t\t\t<\/div>\n\t\t\t\t\t<\/div>\n\t\t\t\t<\/div>\n\t\t\t\t<\/div>\n\t\t","protected":false},"excerpt":{"rendered":"<p>Votre d\u00e9p\u00f4t \u00e0 partir de 99\u20ac \u77e5\u8bc6\u4ea7\u6743\u4fdd\u62a4\u89e3\u51b3\u65b9\u6848 D\u00c9POSER MAINTENA [&hellip;]<\/p>\n","protected":false},"author":3,"featured_media":0,"parent":0,"menu_order":0,"comment_status":"closed","ping_status":"closed","template":"elementor_header_footer","meta":{"footnotes":""},"class_list":["post-40177","page","type-page","status-publish","hentry"],"_links":{"self":[{"href":"https:\/\/www.fidealis.com\/zh-hans\/wp-json\/wp\/v2\/pages\/40177","targetHints":{"allow":["GET"]}}],"collection":[{"href":"https:\/\/www.fidealis.com\/zh-hans\/wp-json\/wp\/v2\/pages"}],"about":[{"href":"https:\/\/www.fidealis.com\/zh-hans\/wp-json\/wp\/v2\/types\/page"}],"author":[{"embeddable":true,"href":"https:\/\/www.fidealis.com\/zh-hans\/wp-json\/wp\/v2\/users\/3"}],"replies":[{"embeddable":true,"href":"https:\/\/www.fidealis.com\/zh-hans\/wp-json\/wp\/v2\/comments?post=40177"}],"version-history":[{"count":1,"href":"https:\/\/www.fidealis.com\/zh-hans\/wp-json\/wp\/v2\/pages\/40177\/revisions"}],"predecessor-version":[{"id":40178,"href":"https:\/\/www.fidealis.com\/zh-hans\/wp-json\/wp\/v2\/pages\/40177\/revisions\/40178"}],"wp:attachment":[{"href":"https:\/\/www.fidealis.com\/zh-hans\/wp-json\/wp\/v2\/media?parent=40177"}],"curies":[{"name":"wp","href":"https:\/\/api.w.org\/{rel}","templated":true}]}}